{"id":117,"date":"2024-07-09T13:04:10","date_gmt":"2024-07-09T13:04:10","guid":{"rendered":"https:\/\/isr.edu.ar\/isr27\/?page_id=117"},"modified":"2024-12-30T12:16:54","modified_gmt":"2024-12-30T12:16:54","slug":"torneos","status":"publish","type":"page","link":"https:\/\/isr.edu.ar\/isr27\/torneos\/","title":{"rendered":"Torneos"},"content":{"rendered":"\t\t<div data-elementor-type=\"wp-page\" data-elementor-id=\"117\" class=\"elementor elementor-117\" data-elementor-post-type=\"page\">\n\t\t\t\t<div class=\"elementor-element elementor-element-1e665d4 e-flex e-con-boxed e-con e-parent\" data-id=\"1e665d4\" data-element_type=\"container\">\n\t\t\t\t\t<div class=\"e-con-inner\">\n\t\t<div class=\"elementor-element elementor-element-56be6cd e-con-full e-flex e-con e-child\" data-id=\"56be6cd\" data-element_type=\"container\">\n\t\t\t\t<div class=\"elementor-element elementor-element-952295b elementor-widget elementor-widget-heading\" data-id=\"952295b\" data-element_type=\"widget\" data-widget_type=\"heading.default\">\n\t\t\t\t<div class=\"elementor-widget-container\">\n\t\t\t\t\t<h2 class=\"elementor-heading-title elementor-size-default\">areas complementarias<\/h2>\t\t\t\t<\/div>\n\t\t\t\t<\/div>\n\t\t\t\t<\/div>\n\t\t\t\t\t<\/div>\n\t\t\t\t<\/div>\n\t\t<div class=\"elementor-element elementor-element-5b49162 e-flex e-con-boxed e-con e-parent\" data-id=\"5b49162\" data-element_type=\"container\">\n\t\t\t\t\t<div class=\"e-con-inner\">\n\t\t<div class=\"elementor-element elementor-element-96b5122 e-con-full e-flex e-con e-child\" data-id=\"96b5122\" data-element_type=\"container\">\n\t\t\t\t<div class=\"elementor-element elementor-element-5495573 elementor-widget elementor-widget-heading\" data-id=\"5495573\" data-element_type=\"widget\" data-widget_type=\"heading.default\">\n\t\t\t\t<div class=\"elementor-widget-container\">\n\t\t\t\t\t<h2 class=\"elementor-heading-title elementor-size-default\">Competencias FICDA<\/h2>\t\t\t\t<\/div>\n\t\t\t\t<\/div>\n\t\t\t\t<\/div>\n\t\t\t\t\t<\/div>\n\t\t\t\t<\/div>\n\t\t<div class=\"elementor-element elementor-element-b055876 e-flex e-con-boxed e-con e-parent\" data-id=\"b055876\" data-element_type=\"container\">\n\t\t\t\t\t<div class=\"e-con-inner\">\n\t\t<div class=\"elementor-element elementor-element-42b34583 e-con-full e-flex e-con e-child\" data-id=\"42b34583\" data-element_type=\"container\">\n\t\t<div class=\"elementor-element elementor-element-7db804ae e-con-full e-flex e-con e-child\" data-id=\"7db804ae\" data-element_type=\"container\">\n\t\t\t\t<div class=\"elementor-element elementor-element-49b19cc0 elementor-widget elementor-widget-text-editor\" data-id=\"49b19cc0\" data-element_type=\"widget\" data-widget_type=\"text-editor.default\">\n\t\t\t\t<div class=\"elementor-widget-container\">\n\t\t\t\t\t\t\t\t\t<p>Complementamos la formaci\u00f3n escolar con la actividad deportiva mediante la pr\u00e1ctica de deportes colectivos resaltando el valor del trabajo en equipo, la colaboraci\u00f3n, el compromiso con el grupo y el esfuerzo en conjunto.<\/p><p><span style=\"font-family: var( --e-global-typography-primary-font-family ), Sans-serif; font-size: var( --e-global-typography-primary-font-size ); font-style: var( --e-global-typography-primary-font-style ); font-weight: var( --e-global-typography-primary-font-weight ); letter-spacing: var( --e-global-typography-primary-letter-spacing ); text-transform: var( --e-global-typography-primary-text-transform ); text-align: var(--text-align); color: var( --e-global-color-text );\">Quienes deseen participar de los equipos que nos representan pueden optar por:\u00a0<strong>Handbol<\/strong> (divididos en varones y mujeres)\u00a0 o <strong>Basquetbol, Futbol y Voleibol\u00a0<\/strong> (mixto).\u00a0<\/span><\/p><p>Los equipos tienen entrenamientos semanales en el gimnasio del colegio o en las instalaciones de Parque Norte y participan en los torneos que organiza la FICDA (Federaci\u00f3n Intercolegial Cat\u00f3lica Deportiva Argentina), de la cual somos socios fundadores.<\/p>\t\t\t\t\t\t\t\t<\/div>\n\t\t\t\t<\/div>\n\t\t\t\t<\/div>\n\t\t<div class=\"elementor-element elementor-element-238c63f9 e-con-full e-flex e-con e-child\" data-id=\"238c63f9\" data-element_type=\"container\">\n\t\t\t\t<div class=\"elementor-element elementor-element-22cd3439 elementor-widget elementor-widget-image\" data-id=\"22cd3439\" data-element_type=\"widget\" data-widget_type=\"image.default\">\n\t\t\t\t<div class=\"elementor-widget-container\">\n\t\t\t\t\t\t\t\t\t\t\t\t\t\t\t<img decoding=\"async\" src=\"https:\/\/isr.edu.ar\/isr27\/wp-content\/uploads\/elementor\/thumbs\/ed_0-qvxkemtumn4x7kx37854b83tar0h5larhaqk9h2zgq.jpg\" title=\"ed_0\" alt=\"ed_0\" loading=\"lazy\" \/>\t\t\t\t\t\t\t\t\t\t\t\t\t\t\t<\/div>\n\t\t\t\t<\/div>\n\t\t\t\t<\/div>\n\t\t\t\t<\/div>\n\t\t\t\t\t<\/div>\n\t\t\t\t<\/div>\n\t\t<div class=\"elementor-element elementor-element-12a0d0bb e-con-full e-flex e-con e-parent\" data-id=\"12a0d0bb\" data-element_type=\"container\">\n\t\t\t\t<div class=\"elementor-element elementor-element-234e612a elementor-invisible elementor-widget elementor-widget-gallery\" data-id=\"234e612a\" data-element_type=\"widget\" data-settings=\"{&quot;gap&quot;:{&quot;unit&quot;:&quot;px&quot;,&quot;size&quot;:0,&quot;sizes&quot;:[]},&quot;aspect_ratio&quot;:&quot;1:1&quot;,&quot;image_hover_animation&quot;:&quot;shrink-contained&quot;,&quot;_animation&quot;:&quot;fadeIn&quot;,&quot;lazyload&quot;:&quot;yes&quot;,&quot;gallery_layout&quot;:&quot;grid&quot;,&quot;columns&quot;:4,&quot;columns_tablet&quot;:2,&quot;columns_mobile&quot;:1,&quot;gap_tablet&quot;:{&quot;unit&quot;:&quot;px&quot;,&quot;size&quot;:10,&quot;sizes&quot;:[]},&quot;gap_mobile&quot;:{&quot;unit&quot;:&quot;px&quot;,&quot;size&quot;:10,&quot;sizes&quot;:[]},&quot;link_to&quot;:&quot;file&quot;,&quot;overlay_background&quot;:&quot;yes&quot;,&quot;content_hover_animation&quot;:&quot;fade-in&quot;}\" data-widget_type=\"gallery.default\">\n\t\t\t\t<div class=\"elementor-widget-container\">\n\t\t\t\t\t\t\t<div class=\"elementor-gallery__container\">\n\t\t\t\t\t\t\t<a class=\"e-gallery-item elementor-gallery-item elementor-animated-content\" href=\"https:\/\/isr.edu.ar\/isr27\/wp-content\/uploads\/2024\/10\/pf-m-2.jpg\">\n\t\t\t\t\t<div class=\"e-gallery-image elementor-gallery-item__image\" data-thumbnail=\"https:\/\/isr.edu.ar\/isr27\/wp-content\/uploads\/2024\/10\/pf-m-2.jpg\" data-width=\"600\" data-height=\"600\" aria-label=\"\" role=\"img\" ><\/div>\n\t\t\t\t\t\t\t\t\t\t\t<div class=\"elementor-gallery-item__overlay\"><\/div>\n\t\t\t\t\t\t\t\t\t\t\t\t\t\t<\/a>\n\t\t\t\t\t\t\t<a class=\"e-gallery-item elementor-gallery-item elementor-animated-content\" href=\"https:\/\/isr.edu.ar\/isr27\/wp-content\/uploads\/2024\/10\/pf-m-3.jpg\">\n\t\t\t\t\t<div class=\"e-gallery-image elementor-gallery-item__image\" data-thumbnail=\"https:\/\/isr.edu.ar\/isr27\/wp-content\/uploads\/2024\/10\/pf-m-3.jpg\" data-width=\"600\" data-height=\"600\" aria-label=\"\" role=\"img\" ><\/div>\n\t\t\t\t\t\t\t\t\t\t\t<div class=\"elementor-gallery-item__overlay\"><\/div>\n\t\t\t\t\t\t\t\t\t\t\t\t\t\t<\/a>\n\t\t\t\t\t\t\t<a class=\"e-gallery-item elementor-gallery-item elementor-animated-content\" href=\"https:\/\/isr.edu.ar\/isr27\/wp-content\/uploads\/2024\/10\/pf-m-4.jpg\">\n\t\t\t\t\t<div class=\"e-gallery-image elementor-gallery-item__image\" data-thumbnail=\"https:\/\/isr.edu.ar\/isr27\/wp-content\/uploads\/2024\/10\/pf-m-4.jpg\" data-width=\"600\" data-height=\"600\" aria-label=\"\" role=\"img\" ><\/div>\n\t\t\t\t\t\t\t\t\t\t\t<div class=\"elementor-gallery-item__overlay\"><\/div>\n\t\t\t\t\t\t\t\t\t\t\t\t\t\t<\/a>\n\t\t\t\t\t\t\t<a class=\"e-gallery-item elementor-gallery-item elementor-animated-content\" href=\"https:\/\/isr.edu.ar\/isr27\/wp-content\/uploads\/2024\/10\/pf-m-5.jpg\">\n\t\t\t\t\t<div class=\"e-gallery-image elementor-gallery-item__image\" data-thumbnail=\"https:\/\/isr.edu.ar\/isr27\/wp-content\/uploads\/2024\/10\/pf-m-5.jpg\" data-width=\"600\" data-height=\"600\" aria-label=\"\" role=\"img\" ><\/div>\n\t\t\t\t\t\t\t\t\t\t\t<div class=\"elementor-gallery-item__overlay\"><\/div>\n\t\t\t\t\t\t\t\t\t\t\t\t\t\t<\/a>\n\t\t\t\t\t<\/div>\n\t\t\t\t\t<\/div>\n\t\t\t\t<\/div>\n\t\t\t\t<\/div>\n\t\t\t\t<\/div>\n\t\t","protected":false},"excerpt":{"rendered":"<p>areas complementarias Competencias FICDA Complementamos la formaci\u00f3n escolar con la actividad deportiva mediante la pr\u00e1ctica de deportes colectivos resaltando el valor del trabajo en equipo, la colaboraci\u00f3n, el compromiso con el grupo y el esfuerzo en conjunto. Quienes deseen participar de los equipos que nos representan pueden optar por:\u00a0Handbol (divididos en varones y mujeres)\u00a0 o [&hellip;]<\/p>\n","protected":false},"author":2,"featured_media":0,"parent":0,"menu_order":0,"comment_status":"closed","ping_status":"closed","template":"","meta":{"footnotes":""},"class_list":["post-117","page","type-page","status-publish","hentry"],"_links":{"self":[{"href":"https:\/\/isr.edu.ar\/isr27\/wp-json\/wp\/v2\/pages\/117","targetHints":{"allow":["GET"]}}],"collection":[{"href":"https:\/\/isr.edu.ar\/isr27\/wp-json\/wp\/v2\/pages"}],"about":[{"href":"https:\/\/isr.edu.ar\/isr27\/wp-json\/wp\/v2\/types\/page"}],"author":[{"embeddable":true,"href":"https:\/\/isr.edu.ar\/isr27\/wp-json\/wp\/v2\/users\/2"}],"replies":[{"embeddable":true,"href":"https:\/\/isr.edu.ar\/isr27\/wp-json\/wp\/v2\/comments?post=117"}],"version-history":[{"count":22,"href":"https:\/\/isr.edu.ar\/isr27\/wp-json\/wp\/v2\/pages\/117\/revisions"}],"predecessor-version":[{"id":5697,"href":"https:\/\/isr.edu.ar\/isr27\/wp-json\/wp\/v2\/pages\/117\/revisions\/5697"}],"wp:attachment":[{"href":"https:\/\/isr.edu.ar\/isr27\/wp-json\/wp\/v2\/media?parent=117"}],"curies":[{"name":"wp","href":"https:\/\/api.w.org\/{rel}","templated":true}]}}