{"id":16,"date":"2024-07-09T12:40:14","date_gmt":"2024-07-09T12:40:14","guid":{"rendered":"https:\/\/isr.edu.ar\/isr27\/?page_id=16"},"modified":"2024-12-30T11:51:58","modified_gmt":"2024-12-30T11:51:58","slug":"areas-de-trabajo","status":"publish","type":"page","link":"https:\/\/isr.edu.ar\/isr27\/areas-de-trabajo\/","title":{"rendered":"\u00c1reas Complementarias"},"content":{"rendered":"\t\t<div data-elementor-type=\"wp-page\" data-elementor-id=\"16\" class=\"elementor elementor-16\" data-elementor-post-type=\"page\">\n\t\t\t\t<div class=\"elementor-element elementor-element-037e02e e-flex e-con-boxed e-con e-parent\" data-id=\"037e02e\" data-element_type=\"container\">\n\t\t\t\t\t<div class=\"e-con-inner\">\n\t\t<div class=\"elementor-element elementor-element-15c8967 e-con-full e-flex e-con e-child\" data-id=\"15c8967\" data-element_type=\"container\">\n\t\t\t\t<div class=\"elementor-element elementor-element-2569be6 elementor-widget elementor-widget-heading\" data-id=\"2569be6\" data-element_type=\"widget\" data-widget_type=\"heading.default\">\n\t\t\t\t<div class=\"elementor-widget-container\">\n\t\t\t\t\t<h2 class=\"elementor-heading-title elementor-size-default\">areas complementarias<\/h2>\t\t\t\t<\/div>\n\t\t\t\t<\/div>\n\t\t\t\t<\/div>\n\t\t\t\t\t<\/div>\n\t\t\t\t<\/div>\n\t\t<div class=\"elementor-element elementor-element-52f1ee15 e-flex e-con-boxed e-con e-parent\" data-id=\"52f1ee15\" data-element_type=\"container\">\n\t\t\t\t\t<div class=\"e-con-inner\">\n\t\t<div class=\"elementor-element elementor-element-47423b62 e-con-full e-flex e-con e-child\" data-id=\"47423b62\" data-element_type=\"container\">\n\t\t<div class=\"elementor-element elementor-element-c26ff33 e-con-full e-flex e-con e-child\" data-id=\"c26ff33\" data-element_type=\"container\">\n\t\t\t\t<div class=\"elementor-element elementor-element-38e1a215 elementor-widget elementor-widget-text-editor\" data-id=\"38e1a215\" data-element_type=\"widget\" data-widget_type=\"text-editor.default\">\n\t\t\t\t<div class=\"elementor-widget-container\">\n\t\t\t\t\t\t\t\t\t<p><img decoding=\"async\" class=\"alignnone wp-image-1884\" src=\"https:\/\/isr.edu.ar\/isr27\/wp-content\/uploads\/2024\/09\/RIGHT_25X20.jpg\" alt=\"\" width=\"17\" height=\"15\" \/>Educaci\u00f3n en la Fe<\/p><p><img decoding=\"async\" class=\"alignnone wp-image-1884\" src=\"https:\/\/isr.edu.ar\/isr27\/wp-content\/uploads\/2024\/09\/RIGHT_25X20.jpg\" alt=\"\" width=\"17\" height=\"15\" \/>Ingl\u00e9s<\/p><p><img decoding=\"async\" class=\"alignnone wp-image-1884\" src=\"https:\/\/isr.edu.ar\/isr27\/wp-content\/uploads\/2024\/09\/RIGHT_25X20.jpg\" alt=\"\" width=\"17\" height=\"15\" \/>Educaci\u00f3n F\u00edsica<\/p><p><img decoding=\"async\" class=\"alignnone wp-image-1884\" src=\"https:\/\/isr.edu.ar\/isr27\/wp-content\/uploads\/2024\/09\/RIGHT_25X20.jpg\" alt=\"\" width=\"17\" height=\"15\" \/>Psicopedagog\u00eda<\/p><p><img decoding=\"async\" class=\"alignnone wp-image-1884\" src=\"https:\/\/isr.edu.ar\/isr27\/wp-content\/uploads\/2024\/09\/RIGHT_25X20.jpg\" alt=\"\" width=\"17\" height=\"15\" \/>Programa Cultural Asuncionista<\/p><p><img decoding=\"async\" class=\"alignnone wp-image-1884\" src=\"https:\/\/isr.edu.ar\/isr27\/wp-content\/uploads\/2024\/09\/RIGHT_25X20.jpg\" alt=\"\" width=\"17\" height=\"15\" \/>Escuelas Verdes<\/p><p><img decoding=\"async\" class=\"alignnone wp-image-1884\" src=\"https:\/\/isr.edu.ar\/isr27\/wp-content\/uploads\/2024\/09\/RIGHT_25X20.jpg\" alt=\"\" width=\"17\" height=\"15\" \/>Comedor<\/p>\t\t\t\t\t\t\t\t<\/div>\n\t\t\t\t<\/div>\n\t\t\t\t<\/div>\n\t\t<div class=\"elementor-element elementor-element-133e0a1d e-con-full e-flex e-con e-child\" data-id=\"133e0a1d\" data-element_type=\"container\">\n\t\t\t\t<div class=\"elementor-element elementor-element-484359dd elementor-widget elementor-widget-image\" data-id=\"484359dd\" data-element_type=\"widget\" data-widget_type=\"image.default\">\n\t\t\t\t<div class=\"elementor-widget-container\">\n\t\t\t\t\t\t\t\t\t\t\t\t\t\t\t<img decoding=\"async\" src=\"https:\/\/isr.edu.ar\/isr27\/wp-content\/uploads\/elementor\/thumbs\/00-qvhwo18bg9cxqvyherupchvtcwih3d56kcrswg36ru.jpg\" title=\"00\" alt=\"00\" loading=\"lazy\" \/>\t\t\t\t\t\t\t\t\t\t\t\t\t\t\t<\/div>\n\t\t\t\t<\/div>\n\t\t\t\t<\/div>\n\t\t\t\t<\/div>\n\t\t\t\t\t<\/div>\n\t\t\t\t<\/div>\n\t\t<div class=\"elementor-element elementor-element-57ed8fa9 e-con-full e-flex e-con e-parent\" data-id=\"57ed8fa9\" data-element_type=\"container\">\n\t\t\t\t<div class=\"elementor-element elementor-element-26af84e0 elementor-widget elementor-widget-gallery\" data-id=\"26af84e0\" data-element_type=\"widget\" data-settings=\"{&quot;gap&quot;:{&quot;unit&quot;:&quot;px&quot;,&quot;size&quot;:0,&quot;sizes&quot;:[]},&quot;aspect_ratio&quot;:&quot;1:1&quot;,&quot;lazyload&quot;:&quot;yes&quot;,&quot;gallery_layout&quot;:&quot;grid&quot;,&quot;columns&quot;:4,&quot;columns_tablet&quot;:2,&quot;columns_mobile&quot;:1,&quot;gap_tablet&quot;:{&quot;unit&quot;:&quot;px&quot;,&quot;size&quot;:10,&quot;sizes&quot;:[]},&quot;gap_mobile&quot;:{&quot;unit&quot;:&quot;px&quot;,&quot;size&quot;:10,&quot;sizes&quot;:[]},&quot;link_to&quot;:&quot;file&quot;,&quot;overlay_background&quot;:&quot;yes&quot;,&quot;content_hover_animation&quot;:&quot;fade-in&quot;}\" data-widget_type=\"gallery.default\">\n\t\t\t\t<div class=\"elementor-widget-container\">\n\t\t\t\t\t\t\t<div class=\"elementor-gallery__container\">\n\t\t\t\t\t\t\t<a class=\"e-gallery-item elementor-gallery-item elementor-animated-content\" href=\"https:\/\/isr.edu.ar\/isr27\/wp-content\/uploads\/2024\/10\/2-600x600-1.jpg\">\n\t\t\t\t\t<div class=\"e-gallery-image elementor-gallery-item__image\" data-thumbnail=\"https:\/\/isr.edu.ar\/isr27\/wp-content\/uploads\/2024\/10\/2-600x600-1.jpg\" data-width=\"600\" data-height=\"600\" aria-label=\"\" role=\"img\" ><\/div>\n\t\t\t\t\t\t\t\t\t\t\t<div class=\"elementor-gallery-item__overlay\"><\/div>\n\t\t\t\t\t\t\t\t\t\t\t\t\t\t<\/a>\n\t\t\t\t\t\t\t<a class=\"e-gallery-item elementor-gallery-item elementor-animated-content\" href=\"https:\/\/isr.edu.ar\/isr27\/wp-content\/uploads\/2024\/10\/4-600x600-1.jpg\">\n\t\t\t\t\t<div class=\"e-gallery-image elementor-gallery-item__image\" data-thumbnail=\"https:\/\/isr.edu.ar\/isr27\/wp-content\/uploads\/2024\/10\/4-600x600-1.jpg\" data-width=\"600\" data-height=\"600\" aria-label=\"\" role=\"img\" ><\/div>\n\t\t\t\t\t\t\t\t\t\t\t<div class=\"elementor-gallery-item__overlay\"><\/div>\n\t\t\t\t\t\t\t\t\t\t\t\t\t\t<\/a>\n\t\t\t\t\t\t\t<a class=\"e-gallery-item elementor-gallery-item elementor-animated-content\" href=\"https:\/\/isr.edu.ar\/isr27\/wp-content\/uploads\/2024\/10\/5-600x600-1.jpg\">\n\t\t\t\t\t<div class=\"e-gallery-image elementor-gallery-item__image\" data-thumbnail=\"https:\/\/isr.edu.ar\/isr27\/wp-content\/uploads\/2024\/10\/5-600x600-1.jpg\" data-width=\"600\" data-height=\"600\" aria-label=\"\" role=\"img\" ><\/div>\n\t\t\t\t\t\t\t\t\t\t\t<div class=\"elementor-gallery-item__overlay\"><\/div>\n\t\t\t\t\t\t\t\t\t\t\t\t\t\t<\/a>\n\t\t\t\t\t\t\t<a class=\"e-gallery-item elementor-gallery-item elementor-animated-content\" href=\"https:\/\/isr.edu.ar\/isr27\/wp-content\/uploads\/2024\/10\/6-600x600-1.jpg\">\n\t\t\t\t\t<div class=\"e-gallery-image elementor-gallery-item__image\" data-thumbnail=\"https:\/\/isr.edu.ar\/isr27\/wp-content\/uploads\/2024\/10\/6-600x600-1.jpg\" data-width=\"600\" data-height=\"600\" aria-label=\"\" role=\"img\" ><\/div>\n\t\t\t\t\t\t\t\t\t\t\t<div class=\"elementor-gallery-item__overlay\"><\/div>\n\t\t\t\t\t\t\t\t\t\t\t\t\t\t<\/a>\n\t\t\t\t\t<\/div>\n\t\t\t\t\t<\/div>\n\t\t\t\t<\/div>\n\t\t\t\t<\/div>\n\t\t\t\t<\/div>\n\t\t","protected":false},"excerpt":{"rendered":"<p>areas complementarias Educaci\u00f3n en la Fe Ingl\u00e9s Educaci\u00f3n F\u00edsica Psicopedagog\u00eda Programa Cultural Asuncionista Escuelas Verdes Comedor<\/p>\n","protected":false},"author":2,"featured_media":0,"parent":0,"menu_order":0,"comment_status":"closed","ping_status":"closed","template":"","meta":{"footnotes":""},"class_list":["post-16","page","type-page","status-publish","hentry"],"_links":{"self":[{"href":"https:\/\/isr.edu.ar\/isr27\/wp-json\/wp\/v2\/pages\/16","targetHints":{"allow":["GET"]}}],"collection":[{"href":"https:\/\/isr.edu.ar\/isr27\/wp-json\/wp\/v2\/pages"}],"about":[{"href":"https:\/\/isr.edu.ar\/isr27\/wp-json\/wp\/v2\/types\/page"}],"author":[{"embeddable":true,"href":"https:\/\/isr.edu.ar\/isr27\/wp-json\/wp\/v2\/users\/2"}],"replies":[{"embeddable":true,"href":"https:\/\/isr.edu.ar\/isr27\/wp-json\/wp\/v2\/comments?post=16"}],"version-history":[{"count":29,"href":"https:\/\/isr.edu.ar\/isr27\/wp-json\/wp\/v2\/pages\/16\/revisions"}],"predecessor-version":[{"id":5679,"href":"https:\/\/isr.edu.ar\/isr27\/wp-json\/wp\/v2\/pages\/16\/revisions\/5679"}],"wp:attachment":[{"href":"https:\/\/isr.edu.ar\/isr27\/wp-json\/wp\/v2\/media?parent=16"}],"curies":[{"name":"wp","href":"https:\/\/api.w.org\/{rel}","templated":true}]}}