{"id":2184,"date":"2024-09-24T11:04:42","date_gmt":"2024-09-24T11:04:42","guid":{"rendered":"https:\/\/isr.edu.ar\/isr27\/?page_id=2184"},"modified":"2024-12-30T12:18:12","modified_gmt":"2024-12-30T12:18:12","slug":"deportes-2","status":"publish","type":"page","link":"https:\/\/isr.edu.ar\/isr27\/deportes-2\/","title":{"rendered":"Educaci\u00f3n F\u00edsica"},"content":{"rendered":"\t\t<div data-elementor-type=\"wp-page\" data-elementor-id=\"2184\" class=\"elementor elementor-2184\" data-elementor-post-type=\"page\">\n\t\t\t\t<div class=\"elementor-element elementor-element-3003a62 e-flex e-con-boxed e-con e-parent\" data-id=\"3003a62\" data-element_type=\"container\">\n\t\t\t\t\t<div class=\"e-con-inner\">\n\t\t<div class=\"elementor-element elementor-element-7cf238e e-con-full e-flex e-con e-child\" data-id=\"7cf238e\" data-element_type=\"container\">\n\t\t\t\t<div class=\"elementor-element elementor-element-4e7c380 elementor-widget elementor-widget-heading\" data-id=\"4e7c380\" data-element_type=\"widget\" data-widget_type=\"heading.default\">\n\t\t\t\t<div class=\"elementor-widget-container\">\n\t\t\t\t\t<h2 class=\"elementor-heading-title elementor-size-default\">areas complementarias<\/h2>\t\t\t\t<\/div>\n\t\t\t\t<\/div>\n\t\t\t\t<\/div>\n\t\t\t\t\t<\/div>\n\t\t\t\t<\/div>\n\t\t<div class=\"elementor-element elementor-element-daede50 e-flex e-con-boxed e-con e-parent\" data-id=\"daede50\" data-element_type=\"container\">\n\t\t\t\t\t<div class=\"e-con-inner\">\n\t\t<div class=\"elementor-element elementor-element-c3663a1 e-con-full e-flex e-con e-child\" data-id=\"c3663a1\" data-element_type=\"container\">\n\t\t\t\t<div class=\"elementor-element elementor-element-990aa70 elementor-widget elementor-widget-heading\" data-id=\"990aa70\" data-element_type=\"widget\" data-widget_type=\"heading.default\">\n\t\t\t\t<div class=\"elementor-widget-container\">\n\t\t\t\t\t<h2 class=\"elementor-heading-title elementor-size-default\">Educaci\u00f3n F\u00edsica<\/h2>\t\t\t\t<\/div>\n\t\t\t\t<\/div>\n\t\t\t\t<\/div>\n\t\t\t\t\t<\/div>\n\t\t\t\t<\/div>\n\t\t<div class=\"elementor-element elementor-element-2ae9c82a e-flex e-con-boxed e-con e-parent\" data-id=\"2ae9c82a\" data-element_type=\"container\" data-settings=\"{&quot;background_background&quot;:&quot;classic&quot;}\">\n\t\t\t\t\t<div class=\"e-con-inner\">\n\t\t<div class=\"elementor-element elementor-element-fc10385 e-con-full e-flex e-con e-child\" data-id=\"fc10385\" data-element_type=\"container\">\n\t\t<div class=\"elementor-element elementor-element-20c6c25 e-con-full e-flex e-con e-child\" data-id=\"20c6c25\" data-element_type=\"container\">\n\t\t\t\t<div class=\"elementor-element elementor-element-1f62385d elementor-widget elementor-widget-text-editor\" data-id=\"1f62385d\" data-element_type=\"widget\" data-widget_type=\"text-editor.default\">\n\t\t\t\t<div class=\"elementor-widget-container\">\n\t\t\t\t\t\t\t\t\t<p>El deporte es una herramienta formativa, que permite conocer profundamente a cada persona a trav\u00e9s de sus acciones y reacciones, por eso elegimos los deportes de conjunto, ya que ense\u00f1an a actuar solidariamente en un marco de respeto por el otro.<\/p><p>Los deportes que se ense\u00f1an y practican en las clases regulares y nos representan en nuestras Selecciones Deportivas son:<\/p><p><img decoding=\"async\" class=\"alignnone wp-image-1884\" src=\"https:\/\/isr.edu.ar\/isr27\/wp-content\/uploads\/2024\/09\/RIGHT_25X20.jpg\" alt=\"\" width=\"20\" height=\"18\" \/>H\u00e1ndbol y V\u00f3leibol para las mujeres.<\/p><p><img decoding=\"async\" class=\"alignnone wp-image-1884\" src=\"https:\/\/isr.edu.ar\/isr27\/wp-content\/uploads\/2024\/09\/RIGHT_25X20.jpg\" alt=\"\" width=\"20\" height=\"18\" \/>B\u00e1squetbol, F\u00fatbol y H\u00e1ndbol para los varones.<\/p>\t\t\t\t\t\t\t\t<\/div>\n\t\t\t\t<\/div>\n\t\t\t\t<\/div>\n\t\t<div class=\"elementor-element elementor-element-6cdc9160 e-con-full e-flex e-con e-child\" data-id=\"6cdc9160\" data-element_type=\"container\">\n\t\t\t\t<div class=\"elementor-element elementor-element-3e658765 elementor-widget elementor-widget-image\" data-id=\"3e658765\" data-element_type=\"widget\" data-widget_type=\"image.default\">\n\t\t\t\t<div class=\"elementor-widget-container\">\n\t\t\t\t\t\t\t\t\t\t\t\t\t\t\t<img decoding=\"async\" src=\"https:\/\/isr.edu.ar\/isr27\/wp-content\/uploads\/elementor\/thumbs\/ef_1-quj27esgx5vc9sa6qcg5f4f3s9h6odll80t7di70ne.jpg\" title=\"ef_1\" alt=\"ef_1\" loading=\"lazy\" \/>\t\t\t\t\t\t\t\t\t\t\t\t\t\t\t<\/div>\n\t\t\t\t<\/div>\n\t\t\t\t<\/div>\n\t\t\t\t<\/div>\n\t\t\t\t\t<\/div>\n\t\t\t\t<\/div>\n\t\t<div class=\"elementor-element elementor-element-a5574e5 e-flex e-con-boxed e-con e-parent\" data-id=\"a5574e5\" data-element_type=\"container\">\n\t\t\t\t\t<div class=\"e-con-inner\">\n\t\t<div class=\"elementor-element elementor-element-38b8e31 e-con-full e-flex e-con e-child\" data-id=\"38b8e31\" data-element_type=\"container\">\n\t\t\t\t<div class=\"elementor-element elementor-element-28eb4b6 elementor-widget elementor-widget-heading\" data-id=\"28eb4b6\" data-element_type=\"widget\" data-widget_type=\"heading.default\">\n\t\t\t\t<div class=\"elementor-widget-container\">\n\t\t\t\t\t<h2 class=\"elementor-heading-title elementor-size-default\">Nivel Inicial<\/h2>\t\t\t\t<\/div>\n\t\t\t\t<\/div>\n\t\t\t\t<\/div>\n\t\t\t\t\t<\/div>\n\t\t\t\t<\/div>\n\t\t<div class=\"elementor-element elementor-element-f8c0af8 e-flex e-con-boxed e-con e-parent\" data-id=\"f8c0af8\" data-element_type=\"container\">\n\t\t\t\t\t<div class=\"e-con-inner\">\n\t\t<div class=\"elementor-element elementor-element-5dd500f e-con-full e-flex e-con e-child\" data-id=\"5dd500f\" data-element_type=\"container\">\n\t\t<div class=\"elementor-element elementor-element-404e55c e-con-full e-flex e-con e-child\" data-id=\"404e55c\" data-element_type=\"container\">\n\t\t\t\t<div class=\"elementor-element elementor-element-01568d7 elementor-widget elementor-widget-text-editor\" data-id=\"01568d7\" data-element_type=\"widget\" data-widget_type=\"text-editor.default\">\n\t\t\t\t<div class=\"elementor-widget-container\">\n\t\t\t\t\t\t\t\t\t<p style=\"letter-spacing: 0.6px;\">Desde las salas de dos a\u00f1os hasta los preescolares, tenemos nuestro doble est\u00edmulo de Educaci\u00f3n F\u00edsica.\u00a0<\/p><p style=\"letter-spacing: 0.6px;\">Adem\u00e1s con los preescolares realizamos un est\u00edmulo m\u00e1s por la tarde, articulando una actividad de iniciaci\u00f3n deportiva que continuar\u00e1 en el nivel primario.\u00a0<\/p>\t\t\t\t\t\t\t\t<\/div>\n\t\t\t\t<\/div>\n\t\t\t\t<\/div>\n\t\t<div class=\"elementor-element elementor-element-7768baa e-con-full e-flex e-con e-child\" data-id=\"7768baa\" data-element_type=\"container\">\n\t\t\t\t<div class=\"elementor-element elementor-element-b3eb1b8 elementor-widget elementor-widget-image\" data-id=\"b3eb1b8\" data-element_type=\"widget\" data-widget_type=\"image.default\">\n\t\t\t\t<div class=\"elementor-widget-container\">\n\t\t\t\t\t\t\t\t\t\t\t\t\t\t\t<img decoding=\"async\" src=\"https:\/\/isr.edu.ar\/isr27\/wp-content\/uploads\/elementor\/thumbs\/ini_1-1-qul3rlfbhv19o9nb71da6v21ccwwlqphbbfxlrpekq.jpg\" title=\"ini_1\" alt=\"ini_1\" loading=\"lazy\" \/>\t\t\t\t\t\t\t\t\t\t\t\t\t\t\t<\/div>\n\t\t\t\t<\/div>\n\t\t\t\t<\/div>\n\t\t\t\t<\/div>\n\t\t\t\t\t<\/div>\n\t\t\t\t<\/div>\n\t\t<div class=\"elementor-element elementor-element-c584f3c e-flex e-con-boxed e-con e-parent\" data-id=\"c584f3c\" data-element_type=\"container\">\n\t\t\t\t\t<div class=\"e-con-inner\">\n\t\t<div class=\"elementor-element elementor-element-c235041 e-con-full e-flex e-con e-child\" data-id=\"c235041\" data-element_type=\"container\">\n\t\t\t\t<div class=\"elementor-element elementor-element-1bbc223 elementor-widget elementor-widget-heading\" data-id=\"1bbc223\" data-element_type=\"widget\" data-widget_type=\"heading.default\">\n\t\t\t\t<div class=\"elementor-widget-container\">\n\t\t\t\t\t<h2 class=\"elementor-heading-title elementor-size-default\">Nivel Primario<\/h2>\t\t\t\t<\/div>\n\t\t\t\t<\/div>\n\t\t\t\t<\/div>\n\t\t\t\t\t<\/div>\n\t\t\t\t<\/div>\n\t\t<div class=\"elementor-element elementor-element-bd9f74b e-flex e-con-boxed e-con e-parent\" data-id=\"bd9f74b\" data-element_type=\"container\">\n\t\t\t\t\t<div class=\"e-con-inner\">\n\t\t<div class=\"elementor-element elementor-element-4bbd20c e-con-full e-flex e-con e-child\" data-id=\"4bbd20c\" data-element_type=\"container\">\n\t\t<div class=\"elementor-element elementor-element-a372cca e-con-full e-flex e-con e-child\" data-id=\"a372cca\" data-element_type=\"container\">\n\t\t\t\t<div class=\"elementor-element elementor-element-a35a71b elementor-widget elementor-widget-text-editor\" data-id=\"a35a71b\" data-element_type=\"widget\" data-widget_type=\"text-editor.default\">\n\t\t\t\t<div class=\"elementor-widget-container\">\n\t\t\t\t\t\t\t\t\t<p>Adem\u00e1s de nuestras actividades curriculares, con dos est\u00edmulos semanales por la ma\u00f1ana, contamos con un doble est\u00edmulo por la tarde, en las instalaciones de Parque Norte, donde realizamos un trabajo coherente y articulado, teniendo en cuenta las instalaciones donde trabajamos.<\/p><p>Tambi\u00e9n contamos con las escuelas de iniciaci\u00f3n deportiva, desde primero a s\u00e9ptimo grado, \u00e9ste trabajo va de lo deportivo en general y termina en sexto y s\u00e9ptimo, donde nuestros alumnos eligen un deporte y se especializan en \u00e9l; teniendo, de esta manera, nuestra cantera para los deportes que se realizan en el nivel medio.<\/p>\t\t\t\t\t\t\t\t<\/div>\n\t\t\t\t<\/div>\n\t\t\t\t<\/div>\n\t\t<div class=\"elementor-element elementor-element-b520039 e-con-full e-flex e-con e-child\" data-id=\"b520039\" data-element_type=\"container\">\n\t\t\t\t<div class=\"elementor-element elementor-element-4110701 elementor-widget elementor-widget-image\" data-id=\"4110701\" data-element_type=\"widget\" data-widget_type=\"image.default\">\n\t\t\t\t<div class=\"elementor-widget-container\">\n\t\t\t\t\t\t\t\t\t\t\t\t\t\t\t<img decoding=\"async\" src=\"https:\/\/isr.edu.ar\/isr27\/wp-content\/uploads\/elementor\/thumbs\/ef_p_1-qul3w41ec77vgt33thnqo80s40neldn1loaxmn0aoa.jpg\" title=\"ef_p_1\" alt=\"ef_p_1\" loading=\"lazy\" \/>\t\t\t\t\t\t\t\t\t\t\t\t\t\t\t<\/div>\n\t\t\t\t<\/div>\n\t\t\t\t<\/div>\n\t\t\t\t<\/div>\n\t\t\t\t\t<\/div>\n\t\t\t\t<\/div>\n\t\t<div class=\"elementor-element elementor-element-0f0ae76 e-flex e-con-boxed e-con e-parent\" data-id=\"0f0ae76\" data-element_type=\"container\">\n\t\t\t\t\t<div class=\"e-con-inner\">\n\t\t<div class=\"elementor-element elementor-element-9e85ba6 e-con-full e-flex e-con e-child\" data-id=\"9e85ba6\" data-element_type=\"container\">\n\t\t\t\t<div class=\"elementor-element elementor-element-9b6a4a1 elementor-widget elementor-widget-heading\" data-id=\"9b6a4a1\" data-element_type=\"widget\" data-widget_type=\"heading.default\">\n\t\t\t\t<div class=\"elementor-widget-container\">\n\t\t\t\t\t<h2 class=\"elementor-heading-title elementor-size-default\">Nivel Medio<\/h2>\t\t\t\t<\/div>\n\t\t\t\t<\/div>\n\t\t\t\t<\/div>\n\t\t\t\t\t<\/div>\n\t\t\t\t<\/div>\n\t\t<div class=\"elementor-element elementor-element-c023380 e-flex e-con-boxed e-con e-parent\" data-id=\"c023380\" data-element_type=\"container\">\n\t\t\t\t\t<div class=\"e-con-inner\">\n\t\t<div class=\"elementor-element elementor-element-6ac28b9 e-con-full e-flex e-con e-child\" data-id=\"6ac28b9\" data-element_type=\"container\">\n\t\t<div class=\"elementor-element elementor-element-ec79a68 e-con-full e-flex e-con e-child\" data-id=\"ec79a68\" data-element_type=\"container\">\n\t\t\t\t<div class=\"elementor-element elementor-element-567a3d9 elementor-widget elementor-widget-text-editor\" data-id=\"567a3d9\" data-element_type=\"widget\" data-widget_type=\"text-editor.default\">\n\t\t\t\t<div class=\"elementor-widget-container\">\n\t\t\t\t\t\t\t\t\t<p style=\"letter-spacing: 0.6px;\">El objetivo es lograr que adquieran los conocimientos, t\u00e9cnicas y conceptos que, puestos en pr\u00e1ctica a trav\u00e9s del entrenamiento peri\u00f3dico, le permitan estimular primero su crecimiento y maduraci\u00f3n y mejorar capacidades, para luego poder mantener una m\u00ednima aptitud f\u00edsica durante toda su vida.<\/p><p style=\"letter-spacing: 0.6px;\"><strong><img decoding=\"async\" class=\"alignnone wp-image-1884\" src=\"https:\/\/isr.edu.ar\/isr27\/wp-content\/uploads\/2024\/09\/RIGHT_25X20.jpg\" alt=\"\" width=\"20\" height=\"18\" \/>Clases regulares:<\/strong> el alumno asiste a dos sesiones semanales de 60 minutos cada una ejercitando tanto el aspecto f\u00edsico como el deportivo.<\/p><p style=\"letter-spacing: 0.6px;\"><strong><img decoding=\"async\" class=\"alignnone wp-image-1884\" src=\"https:\/\/isr.edu.ar\/isr27\/wp-content\/uploads\/2024\/09\/RIGHT_25X20.jpg\" alt=\"\" width=\"20\" height=\"18\" \/>Selecciones deportivas:<\/strong> el alumno asiste a dos sesiones semanales de 90 minutos cada una, y a un encuentro deportivo semanal. Esto le permite especializarse en el deporte elegido, ser representante del Instituto y participar de las <strong>competencias intercolegiales<\/strong>.<\/p>\t\t\t\t\t\t\t\t<\/div>\n\t\t\t\t<\/div>\n\t\t\t\t<\/div>\n\t\t<div class=\"elementor-element elementor-element-3e50023 e-con-full e-flex e-con e-child\" data-id=\"3e50023\" data-element_type=\"container\">\n\t\t\t\t<div class=\"elementor-element elementor-element-041dbc4 elementor-widget elementor-widget-image\" data-id=\"041dbc4\" data-element_type=\"widget\" data-widget_type=\"image.default\">\n\t\t\t\t<div class=\"elementor-widget-container\">\n\t\t\t\t\t\t\t\t\t\t\t\t\t\t\t<img decoding=\"async\" src=\"https:\/\/isr.edu.ar\/isr27\/wp-content\/uploads\/elementor\/thumbs\/ef_m_3-qul41cyyhweiafgo69br3ecfigs6kjh3bnfj3985xm.jpg\" title=\"ef_m_3\" alt=\"ef_m_3\" loading=\"lazy\" \/>\t\t\t\t\t\t\t\t\t\t\t\t\t\t\t<\/div>\n\t\t\t\t<\/div>\n\t\t\t\t<\/div>\n\t\t\t\t<\/div>\n\t\t\t\t\t<\/div>\n\t\t\t\t<\/div>\n\t\t<div class=\"elementor-element elementor-element-5fa6994e e-con-full e-flex e-con e-parent\" data-id=\"5fa6994e\" data-element_type=\"container\">\n\t\t\t\t<div class=\"elementor-element elementor-element-45f6bfdf elementor-invisible elementor-widget elementor-widget-gallery\" data-id=\"45f6bfdf\" data-element_type=\"widget\" data-settings=\"{&quot;gap&quot;:{&quot;unit&quot;:&quot;px&quot;,&quot;size&quot;:0,&quot;sizes&quot;:[]},&quot;aspect_ratio&quot;:&quot;1:1&quot;,&quot;image_hover_animation&quot;:&quot;grow&quot;,&quot;_animation&quot;:&quot;fadeIn&quot;,&quot;lazyload&quot;:&quot;yes&quot;,&quot;gallery_layout&quot;:&quot;grid&quot;,&quot;columns&quot;:4,&quot;columns_tablet&quot;:2,&quot;columns_mobile&quot;:1,&quot;gap_tablet&quot;:{&quot;unit&quot;:&quot;px&quot;,&quot;size&quot;:10,&quot;sizes&quot;:[]},&quot;gap_mobile&quot;:{&quot;unit&quot;:&quot;px&quot;,&quot;size&quot;:10,&quot;sizes&quot;:[]},&quot;link_to&quot;:&quot;file&quot;,&quot;overlay_background&quot;:&quot;yes&quot;,&quot;content_hover_animation&quot;:&quot;fade-in&quot;}\" data-widget_type=\"gallery.default\">\n\t\t\t\t<div class=\"elementor-widget-container\">\n\t\t\t\t\t\t\t<div class=\"elementor-gallery__container\">\n\t\t\t\t\t\t\t<a class=\"e-gallery-item elementor-gallery-item elementor-animated-content\" href=\"https:\/\/isr.edu.ar\/isr27\/wp-content\/uploads\/2024\/09\/pf-m-2-1.jpg\">\n\t\t\t\t\t<div class=\"e-gallery-image elementor-gallery-item__image\" data-thumbnail=\"https:\/\/isr.edu.ar\/isr27\/wp-content\/uploads\/2024\/09\/pf-m-2-1.jpg\" data-width=\"600\" data-height=\"600\" aria-label=\"\" role=\"img\" ><\/div>\n\t\t\t\t\t\t\t\t\t\t\t<div class=\"elementor-gallery-item__overlay\"><\/div>\n\t\t\t\t\t\t\t\t\t\t\t\t\t\t<\/a>\n\t\t\t\t\t\t\t<a class=\"e-gallery-item elementor-gallery-item elementor-animated-content\" href=\"https:\/\/isr.edu.ar\/isr27\/wp-content\/uploads\/2024\/09\/pf-p-6.jpg\">\n\t\t\t\t\t<div class=\"e-gallery-image elementor-gallery-item__image\" data-thumbnail=\"https:\/\/isr.edu.ar\/isr27\/wp-content\/uploads\/2024\/09\/pf-p-6.jpg\" data-width=\"600\" data-height=\"600\" aria-label=\"\" role=\"img\" ><\/div>\n\t\t\t\t\t\t\t\t\t\t\t<div class=\"elementor-gallery-item__overlay\"><\/div>\n\t\t\t\t\t\t\t\t\t\t\t\t\t\t<\/a>\n\t\t\t\t\t\t\t<a class=\"e-gallery-item elementor-gallery-item elementor-animated-content\" href=\"https:\/\/isr.edu.ar\/isr27\/wp-content\/uploads\/2024\/09\/pf-m-5-1.jpg\">\n\t\t\t\t\t<div class=\"e-gallery-image elementor-gallery-item__image\" data-thumbnail=\"https:\/\/isr.edu.ar\/isr27\/wp-content\/uploads\/2024\/09\/pf-m-5-1.jpg\" data-width=\"600\" data-height=\"600\" aria-label=\"\" role=\"img\" ><\/div>\n\t\t\t\t\t\t\t\t\t\t\t<div class=\"elementor-gallery-item__overlay\"><\/div>\n\t\t\t\t\t\t\t\t\t\t\t\t\t\t<\/a>\n\t\t\t\t\t\t\t<a class=\"e-gallery-item elementor-gallery-item elementor-animated-content\" href=\"https:\/\/isr.edu.ar\/isr27\/wp-content\/uploads\/2024\/10\/ef_4.jpg\">\n\t\t\t\t\t<div class=\"e-gallery-image elementor-gallery-item__image\" data-thumbnail=\"https:\/\/isr.edu.ar\/isr27\/wp-content\/uploads\/2024\/10\/ef_4.jpg\" data-width=\"600\" data-height=\"600\" aria-label=\"\" role=\"img\" ><\/div>\n\t\t\t\t\t\t\t\t\t\t\t<div class=\"elementor-gallery-item__overlay\"><\/div>\n\t\t\t\t\t\t\t\t\t\t\t\t\t\t<\/a>\n\t\t\t\t\t<\/div>\n\t\t\t\t\t<\/div>\n\t\t\t\t<\/div>\n\t\t\t\t<\/div>\n\t\t\t\t<\/div>\n\t\t","protected":false},"excerpt":{"rendered":"<p>areas complementarias Educaci\u00f3n F\u00edsica El deporte es una herramienta formativa, que permite conocer profundamente a cada persona a trav\u00e9s de sus acciones y reacciones, por eso elegimos los deportes de conjunto, ya que ense\u00f1an a actuar solidariamente en un marco de respeto por el otro. Los deportes que se ense\u00f1an y practican en las clases [&hellip;]<\/p>\n","protected":false},"author":2,"featured_media":0,"parent":0,"menu_order":0,"comment_status":"closed","ping_status":"closed","template":"","meta":{"footnotes":""},"class_list":["post-2184","page","type-page","status-publish","hentry"],"_links":{"self":[{"href":"https:\/\/isr.edu.ar\/isr27\/wp-json\/wp\/v2\/pages\/2184","targetHints":{"allow":["GET"]}}],"collection":[{"href":"https:\/\/isr.edu.ar\/isr27\/wp-json\/wp\/v2\/pages"}],"about":[{"href":"https:\/\/isr.edu.ar\/isr27\/wp-json\/wp\/v2\/types\/page"}],"author":[{"embeddable":true,"href":"https:\/\/isr.edu.ar\/isr27\/wp-json\/wp\/v2\/users\/2"}],"replies":[{"embeddable":true,"href":"https:\/\/isr.edu.ar\/isr27\/wp-json\/wp\/v2\/comments?post=2184"}],"version-history":[{"count":34,"href":"https:\/\/isr.edu.ar\/isr27\/wp-json\/wp\/v2\/pages\/2184\/revisions"}],"predecessor-version":[{"id":5706,"href":"https:\/\/isr.edu.ar\/isr27\/wp-json\/wp\/v2\/pages\/2184\/revisions\/5706"}],"wp:attachment":[{"href":"https:\/\/isr.edu.ar\/isr27\/wp-json\/wp\/v2\/media?parent=2184"}],"curies":[{"name":"wp","href":"https:\/\/api.w.org\/{rel}","templated":true}]}}