{"id":2780,"date":"2024-10-12T12:10:36","date_gmt":"2024-10-12T12:10:36","guid":{"rendered":"https:\/\/isr.edu.ar\/isr27\/?page_id=2780"},"modified":"2025-12-17T12:48:35","modified_gmt":"2025-12-17T12:48:35","slug":"formularios-admisiones","status":"publish","type":"page","link":"https:\/\/isr.edu.ar\/isr27\/formularios-admisiones\/","title":{"rendered":"Admisiones y Formularios"},"content":{"rendered":"\t\t<div data-elementor-type=\"wp-page\" data-elementor-id=\"2780\" class=\"elementor elementor-2780\" data-elementor-post-type=\"page\">\n\t\t\t\t<div class=\"elementor-element elementor-element-57359615 e-flex e-con-boxed e-con e-parent\" data-id=\"57359615\" data-element_type=\"container\">\n\t\t\t\t\t<div class=\"e-con-inner\">\n\t\t<div class=\"elementor-element elementor-element-ea3928f e-con-full e-flex e-con e-child\" data-id=\"ea3928f\" data-element_type=\"container\">\n\t\t<div class=\"elementor-element elementor-element-5ac890c5 e-con-full e-flex e-con e-child\" data-id=\"5ac890c5\" data-element_type=\"container\">\n\t\t\t\t<div class=\"elementor-element elementor-element-51fa3b05 elementor-widget elementor-widget-heading\" data-id=\"51fa3b05\" data-element_type=\"widget\" data-widget_type=\"heading.default\">\n\t\t\t\t<div class=\"elementor-widget-container\">\n\t\t\t\t\t<h2 class=\"elementor-heading-title elementor-size-default\">admisiones y formularios<\/h2>\t\t\t\t<\/div>\n\t\t\t\t<\/div>\n\t\t\t\t<\/div>\n\t\t\t\t<\/div>\n\t\t\t\t\t<\/div>\n\t\t\t\t<\/div>\n\t\t<div class=\"elementor-element elementor-element-7c93a61 e-flex e-con-boxed e-con e-parent\" data-id=\"7c93a61\" data-element_type=\"container\">\n\t\t\t\t\t<div class=\"e-con-inner\">\n\t\t<div class=\"elementor-element elementor-element-7da5894 e-con-full e-flex e-con e-child\" data-id=\"7da5894\" data-element_type=\"container\">\n\t\t<div class=\"elementor-element elementor-element-b4e1a76 e-con-full e-flex e-con e-child\" data-id=\"b4e1a76\" data-element_type=\"container\">\n\t\t\t\t<div class=\"elementor-element elementor-element-4332ee0 elementor-widget elementor-widget-heading\" data-id=\"4332ee0\" data-element_type=\"widget\" data-widget_type=\"heading.default\">\n\t\t\t\t<div class=\"elementor-widget-container\">\n\t\t\t\t\t<h2 class=\"elementor-heading-title elementor-size-default\">Formularios para Descargar<\/h2>\t\t\t\t<\/div>\n\t\t\t\t<\/div>\n\t\t\t\t<\/div>\n\t\t\t\t<\/div>\n\t\t\t\t\t<\/div>\n\t\t\t\t<\/div>\n\t\t<div class=\"elementor-element elementor-element-24058ef e-flex e-con-boxed e-con e-parent\" data-id=\"24058ef\" data-element_type=\"container\" data-settings=\"{&quot;background_background&quot;:&quot;slideshow&quot;,&quot;background_slideshow_gallery&quot;:[],&quot;background_slideshow_loop&quot;:&quot;yes&quot;,&quot;background_slideshow_slide_duration&quot;:5000,&quot;background_slideshow_slide_transition&quot;:&quot;fade&quot;,&quot;background_slideshow_transition_duration&quot;:500}\">\n\t\t\t\t\t<div class=\"e-con-inner\">\n\t\t<div class=\"elementor-element elementor-element-852dd97 e-con-full e-flex e-con e-child\" data-id=\"852dd97\" data-element_type=\"container\">\n\t\t<div class=\"elementor-element elementor-element-a0710eb e-con-full e-flex e-con e-child\" data-id=\"a0710eb\" data-element_type=\"container\">\n\t\t\t\t<div class=\"elementor-element elementor-element-dbd959c elementor-widget elementor-widget-heading\" data-id=\"dbd959c\" data-element_type=\"widget\" data-widget_type=\"heading.default\">\n\t\t\t\t<div class=\"elementor-widget-container\">\n\t\t\t\t\t<h2 class=\"elementor-heading-title elementor-size-default\">Inicial<\/h2>\t\t\t\t<\/div>\n\t\t\t\t<\/div>\n\t\t\t\t<div class=\"elementor-element elementor-element-0245fe3 elementor-widget__width-initial elementor-widget elementor-widget-button\" data-id=\"0245fe3\" data-element_type=\"widget\" data-widget_type=\"button.default\">\n\t\t\t\t<div class=\"elementor-widget-container\">\n\t\t\t\t\t\t\t\t\t<div class=\"elementor-button-wrapper\">\n\t\t\t\t\t<a class=\"elementor-button elementor-button-link elementor-size-sm\" href=\"https:\/\/isr.edu.ar\/isr27\/wp-content\/uploads\/2024\/12\/25_I_FICHA-DE-DATOS-INICIAL.pdf\" target=\"_blank\">\n\t\t\t\t\t\t<span class=\"elementor-button-content-wrapper\">\n\t\t\t\t\t\t\t\t\t<span class=\"elementor-button-text\">FICHA DE DATOS<\/span>\n\t\t\t\t\t<\/span>\n\t\t\t\t\t<\/a>\n\t\t\t\t<\/div>\n\t\t\t\t\t\t\t\t<\/div>\n\t\t\t\t<\/div>\n\t\t\t\t<div class=\"elementor-element elementor-element-1e20bb0 elementor-widget elementor-widget-button\" data-id=\"1e20bb0\" data-element_type=\"widget\" data-widget_type=\"button.default\">\n\t\t\t\t<div class=\"elementor-widget-container\">\n\t\t\t\t\t\t\t\t\t<div class=\"elementor-button-wrapper\">\n\t\t\t\t\t<a class=\"elementor-button elementor-button-link elementor-size-sm\" href=\"https:\/\/forms.gle\/uS6zSRXMdtfCvhEa7\">\n\t\t\t\t\t\t<span class=\"elementor-button-content-wrapper\">\n\t\t\t\t\t\t\t\t\t<span class=\"elementor-button-text\">FICHA  PSICOPEDAGOGIA<\/span>\n\t\t\t\t\t<\/span>\n\t\t\t\t\t<\/a>\n\t\t\t\t<\/div>\n\t\t\t\t\t\t\t\t<\/div>\n\t\t\t\t<\/div>\n\t\t\t\t<div class=\"elementor-element elementor-element-efc9eb0 elementor-widget elementor-widget-button\" data-id=\"efc9eb0\" data-element_type=\"widget\" data-widget_type=\"button.default\">\n\t\t\t\t<div class=\"elementor-widget-container\">\n\t\t\t\t\t\t\t\t\t<div class=\"elementor-button-wrapper\">\n\t\t\t\t\t<a class=\"elementor-button elementor-button-link elementor-size-sm\" href=\"https:\/\/isr.edu.ar\/isr27\/wp-content\/uploads\/2025\/12\/26_M_FICHA-ANTECEDENTES-SALUD-SECUNDARIO.pdf\">\n\t\t\t\t\t\t<span class=\"elementor-button-content-wrapper\">\n\t\t\t\t\t\t\t\t\t<span class=\"elementor-button-text\">FICHA MEDICA<\/span>\n\t\t\t\t\t<\/span>\n\t\t\t\t\t<\/a>\n\t\t\t\t<\/div>\n\t\t\t\t\t\t\t\t<\/div>\n\t\t\t\t<\/div>\n\t\t\t\t<div class=\"elementor-element elementor-element-2d016df elementor-widget__width-initial elementor-widget elementor-widget-button\" data-id=\"2d016df\" data-element_type=\"widget\" data-widget_type=\"button.default\">\n\t\t\t\t<div class=\"elementor-widget-container\">\n\t\t\t\t\t\t\t\t\t<div class=\"elementor-button-wrapper\">\n\t\t\t\t\t<a class=\"elementor-button elementor-button-link elementor-size-sm\" href=\"https:\/\/isr.edu.ar\/isr27\/wp-content\/uploads\/2024\/12\/25_AUTORIZACION-CAMBIO-DE-PANALES.pdf\" target=\"_blank\">\n\t\t\t\t\t\t<span class=\"elementor-button-content-wrapper\">\n\t\t\t\t\t\t\t\t\t<span class=\"elementor-button-text\">AUT.CAMBIO PA\u00d1ALES \/ HIGIENE<\/span>\n\t\t\t\t\t<\/span>\n\t\t\t\t\t<\/a>\n\t\t\t\t<\/div>\n\t\t\t\t\t\t\t\t<\/div>\n\t\t\t\t<\/div>\n\t\t\t\t<div class=\"elementor-element elementor-element-728df8b elementor-widget elementor-widget-button\" data-id=\"728df8b\" data-element_type=\"widget\" data-widget_type=\"button.default\">\n\t\t\t\t<div class=\"elementor-widget-container\">\n\t\t\t\t\t\t\t\t\t<div class=\"elementor-button-wrapper\">\n\t\t\t\t\t<a class=\"elementor-button elementor-button-link elementor-size-sm\" href=\"https:\/\/isr.edu.ar\/isr27\/wp-content\/uploads\/2024\/12\/25_I_-NOTA-ADHESION-REGLAMENTO_C.pdf\">\n\t\t\t\t\t\t<span class=\"elementor-button-content-wrapper\">\n\t\t\t\t\t\t\t\t\t<span class=\"elementor-button-text\">NOTA DE ADHESI\u00d3N Y CONFORMIDAD <\/span>\n\t\t\t\t\t<\/span>\n\t\t\t\t\t<\/a>\n\t\t\t\t<\/div>\n\t\t\t\t\t\t\t\t<\/div>\n\t\t\t\t<\/div>\n\t\t\t\t<\/div>\n\t\t\t\t<\/div>\n\t\t<div class=\"elementor-element elementor-element-cb404b4 e-con-full e-flex e-con e-child\" data-id=\"cb404b4\" data-element_type=\"container\">\n\t\t<div class=\"elementor-element elementor-element-dfb041f e-con-full e-flex e-con e-child\" data-id=\"dfb041f\" data-element_type=\"container\">\n\t\t\t\t<div class=\"elementor-element elementor-element-bc4a9fd elementor-widget elementor-widget-heading\" data-id=\"bc4a9fd\" data-element_type=\"widget\" data-widget_type=\"heading.default\">\n\t\t\t\t<div class=\"elementor-widget-container\">\n\t\t\t\t\t<h2 class=\"elementor-heading-title elementor-size-default\">Primario<\/h2>\t\t\t\t<\/div>\n\t\t\t\t<\/div>\n\t\t\t\t<div class=\"elementor-element elementor-element-57722e6 elementor-widget elementor-widget-button\" data-id=\"57722e6\" data-element_type=\"widget\" data-widget_type=\"button.default\">\n\t\t\t\t<div class=\"elementor-widget-container\">\n\t\t\t\t\t\t\t\t\t<div class=\"elementor-button-wrapper\">\n\t\t\t\t\t<a class=\"elementor-button elementor-button-link elementor-size-sm\" href=\"https:\/\/isr.edu.ar\/isr27\/wp-content\/uploads\/2024\/12\/25_P_FICHA-DE-DATOS.pdf\">\n\t\t\t\t\t\t<span class=\"elementor-button-content-wrapper\">\n\t\t\t\t\t\t\t\t\t<span class=\"elementor-button-text\">FICHA DE DATOS<\/span>\n\t\t\t\t\t<\/span>\n\t\t\t\t\t<\/a>\n\t\t\t\t<\/div>\n\t\t\t\t\t\t\t\t<\/div>\n\t\t\t\t<\/div>\n\t\t\t\t<div class=\"elementor-element elementor-element-2b7c1f5 elementor-widget elementor-widget-button\" data-id=\"2b7c1f5\" data-element_type=\"widget\" data-widget_type=\"button.default\">\n\t\t\t\t<div class=\"elementor-widget-container\">\n\t\t\t\t\t\t\t\t\t<div class=\"elementor-button-wrapper\">\n\t\t\t\t\t<a class=\"elementor-button elementor-button-link elementor-size-sm\" href=\"https:\/\/docs.google.com\/forms\/d\/e\/1FAIpQLSfWOTr0rmkWWnpgqEIzO6vSh4Ii-Z4WadeiaXi8Pa1kovek2Q\/viewform\">\n\t\t\t\t\t\t<span class=\"elementor-button-content-wrapper\">\n\t\t\t\t\t\t\t\t\t<span class=\"elementor-button-text\">FICHA PSICOPEDAGOGIA<\/span>\n\t\t\t\t\t<\/span>\n\t\t\t\t\t<\/a>\n\t\t\t\t<\/div>\n\t\t\t\t\t\t\t\t<\/div>\n\t\t\t\t<\/div>\n\t\t\t\t<div class=\"elementor-element elementor-element-1f8a0e5 elementor-widget elementor-widget-button\" data-id=\"1f8a0e5\" data-element_type=\"widget\" data-widget_type=\"button.default\">\n\t\t\t\t<div class=\"elementor-widget-container\">\n\t\t\t\t\t\t\t\t\t<div class=\"elementor-button-wrapper\">\n\t\t\t\t\t<a class=\"elementor-button elementor-button-link elementor-size-sm\" href=\"https:\/\/isr.edu.ar\/isr27\/wp-content\/uploads\/2025\/12\/26_M_FICHA-ANTECEDENTES-SALUD-SECUNDARIO.pdf\">\n\t\t\t\t\t\t<span class=\"elementor-button-content-wrapper\">\n\t\t\t\t\t\t\t\t\t<span class=\"elementor-button-text\">FICHA MEDICA<\/span>\n\t\t\t\t\t<\/span>\n\t\t\t\t\t<\/a>\n\t\t\t\t<\/div>\n\t\t\t\t\t\t\t\t<\/div>\n\t\t\t\t<\/div>\n\t\t\t\t<div class=\"elementor-element elementor-element-2da92a1 elementor-widget elementor-widget-button\" data-id=\"2da92a1\" data-element_type=\"widget\" data-widget_type=\"button.default\">\n\t\t\t\t<div class=\"elementor-widget-container\">\n\t\t\t\t\t\t\t\t\t<div class=\"elementor-button-wrapper\">\n\t\t\t\t\t<a class=\"elementor-button elementor-button-link elementor-size-sm\" href=\"https:\/\/isr.edu.ar\/isr27\/wp-content\/uploads\/2024\/12\/25_P_AUTORIZACION-ANUAL.pdf\">\n\t\t\t\t\t\t<span class=\"elementor-button-content-wrapper\">\n\t\t\t\t\t\t\t\t\t<span class=\"elementor-button-text\">AUTORIZACION ANUAL <\/span>\n\t\t\t\t\t<\/span>\n\t\t\t\t\t<\/a>\n\t\t\t\t<\/div>\n\t\t\t\t\t\t\t\t<\/div>\n\t\t\t\t<\/div>\n\t\t\t\t<div class=\"elementor-element elementor-element-dae6d94 elementor-widget elementor-widget-button\" data-id=\"dae6d94\" data-element_type=\"widget\" data-widget_type=\"button.default\">\n\t\t\t\t<div class=\"elementor-widget-container\">\n\t\t\t\t\t\t\t\t\t<div class=\"elementor-button-wrapper\">\n\t\t\t\t\t<a class=\"elementor-button elementor-button-link elementor-size-sm\" href=\"https:\/\/isr.edu.ar\/isr27\/wp-content\/uploads\/2024\/12\/25_P_-NOTA-ADHESION-REGLAMENTO_C.pdf\">\n\t\t\t\t\t\t<span class=\"elementor-button-content-wrapper\">\n\t\t\t\t\t\t\t\t\t<span class=\"elementor-button-text\">NOTA DE ADHESI\u00d3N Y CONFORMIDAD<\/span>\n\t\t\t\t\t<\/span>\n\t\t\t\t\t<\/a>\n\t\t\t\t<\/div>\n\t\t\t\t\t\t\t\t<\/div>\n\t\t\t\t<\/div>\n\t\t\t\t<\/div>\n\t\t\t\t<\/div>\n\t\t<div class=\"elementor-element elementor-element-d1f3971 e-con-full e-flex e-con e-child\" data-id=\"d1f3971\" data-element_type=\"container\">\n\t\t<div class=\"elementor-element elementor-element-cca5ff3 e-con-full e-flex e-con e-child\" data-id=\"cca5ff3\" data-element_type=\"container\">\n\t\t\t\t<div class=\"elementor-element elementor-element-ed93f5c elementor-widget elementor-widget-heading\" data-id=\"ed93f5c\" data-element_type=\"widget\" data-widget_type=\"heading.default\">\n\t\t\t\t<div class=\"elementor-widget-container\">\n\t\t\t\t\t<h2 class=\"elementor-heading-title elementor-size-default\">Medio<\/h2>\t\t\t\t<\/div>\n\t\t\t\t<\/div>\n\t\t\t\t<div class=\"elementor-element elementor-element-726e216 elementor-widget elementor-widget-button\" data-id=\"726e216\" data-element_type=\"widget\" data-widget_type=\"button.default\">\n\t\t\t\t<div class=\"elementor-widget-container\">\n\t\t\t\t\t\t\t\t\t<div class=\"elementor-button-wrapper\">\n\t\t\t\t\t<a class=\"elementor-button elementor-button-link elementor-size-sm\" href=\"https:\/\/isr.edu.ar\/isr27\/wp-content\/uploads\/2025\/12\/26_M_FICHA-DE-DATOS-ANUAL-SECUNDARIA.pdf\">\n\t\t\t\t\t\t<span class=\"elementor-button-content-wrapper\">\n\t\t\t\t\t\t\t\t\t<span class=\"elementor-button-text\">FICHA DE DATOS<\/span>\n\t\t\t\t\t<\/span>\n\t\t\t\t\t<\/a>\n\t\t\t\t<\/div>\n\t\t\t\t\t\t\t\t<\/div>\n\t\t\t\t<\/div>\n\t\t\t\t<div class=\"elementor-element elementor-element-554410a elementor-widget elementor-widget-button\" data-id=\"554410a\" data-element_type=\"widget\" data-widget_type=\"button.default\">\n\t\t\t\t<div class=\"elementor-widget-container\">\n\t\t\t\t\t\t\t\t\t<div class=\"elementor-button-wrapper\">\n\t\t\t\t\t<a class=\"elementor-button elementor-button-link elementor-size-sm\" href=\"https:\/\/docs.google.com\/forms\/d\/e\/1FAIpQLSeJf_kTQTAZLOucAwp2OTTEdzx1iPs8IT7V1YfVCx4r-elOww\/viewform\">\n\t\t\t\t\t\t<span class=\"elementor-button-content-wrapper\">\n\t\t\t\t\t\t\t\t\t<span class=\"elementor-button-text\">FICHA PSICOPEDAGOGIA<\/span>\n\t\t\t\t\t<\/span>\n\t\t\t\t\t<\/a>\n\t\t\t\t<\/div>\n\t\t\t\t\t\t\t\t<\/div>\n\t\t\t\t<\/div>\n\t\t\t\t<div class=\"elementor-element elementor-element-3523196 elementor-widget elementor-widget-button\" data-id=\"3523196\" data-element_type=\"widget\" data-widget_type=\"button.default\">\n\t\t\t\t<div class=\"elementor-widget-container\">\n\t\t\t\t\t\t\t\t\t<div class=\"elementor-button-wrapper\">\n\t\t\t\t\t<a class=\"elementor-button elementor-button-link elementor-size-sm\" href=\"https:\/\/isr.edu.ar\/isr27\/wp-content\/uploads\/2025\/12\/26_M_FICHA-ANTECEDENTES-SALUD-SECUNDARIO.pdf\">\n\t\t\t\t\t\t<span class=\"elementor-button-content-wrapper\">\n\t\t\t\t\t\t\t\t\t<span class=\"elementor-button-text\">FICHA MEDICA<\/span>\n\t\t\t\t\t<\/span>\n\t\t\t\t\t<\/a>\n\t\t\t\t<\/div>\n\t\t\t\t\t\t\t\t<\/div>\n\t\t\t\t<\/div>\n\t\t\t\t<div class=\"elementor-element elementor-element-fdae484 elementor-widget elementor-widget-button\" data-id=\"fdae484\" data-element_type=\"widget\" data-widget_type=\"button.default\">\n\t\t\t\t<div class=\"elementor-widget-container\">\n\t\t\t\t\t\t\t\t\t<div class=\"elementor-button-wrapper\">\n\t\t\t\t\t<a class=\"elementor-button elementor-button-link elementor-size-sm\" href=\"https:\/\/isr.edu.ar\/isr27\/wp-content\/uploads\/2025\/12\/26_M_NOTA-ADHESION-REGLAMENTO-DE-CONVIVENCIA.pdf\">\n\t\t\t\t\t\t<span class=\"elementor-button-content-wrapper\">\n\t\t\t\t\t\t\t\t\t<span class=\"elementor-button-text\">NOTA DE ADHESI\u00d3N Y CONFORMIDAD<\/span>\n\t\t\t\t\t<\/span>\n\t\t\t\t\t<\/a>\n\t\t\t\t<\/div>\n\t\t\t\t\t\t\t\t<\/div>\n\t\t\t\t<\/div>\n\t\t\t\t<\/div>\n\t\t\t\t<\/div>\n\t\t\t\t\t<\/div>\n\t\t\t\t<\/div>\n\t\t\t\t<\/div>\n\t\t","protected":false},"excerpt":{"rendered":"<p>admisiones y formularios Formularios para Descargar Inicial FICHA DE DATOS FICHA PSICOPEDAGOGIA FICHA MEDICA AUT.CAMBIO PA\u00d1ALES \/ HIGIENE NOTA DE ADHESI\u00d3N Y CONFORMIDAD Primario FICHA DE DATOS FICHA PSICOPEDAGOGIA FICHA MEDICA AUTORIZACION ANUAL NOTA DE ADHESI\u00d3N Y CONFORMIDAD Medio FICHA DE DATOS FICHA PSICOPEDAGOGIA FICHA MEDICA NOTA DE ADHESI\u00d3N Y CONFORMIDAD<\/p>\n","protected":false},"author":2,"featured_media":0,"parent":0,"menu_order":0,"comment_status":"closed","ping_status":"closed","template":"","meta":{"footnotes":""},"class_list":["post-2780","page","type-page","status-publish","hentry"],"_links":{"self":[{"href":"https:\/\/isr.edu.ar\/isr27\/wp-json\/wp\/v2\/pages\/2780","targetHints":{"allow":["GET"]}}],"collection":[{"href":"https:\/\/isr.edu.ar\/isr27\/wp-json\/wp\/v2\/pages"}],"about":[{"href":"https:\/\/isr.edu.ar\/isr27\/wp-json\/wp\/v2\/types\/page"}],"author":[{"embeddable":true,"href":"https:\/\/isr.edu.ar\/isr27\/wp-json\/wp\/v2\/users\/2"}],"replies":[{"embeddable":true,"href":"https:\/\/isr.edu.ar\/isr27\/wp-json\/wp\/v2\/comments?post=2780"}],"version-history":[{"count":92,"href":"https:\/\/isr.edu.ar\/isr27\/wp-json\/wp\/v2\/pages\/2780\/revisions"}],"predecessor-version":[{"id":9354,"href":"https:\/\/isr.edu.ar\/isr27\/wp-json\/wp\/v2\/pages\/2780\/revisions\/9354"}],"wp:attachment":[{"href":"https:\/\/isr.edu.ar\/isr27\/wp-json\/wp\/v2\/media?parent=2780"}],"curies":[{"name":"wp","href":"https:\/\/api.w.org\/{rel}","templated":true}]}}