{"id":48,"date":"2024-07-09T12:49:44","date_gmt":"2024-07-09T12:49:44","guid":{"rendered":"https:\/\/isr.edu.ar\/isr27\/?page_id=48"},"modified":"2024-12-16T23:07:08","modified_gmt":"2024-12-16T23:07:08","slug":"educacion-en-la-fe","status":"publish","type":"page","link":"https:\/\/isr.edu.ar\/isr27\/educacion-en-la-fe\/","title":{"rendered":"Educaci\u00f3n en la Fe"},"content":{"rendered":"\t\t<div data-elementor-type=\"wp-page\" data-elementor-id=\"48\" class=\"elementor elementor-48\" data-elementor-post-type=\"page\">\n\t\t\t\t<div class=\"elementor-element elementor-element-3423d04 e-flex e-con-boxed e-con e-parent\" data-id=\"3423d04\" data-element_type=\"container\">\n\t\t\t\t\t<div class=\"e-con-inner\">\n\t\t<div class=\"elementor-element elementor-element-656df17 e-con-full e-flex e-con e-child\" data-id=\"656df17\" data-element_type=\"container\">\n\t\t\t\t<div class=\"elementor-element elementor-element-dc18e01 elementor-widget elementor-widget-heading\" data-id=\"dc18e01\" data-element_type=\"widget\" data-widget_type=\"heading.default\">\n\t\t\t\t<div class=\"elementor-widget-container\">\n\t\t\t\t\t<h2 class=\"elementor-heading-title elementor-size-default\">\u00e1reas complementarias<\/h2>\t\t\t\t<\/div>\n\t\t\t\t<\/div>\n\t\t\t\t<\/div>\n\t\t\t\t\t<\/div>\n\t\t\t\t<\/div>\n\t\t<div class=\"elementor-element elementor-element-ec92237 e-flex e-con-boxed e-con e-parent\" data-id=\"ec92237\" data-element_type=\"container\">\n\t\t\t\t\t<div class=\"e-con-inner\">\n\t\t<div class=\"elementor-element elementor-element-d2b3841 e-con-full e-flex e-con e-child\" data-id=\"d2b3841\" data-element_type=\"container\">\n\t\t\t\t<div class=\"elementor-element elementor-element-97d5f09 elementor-widget elementor-widget-heading\" data-id=\"97d5f09\" data-element_type=\"widget\" data-widget_type=\"heading.default\">\n\t\t\t\t<div class=\"elementor-widget-container\">\n\t\t\t\t\t<h2 class=\"elementor-heading-title elementor-size-default\">Educaci\u00f3n en la Fe<\/h2>\t\t\t\t<\/div>\n\t\t\t\t<\/div>\n\t\t\t\t<\/div>\n\t\t\t\t\t<\/div>\n\t\t\t\t<\/div>\n\t\t<div class=\"elementor-element elementor-element-39137885 e-flex e-con-boxed e-con e-parent\" data-id=\"39137885\" data-element_type=\"container\">\n\t\t\t\t\t<div class=\"e-con-inner\">\n\t\t<div class=\"elementor-element elementor-element-434fb0c7 e-con-full e-flex e-con e-child\" data-id=\"434fb0c7\" data-element_type=\"container\">\n\t\t<div class=\"elementor-element elementor-element-35482da3 e-con-full e-flex e-con e-child\" data-id=\"35482da3\" data-element_type=\"container\">\n\t\t\t\t<div class=\"elementor-element elementor-element-54906e31 elementor-widget elementor-widget-text-editor\" data-id=\"54906e31\" data-element_type=\"widget\" data-widget_type=\"text-editor.default\">\n\t\t\t\t<div class=\"elementor-widget-container\">\n\t\t\t\t\t\t\t\t\t<p>El Departamento de Educaci\u00f3n en la Fe (DEFE) tiene a su cargo la organizaci\u00f3n y seguimiento del\u00a0proyecto catequ\u00edstico pastoral de la Instituci\u00f3n que hacen a la formaci\u00f3n integral de nuestros\u00a0alumnos.<br \/><br \/>Nos fundamentamos en el modelo de persona que Jes\u00fas nos inspira desde su Palabra con el matiz\u00a0que el fundador de la congregaci\u00f3n Asuncionista, el Padre Manuel d\u00b4Alzon, nos propone, es decir\u00a0ser ap\u00f3stoles para trabajar por la extensi\u00f3n del REINO DE DIOS, con un profundo sentido de lo\u00a0comunitario.<br \/><br \/>As\u00ed planificamos las actividades program\u00e1ticas y extra program\u00e1ticas que corresponden a nuestra\u00a0\u00e1rea.<br \/><br \/>Dentro de las tareas program\u00e1ticas desarrollamos el proyecto catequ\u00edstico dentro del aula. El\u00a0trabajo en lo extra program\u00e1tico incluye toda actividad que se realice fuera de lo curricular y que<br \/>procure profundizar distintos aspectos de la formaci\u00f3n de nuestros alumnos, docentes y familias.\u00a0<\/p>\t\t\t\t\t\t\t\t<\/div>\n\t\t\t\t<\/div>\n\t\t\t\t<\/div>\n\t\t<div class=\"elementor-element elementor-element-24ca3c1d e-con-full e-flex e-con e-child\" data-id=\"24ca3c1d\" data-element_type=\"container\">\n\t\t\t\t<div class=\"elementor-element elementor-element-5c4f6210 elementor-widget elementor-widget-image\" data-id=\"5c4f6210\" data-element_type=\"widget\" data-widget_type=\"image.default\">\n\t\t\t\t<div class=\"elementor-widget-container\">\n\t\t\t\t\t\t\t\t\t\t\t\t\t\t\t<img decoding=\"async\" src=\"https:\/\/isr.edu.ar\/isr27\/wp-content\/uploads\/elementor\/thumbs\/d_2-quaem0ma1sy6cx0z0qlvaqt47fdbsigja2niddnno4.jpg\" title=\"d_2\" alt=\"d_2\" loading=\"lazy\" \/>\t\t\t\t\t\t\t\t\t\t\t\t\t\t\t<\/div>\n\t\t\t\t<\/div>\n\t\t\t\t<\/div>\n\t\t\t\t<\/div>\n\t\t\t\t\t<\/div>\n\t\t\t\t<\/div>\n\t\t<div class=\"elementor-element elementor-element-94dff56 e-con-full e-flex e-con e-parent\" data-id=\"94dff56\" data-element_type=\"container\">\n\t\t\t\t<div class=\"elementor-element elementor-element-5c5c8028 elementor-invisible elementor-widget elementor-widget-gallery\" data-id=\"5c5c8028\" data-element_type=\"widget\" data-settings=\"{&quot;gap&quot;:{&quot;unit&quot;:&quot;px&quot;,&quot;size&quot;:0,&quot;sizes&quot;:[]},&quot;aspect_ratio&quot;:&quot;1:1&quot;,&quot;image_hover_animation&quot;:&quot;grow&quot;,&quot;_animation&quot;:&quot;fadeIn&quot;,&quot;lazyload&quot;:&quot;yes&quot;,&quot;gallery_layout&quot;:&quot;grid&quot;,&quot;columns&quot;:4,&quot;columns_tablet&quot;:2,&quot;columns_mobile&quot;:1,&quot;gap_tablet&quot;:{&quot;unit&quot;:&quot;px&quot;,&quot;size&quot;:10,&quot;sizes&quot;:[]},&quot;gap_mobile&quot;:{&quot;unit&quot;:&quot;px&quot;,&quot;size&quot;:10,&quot;sizes&quot;:[]},&quot;link_to&quot;:&quot;file&quot;,&quot;overlay_background&quot;:&quot;yes&quot;,&quot;content_hover_animation&quot;:&quot;fade-in&quot;}\" data-widget_type=\"gallery.default\">\n\t\t\t\t<div class=\"elementor-widget-container\">\n\t\t\t\t\t\t\t<div class=\"elementor-gallery__container\">\n\t\t\t\t\t\t\t<a class=\"e-gallery-item elementor-gallery-item elementor-animated-content\" href=\"https:\/\/isr.edu.ar\/isr27\/wp-content\/uploads\/2024\/10\/defe-1.jpg\">\n\t\t\t\t\t<div class=\"e-gallery-image elementor-gallery-item__image\" data-thumbnail=\"https:\/\/isr.edu.ar\/isr27\/wp-content\/uploads\/2024\/10\/defe-1.jpg\" data-width=\"600\" data-height=\"600\" aria-label=\"\" role=\"img\" ><\/div>\n\t\t\t\t\t\t\t\t\t\t\t<div class=\"elementor-gallery-item__overlay\"><\/div>\n\t\t\t\t\t\t\t\t\t\t\t\t\t\t<\/a>\n\t\t\t\t\t\t\t<a class=\"e-gallery-item elementor-gallery-item elementor-animated-content\" href=\"https:\/\/isr.edu.ar\/isr27\/wp-content\/uploads\/2024\/10\/defe-2.jpg\">\n\t\t\t\t\t<div class=\"e-gallery-image elementor-gallery-item__image\" data-thumbnail=\"https:\/\/isr.edu.ar\/isr27\/wp-content\/uploads\/2024\/10\/defe-2.jpg\" data-width=\"600\" data-height=\"600\" aria-label=\"\" role=\"img\" ><\/div>\n\t\t\t\t\t\t\t\t\t\t\t<div class=\"elementor-gallery-item__overlay\"><\/div>\n\t\t\t\t\t\t\t\t\t\t\t\t\t\t<\/a>\n\t\t\t\t\t\t\t<a class=\"e-gallery-item elementor-gallery-item elementor-animated-content\" href=\"https:\/\/isr.edu.ar\/isr27\/wp-content\/uploads\/2024\/10\/defe-3.jpg\">\n\t\t\t\t\t<div class=\"e-gallery-image elementor-gallery-item__image\" data-thumbnail=\"https:\/\/isr.edu.ar\/isr27\/wp-content\/uploads\/2024\/10\/defe-3.jpg\" data-width=\"600\" data-height=\"600\" aria-label=\"\" role=\"img\" ><\/div>\n\t\t\t\t\t\t\t\t\t\t\t<div class=\"elementor-gallery-item__overlay\"><\/div>\n\t\t\t\t\t\t\t\t\t\t\t\t\t\t<\/a>\n\t\t\t\t\t\t\t<a class=\"e-gallery-item elementor-gallery-item elementor-animated-content\" href=\"https:\/\/isr.edu.ar\/isr27\/wp-content\/uploads\/2024\/10\/defe-4.jpg\">\n\t\t\t\t\t<div class=\"e-gallery-image elementor-gallery-item__image\" data-thumbnail=\"https:\/\/isr.edu.ar\/isr27\/wp-content\/uploads\/2024\/10\/defe-4.jpg\" data-width=\"562\" data-height=\"486\" aria-label=\"\" role=\"img\" ><\/div>\n\t\t\t\t\t\t\t\t\t\t\t<div class=\"elementor-gallery-item__overlay\"><\/div>\n\t\t\t\t\t\t\t\t\t\t\t\t\t\t<\/a>\n\t\t\t\t\t<\/div>\n\t\t\t\t\t<\/div>\n\t\t\t\t<\/div>\n\t\t\t\t<\/div>\n\t\t\t\t<\/div>\n\t\t","protected":false},"excerpt":{"rendered":"<p>\u00e1reas complementarias Educaci\u00f3n en la Fe El Departamento de Educaci\u00f3n en la Fe (DEFE) tiene a su cargo la organizaci\u00f3n y seguimiento del\u00a0proyecto catequ\u00edstico pastoral de la Instituci\u00f3n que hacen a la formaci\u00f3n integral de nuestros\u00a0alumnos. Nos fundamentamos en el modelo de persona que Jes\u00fas nos inspira desde su Palabra con el matiz\u00a0que el fundador [&hellip;]<\/p>\n","protected":false},"author":2,"featured_media":0,"parent":0,"menu_order":0,"comment_status":"closed","ping_status":"closed","template":"","meta":{"footnotes":""},"class_list":["post-48","page","type-page","status-publish","hentry"],"_links":{"self":[{"href":"https:\/\/isr.edu.ar\/isr27\/wp-json\/wp\/v2\/pages\/48","targetHints":{"allow":["GET"]}}],"collection":[{"href":"https:\/\/isr.edu.ar\/isr27\/wp-json\/wp\/v2\/pages"}],"about":[{"href":"https:\/\/isr.edu.ar\/isr27\/wp-json\/wp\/v2\/types\/page"}],"author":[{"embeddable":true,"href":"https:\/\/isr.edu.ar\/isr27\/wp-json\/wp\/v2\/users\/2"}],"replies":[{"embeddable":true,"href":"https:\/\/isr.edu.ar\/isr27\/wp-json\/wp\/v2\/comments?post=48"}],"version-history":[{"count":22,"href":"https:\/\/isr.edu.ar\/isr27\/wp-json\/wp\/v2\/pages\/48\/revisions"}],"predecessor-version":[{"id":5393,"href":"https:\/\/isr.edu.ar\/isr27\/wp-json\/wp\/v2\/pages\/48\/revisions\/5393"}],"wp:attachment":[{"href":"https:\/\/isr.edu.ar\/isr27\/wp-json\/wp\/v2\/media?parent=48"}],"curies":[{"name":"wp","href":"https:\/\/api.w.org\/{rel}","templated":true}]}}