{"id":6010,"date":"2025-04-12T13:13:59","date_gmt":"2025-04-12T13:13:59","guid":{"rendered":"https:\/\/isr.edu.ar\/isr27\/?page_id=6010"},"modified":"2025-08-17T13:20:06","modified_gmt":"2025-08-17T13:20:06","slug":"talleres-y-cursos-2","status":"publish","type":"page","link":"https:\/\/isr.edu.ar\/isr27\/talleres-y-cursos-2\/","title":{"rendered":"Talleres y Cursos"},"content":{"rendered":"\t\t<div data-elementor-type=\"wp-page\" data-elementor-id=\"6010\" class=\"elementor elementor-6010\" data-elementor-post-type=\"page\">\n\t\t\t\t<div class=\"elementor-element elementor-element-88597b4 e-flex e-con-boxed e-con e-parent\" data-id=\"88597b4\" data-element_type=\"container\">\n\t\t\t\t\t<div class=\"e-con-inner\">\n\t\t<div class=\"elementor-element elementor-element-d8b6c8a e-con-full e-flex e-con e-child\" data-id=\"d8b6c8a\" data-element_type=\"container\">\n\t\t\t\t<div class=\"elementor-element elementor-element-13093da0 elementor-widget elementor-widget-heading\" data-id=\"13093da0\" data-element_type=\"widget\" data-widget_type=\"heading.default\">\n\t\t\t\t<div class=\"elementor-widget-container\">\n\t\t\t\t\t<h2 class=\"elementor-heading-title elementor-size-default\">talleres y cursos<\/h2>\t\t\t\t<\/div>\n\t\t\t\t<\/div>\n\t\t\t\t<\/div>\n\t\t\t\t\t<\/div>\n\t\t\t\t<\/div>\n\t\t<div class=\"elementor-element elementor-element-8b9b18f e-flex e-con-boxed e-con e-parent\" data-id=\"8b9b18f\" data-element_type=\"container\">\n\t\t\t\t\t<div class=\"e-con-inner\">\n\t\t\t\t<div class=\"elementor-element elementor-element-ff3e6ba elementor-widget-divider--view-line elementor-widget elementor-widget-divider\" data-id=\"ff3e6ba\" data-element_type=\"widget\" data-widget_type=\"divider.default\">\n\t\t\t\t<div class=\"elementor-widget-container\">\n\t\t\t\t\t\t\t<div class=\"elementor-divider\">\n\t\t\t<span class=\"elementor-divider-separator\">\n\t\t\t\t\t\t<\/span>\n\t\t<\/div>\n\t\t\t\t\t\t<\/div>\n\t\t\t\t<\/div>\n\t\t\t\t\t<\/div>\n\t\t\t\t<\/div>\n\t\t<div class=\"elementor-element elementor-element-8411d0f e-flex e-con-boxed e-con e-parent\" data-id=\"8411d0f\" data-element_type=\"container\">\n\t\t\t\t\t<div class=\"e-con-inner\">\n\t\t<div class=\"elementor-element elementor-element-6b929d3 e-con-full e-flex e-con e-child\" data-id=\"6b929d3\" data-element_type=\"container\">\n\t\t<div class=\"elementor-element elementor-element-49f0914 e-con-full e-flex e-con e-child\" data-id=\"49f0914\" data-element_type=\"container\">\n\t\t\t\t<div class=\"elementor-element elementor-element-9a36d37 elementor-widget elementor-widget-heading\" data-id=\"9a36d37\" data-element_type=\"widget\" data-widget_type=\"heading.default\">\n\t\t\t\t<div class=\"elementor-widget-container\">\n\t\t\t\t\t<h3 class=\"elementor-heading-title elementor-size-default\">Nivel Primario<\/h3>\t\t\t\t<\/div>\n\t\t\t\t<\/div>\n\t\t\t\t<div class=\"elementor-element elementor-element-c6d1119 elementor-widget elementor-widget-heading\" data-id=\"c6d1119\" data-element_type=\"widget\" data-widget_type=\"heading.default\">\n\t\t\t\t<div class=\"elementor-widget-container\">\n\t\t\t\t\t<h2 class=\"elementor-heading-title elementor-size-default\">Taller de Matem\u00e1tica y Creatividad<\/h2>\t\t\t\t<\/div>\n\t\t\t\t<\/div>\n\t\t\t\t<div class=\"elementor-element elementor-element-9fde2a9 elementor-widget-divider--view-line elementor-invisible elementor-widget elementor-widget-divider\" data-id=\"9fde2a9\" data-element_type=\"widget\" data-settings=\"{&quot;_animation&quot;:&quot;fadeInLeft&quot;}\" data-widget_type=\"divider.default\">\n\t\t\t\t<div class=\"elementor-widget-container\">\n\t\t\t\t\t\t\t<div class=\"elementor-divider\">\n\t\t\t<span class=\"elementor-divider-separator\">\n\t\t\t\t\t\t<\/span>\n\t\t<\/div>\n\t\t\t\t\t\t<\/div>\n\t\t\t\t<\/div>\n\t\t\t\t<div class=\"elementor-element elementor-element-f10d7fe elementor-widget elementor-widget-text-editor\" data-id=\"f10d7fe\" data-element_type=\"widget\" data-widget_type=\"text-editor.default\">\n\t\t\t\t<div class=\"elementor-widget-container\">\n\t\t\t\t\t\t\t\t\t<p>Comenzamos un nuevo per\u00edodo del taller de Matem\u00e1tica para alumnos de sexto y s\u00e9ptimo grado.<\/p>\n<p>Proponemos un espacio para los chicos y chicas que tengan ganas de jugar con la matem\u00e1tica, la geometr\u00eda y el ingenio, buscando las soluciones a problemas que planteamos en los distintos encuentros.&nbsp;<\/p>\n<p>El taller es guiado por Cintia C\u00e1ceres y Francisco Maciel, que se incorpora al equipo reemplazando a I\u00f1aqui Pepo Larrea.<\/p>\n<p>Los chicos adem\u00e1s se preparan para participar de la Olimp\u00edada \u00d1and\u00fa y de los Mateclubes. Ambos torneos son de nivel nacional y participamos desde hace varios a\u00f1os.<\/p>\t\t\t\t\t\t\t\t<\/div>\n\t\t\t\t<\/div>\n\t\t\t\t<\/div>\n\t\t<div class=\"elementor-element elementor-element-dafc816 e-con-full e-flex e-con e-child\" data-id=\"dafc816\" data-element_type=\"container\">\n\t\t\t\t<div class=\"elementor-element elementor-element-ae150f0 elementor-widget elementor-widget-image\" data-id=\"ae150f0\" data-element_type=\"widget\" data-widget_type=\"image.default\">\n\t\t\t\t<div class=\"elementor-widget-container\">\n\t\t\t\t\t\t\t\t\t\t\t\t\t\t\t<img decoding=\"async\" src=\"https:\/\/isr.edu.ar\/isr27\/wp-content\/uploads\/elementor\/thumbs\/flyer-poligonos5_WEB3-r4cg3vkmjhjy0uhdrdogobtvfameta2asgptiy4rh6.jpg\" title=\"flyer poligonos5_WEB3\" alt=\"flyer poligonos5_WEB3\" loading=\"lazy\" \/>\t\t\t\t\t\t\t\t\t\t\t\t\t\t\t<\/div>\n\t\t\t\t<\/div>\n\t\t\t\t<\/div>\n\t\t\t\t<\/div>\n\t\t\t\t\t<\/div>\n\t\t\t\t<\/div>\n\t\t<div class=\"elementor-element elementor-element-3e12ca3 e-flex e-con-boxed e-con e-parent\" data-id=\"3e12ca3\" data-element_type=\"container\">\n\t\t\t\t\t<div class=\"e-con-inner\">\n\t\t\t\t<div class=\"elementor-element elementor-element-322e619 elementor-widget-divider--view-line elementor-widget elementor-widget-divider\" data-id=\"322e619\" data-element_type=\"widget\" data-widget_type=\"divider.default\">\n\t\t\t\t<div class=\"elementor-widget-container\">\n\t\t\t\t\t\t\t<div class=\"elementor-divider\">\n\t\t\t<span class=\"elementor-divider-separator\">\n\t\t\t\t\t\t<\/span>\n\t\t<\/div>\n\t\t\t\t\t\t<\/div>\n\t\t\t\t<\/div>\n\t\t\t\t\t<\/div>\n\t\t\t\t<\/div>\n\t\t<div class=\"elementor-element elementor-element-9c3ffde e-flex e-con-boxed e-con e-parent\" data-id=\"9c3ffde\" data-element_type=\"container\">\n\t\t\t\t\t<div class=\"e-con-inner\">\n\t\t<div class=\"elementor-element elementor-element-e1f164e e-con-full e-flex e-con e-child\" data-id=\"e1f164e\" data-element_type=\"container\">\n\t\t<div class=\"elementor-element elementor-element-de0b7b4 e-con-full e-flex e-con e-child\" data-id=\"de0b7b4\" data-element_type=\"container\">\n\t\t\t\t<div class=\"elementor-element elementor-element-48227d4 elementor-widget elementor-widget-heading\" data-id=\"48227d4\" data-element_type=\"widget\" data-widget_type=\"heading.default\">\n\t\t\t\t<div class=\"elementor-widget-container\">\n\t\t\t\t\t<h2 class=\"elementor-heading-title elementor-size-default\">Taller de Electr\u00f3nica y Rob\u00f3tica<\/h2>\t\t\t\t<\/div>\n\t\t\t\t<\/div>\n\t\t\t\t<div class=\"elementor-element elementor-element-4c55186 elementor-widget-divider--view-line elementor-invisible elementor-widget elementor-widget-divider\" data-id=\"4c55186\" data-element_type=\"widget\" data-settings=\"{&quot;_animation&quot;:&quot;fadeInLeft&quot;}\" data-widget_type=\"divider.default\">\n\t\t\t\t<div class=\"elementor-widget-container\">\n\t\t\t\t\t\t\t<div class=\"elementor-divider\">\n\t\t\t<span class=\"elementor-divider-separator\">\n\t\t\t\t\t\t<\/span>\n\t\t<\/div>\n\t\t\t\t\t\t<\/div>\n\t\t\t\t<\/div>\n\t\t\t\t<div class=\"elementor-element elementor-element-905daf2 elementor-widget elementor-widget-text-editor\" data-id=\"905daf2\" data-element_type=\"widget\" data-widget_type=\"text-editor.default\">\n\t\t\t\t<div class=\"elementor-widget-container\">\n\t\t\t\t\t\t\t\t\t<p>Esta propuesta es para preparar a los participantes en el uso de los componentes electr\u00f3nicos, la conexi\u00f3n y codificaci\u00f3n de la placa Arduino.<\/p><p>Se trabaja usando diferentes herramientas para el armado de prototipos. Aplicamos la IA para la codificaci\u00f3n, con la consigna de entender y modificar el c\u00f3digo al que hayan tenido acceso.<\/p><p>Tenemos dos turnos de trabajo para poder desenvolvernos con seguridad y comodidad en el taller que es pr\u00e1ctico.<\/p><p>Los proyectos realizados se exponen en las muestras de ciencias que se realizan en el colegio.<\/p>\t\t\t\t\t\t\t\t<\/div>\n\t\t\t\t<\/div>\n\t\t\t\t<\/div>\n\t\t<div class=\"elementor-element elementor-element-08e5f5a e-con-full e-flex e-con e-child\" data-id=\"08e5f5a\" data-element_type=\"container\">\n\t\t\t\t<div class=\"elementor-element elementor-element-29f43b6 elementor-widget elementor-widget-image\" data-id=\"29f43b6\" data-element_type=\"widget\" data-widget_type=\"image.default\">\n\t\t\t\t<div class=\"elementor-widget-container\">\n\t\t\t\t\t\t\t\t\t\t\t\t\t\t\t<img decoding=\"async\" src=\"https:\/\/isr.edu.ar\/isr27\/wp-content\/uploads\/elementor\/thumbs\/CURSO-DE-ELECTRONICA-Y-ROBOTICA_WEB-r4cgd9yivuf64gtuvfy5lyfta0ajsbdo2zkmak7196.jpg\" title=\"CURSO DE ELECTRONICA Y ROBOTICA_WEB\" alt=\"CURSO DE ELECTRONICA Y ROBOTICA_WEB\" loading=\"lazy\" \/>\t\t\t\t\t\t\t\t\t\t\t\t\t\t\t<\/div>\n\t\t\t\t<\/div>\n\t\t\t\t<\/div>\n\t\t\t\t<\/div>\n\t\t\t\t\t<\/div>\n\t\t\t\t<\/div>\n\t\t<div class=\"elementor-element elementor-element-eceab22 e-flex e-con-boxed e-con e-parent\" data-id=\"eceab22\" data-element_type=\"container\">\n\t\t\t\t\t<div class=\"e-con-inner\">\n\t\t\t\t<div class=\"elementor-element elementor-element-4609bae elementor-widget-divider--view-line elementor-widget elementor-widget-divider\" data-id=\"4609bae\" data-element_type=\"widget\" data-widget_type=\"divider.default\">\n\t\t\t\t<div class=\"elementor-widget-container\">\n\t\t\t\t\t\t\t<div class=\"elementor-divider\">\n\t\t\t<span class=\"elementor-divider-separator\">\n\t\t\t\t\t\t<\/span>\n\t\t<\/div>\n\t\t\t\t\t\t<\/div>\n\t\t\t\t<\/div>\n\t\t\t\t\t<\/div>\n\t\t\t\t<\/div>\n\t\t<div class=\"elementor-element elementor-element-cb08256 e-flex e-con-boxed e-con e-parent\" data-id=\"cb08256\" data-element_type=\"container\">\n\t\t\t\t\t<div class=\"e-con-inner\">\n\t\t<div class=\"elementor-element elementor-element-1e31221 e-con-full e-flex e-con e-child\" data-id=\"1e31221\" data-element_type=\"container\">\n\t\t<div class=\"elementor-element elementor-element-2812cdf e-con-full e-flex e-con e-child\" data-id=\"2812cdf\" data-element_type=\"container\">\n\t\t\t\t<div class=\"elementor-element elementor-element-bd06fd1 elementor-widget elementor-widget-heading\" data-id=\"bd06fd1\" data-element_type=\"widget\" data-widget_type=\"heading.default\">\n\t\t\t\t<div class=\"elementor-widget-container\">\n\t\t\t\t\t<h2 class=\"elementor-heading-title elementor-size-default\">Nivel Medio<\/h2>\t\t\t\t<\/div>\n\t\t\t\t<\/div>\n\t\t\t\t<div class=\"elementor-element elementor-element-b0f15e4 elementor-widget elementor-widget-heading\" data-id=\"b0f15e4\" data-element_type=\"widget\" data-widget_type=\"heading.default\">\n\t\t\t\t<div class=\"elementor-widget-container\">\n\t\t\t\t\t<h2 class=\"elementor-heading-title elementor-size-default\">Taller de Matem\u00e1tica <\/h2>\t\t\t\t<\/div>\n\t\t\t\t<\/div>\n\t\t\t\t<div class=\"elementor-element elementor-element-95b5813 elementor-widget-divider--view-line elementor-invisible elementor-widget elementor-widget-divider\" data-id=\"95b5813\" data-element_type=\"widget\" data-settings=\"{&quot;_animation&quot;:&quot;fadeInLeft&quot;}\" data-widget_type=\"divider.default\">\n\t\t\t\t<div class=\"elementor-widget-container\">\n\t\t\t\t\t\t\t<div class=\"elementor-divider\">\n\t\t\t<span class=\"elementor-divider-separator\">\n\t\t\t\t\t\t<\/span>\n\t\t<\/div>\n\t\t\t\t\t\t<\/div>\n\t\t\t\t<\/div>\n\t\t\t\t<div class=\"elementor-element elementor-element-1cfd027 elementor-widget elementor-widget-text-editor\" data-id=\"1cfd027\" data-element_type=\"widget\" data-widget_type=\"text-editor.default\">\n\t\t\t\t<div class=\"elementor-widget-container\">\n\t\t\t\t\t\t\t\t\t<p>Este taller es una propuesta para los alumnos del nivel medio\u00a0 motivados por la matem\u00e1tica.<\/p><p>Para esto creamos un espacio donde aplicamos los conceptos\u00a0 matem\u00e1ticos y geom\u00e9tricos donde buscamos soluciones ingeniosas a diferentes tipos de problemas propuestos en los encuentros.\u00a0<\/p><p>El taller es guiado por Francisco Maciel en reemplazo de I\u00f1aqui Pepo Larrea.\u00a0<\/p><p>Los chicos adem\u00e1s se preparan para participar de la Olimp\u00edada Matem\u00e1tica Argentina y los Mateclubes.\u00a0 Ambos torneos son de nivel nacional en los que participamos desde hace varios a\u00f1os.<\/p>\t\t\t\t\t\t\t\t<\/div>\n\t\t\t\t<\/div>\n\t\t\t\t<\/div>\n\t\t<div class=\"elementor-element elementor-element-d1a8f4b e-con-full e-flex e-con e-child\" data-id=\"d1a8f4b\" data-element_type=\"container\">\n\t\t\t\t<div class=\"elementor-element elementor-element-4552a51 elementor-widget elementor-widget-image\" data-id=\"4552a51\" data-element_type=\"widget\" data-widget_type=\"image.default\">\n\t\t\t\t<div class=\"elementor-widget-container\">\n\t\t\t\t\t\t\t\t\t\t\t\t\t\t\t<img decoding=\"async\" src=\"https:\/\/isr.edu.ar\/isr27\/wp-content\/uploads\/elementor\/thumbs\/flyer-pepo-medio_WEB-r4cnf72z3o0og9zv5p8zodpia6r44sfanrxmehpega.jpg\" title=\"flyer pepo medio_WEB\" alt=\"flyer pepo medio_WEB\" loading=\"lazy\" \/>\t\t\t\t\t\t\t\t\t\t\t\t\t\t\t<\/div>\n\t\t\t\t<\/div>\n\t\t\t\t<\/div>\n\t\t\t\t<\/div>\n\t\t\t\t\t<\/div>\n\t\t\t\t<\/div>\n\t\t<div class=\"elementor-element elementor-element-ed6690f e-flex e-con-boxed e-con e-parent\" data-id=\"ed6690f\" data-element_type=\"container\">\n\t\t\t\t\t<div class=\"e-con-inner\">\n\t\t\t\t<div class=\"elementor-element elementor-element-f323908 elementor-widget-divider--view-line elementor-widget elementor-widget-divider\" data-id=\"f323908\" data-element_type=\"widget\" data-widget_type=\"divider.default\">\n\t\t\t\t<div class=\"elementor-widget-container\">\n\t\t\t\t\t\t\t<div class=\"elementor-divider\">\n\t\t\t<span class=\"elementor-divider-separator\">\n\t\t\t\t\t\t<\/span>\n\t\t<\/div>\n\t\t\t\t\t\t<\/div>\n\t\t\t\t<\/div>\n\t\t<div class=\"elementor-element elementor-element-9fd3828 e-con-full e-flex e-con e-child\" data-id=\"9fd3828\" data-element_type=\"container\">\n\t\t<div class=\"elementor-element elementor-element-5da46f8 e-con-full e-flex e-con e-child\" data-id=\"5da46f8\" data-element_type=\"container\">\n\t\t<div class=\"elementor-element elementor-element-0762e18 e-con-full e-flex e-con e-child\" data-id=\"0762e18\" data-element_type=\"container\">\n\t\t\t\t<div class=\"elementor-element elementor-element-667e647 elementor-widget elementor-widget-heading\" data-id=\"667e647\" data-element_type=\"widget\" data-widget_type=\"heading.default\">\n\t\t\t\t<div class=\"elementor-widget-container\">\n\t\t\t\t\t<h2 class=\"elementor-heading-title elementor-size-default\">Taller Certificaciones INET - ISR<\/h2>\t\t\t\t<\/div>\n\t\t\t\t<\/div>\n\t\t\t\t<div class=\"elementor-element elementor-element-5ce50a7 elementor-widget-divider--view-line elementor-invisible elementor-widget elementor-widget-divider\" data-id=\"5ce50a7\" data-element_type=\"widget\" data-settings=\"{&quot;_animation&quot;:&quot;fadeInLeft&quot;}\" data-widget_type=\"divider.default\">\n\t\t\t\t<div class=\"elementor-widget-container\">\n\t\t\t\t\t\t\t<div class=\"elementor-divider\">\n\t\t\t<span class=\"elementor-divider-separator\">\n\t\t\t\t\t\t<\/span>\n\t\t<\/div>\n\t\t\t\t\t\t<\/div>\n\t\t\t\t<\/div>\n\t\t\t\t<div class=\"elementor-element elementor-element-37a8fc1 elementor-widget elementor-widget-text-editor\" data-id=\"37a8fc1\" data-element_type=\"widget\" data-widget_type=\"text-editor.default\">\n\t\t\t\t<div class=\"elementor-widget-container\">\n\t\t\t\t\t\t\t\t\t<p>Los estudiantes del Nivel Medio que participan de esta actividad pueden rendir el examen para obtener la Certificaci\u00f3n emitida por el INET (Instituto Nacional de Educaci\u00f3n T\u00e9cnica).<\/p><p>Para las mismas pueden optar por: <br \/><strong>Programaci\u00f3n con Python<\/strong><br \/><strong>Ms Excel<\/strong><br \/><strong>Photoshop<\/strong><br \/><strong>Illustrator<\/strong> <br \/><strong>Electr\u00f3nica y Rob\u00f3tica con Ide de Arduino<\/strong>.<\/p><p>Esta es la oportunidad para que los interesados por la tecnolog\u00eda puedan avanzar en esta \u00e1rea tan requerida en las actividades profesionales y acad\u00e9micas.<\/p>\t\t\t\t\t\t\t\t<\/div>\n\t\t\t\t<\/div>\n\t\t\t\t<\/div>\n\t\t<div class=\"elementor-element elementor-element-32d71eb e-con-full e-flex e-con e-child\" data-id=\"32d71eb\" data-element_type=\"container\">\n\t\t\t\t<div class=\"elementor-element elementor-element-bc4d577 elementor-widget elementor-widget-image\" data-id=\"bc4d577\" data-element_type=\"widget\" data-widget_type=\"image.default\">\n\t\t\t\t<div class=\"elementor-widget-container\">\n\t\t\t\t\t\t\t\t\t\t\t\t\t\t\t<img decoding=\"async\" src=\"https:\/\/isr.edu.ar\/isr27\/wp-content\/uploads\/elementor\/thumbs\/talleres-2025-FFFFFF-700x720-2-r711rvpx1tg178av11htwjwrmfgcbfisb5gejsrore.jpg\" title=\"talleres 2025 FFFFFF 700&#215;720\" alt=\"talleres 2025 FFFFFF 700x720\" loading=\"lazy\" \/>\t\t\t\t\t\t\t\t\t\t\t\t\t\t\t<\/div>\n\t\t\t\t<\/div>\n\t\t\t\t<\/div>\n\t\t\t\t<\/div>\n\t\t\t\t<\/div>\n\t\t\t\t\t<\/div>\n\t\t\t\t<\/div>\n\t\t\t\t<\/div>\n\t\t","protected":false},"excerpt":{"rendered":"<p>talleres y cursos Nivel Primario Taller de Matem\u00e1tica y Creatividad Comenzamos un nuevo per\u00edodo del taller de Matem\u00e1tica para alumnos de sexto y s\u00e9ptimo grado. Proponemos un espacio para los chicos y chicas que tengan ganas de jugar con la matem\u00e1tica, la geometr\u00eda y el ingenio, buscando las soluciones a problemas que planteamos en los [&hellip;]<\/p>\n","protected":false},"author":2,"featured_media":0,"parent":0,"menu_order":0,"comment_status":"closed","ping_status":"closed","template":"","meta":{"footnotes":""},"class_list":["post-6010","page","type-page","status-publish","hentry"],"_links":{"self":[{"href":"https:\/\/isr.edu.ar\/isr27\/wp-json\/wp\/v2\/pages\/6010","targetHints":{"allow":["GET"]}}],"collection":[{"href":"https:\/\/isr.edu.ar\/isr27\/wp-json\/wp\/v2\/pages"}],"about":[{"href":"https:\/\/isr.edu.ar\/isr27\/wp-json\/wp\/v2\/types\/page"}],"author":[{"embeddable":true,"href":"https:\/\/isr.edu.ar\/isr27\/wp-json\/wp\/v2\/users\/2"}],"replies":[{"embeddable":true,"href":"https:\/\/isr.edu.ar\/isr27\/wp-json\/wp\/v2\/comments?post=6010"}],"version-history":[{"count":31,"href":"https:\/\/isr.edu.ar\/isr27\/wp-json\/wp\/v2\/pages\/6010\/revisions"}],"predecessor-version":[{"id":7674,"href":"https:\/\/isr.edu.ar\/isr27\/wp-json\/wp\/v2\/pages\/6010\/revisions\/7674"}],"wp:attachment":[{"href":"https:\/\/isr.edu.ar\/isr27\/wp-json\/wp\/v2\/media?parent=6010"}],"curies":[{"name":"wp","href":"https:\/\/api.w.org\/{rel}","templated":true}]}}