{"id":77,"date":"2024-07-09T12:55:47","date_gmt":"2024-07-09T12:55:47","guid":{"rendered":"https:\/\/isr.edu.ar\/isr27\/?page_id=77"},"modified":"2024-10-20T16:01:48","modified_gmt":"2024-10-20T16:01:48","slug":"nivel-primario","status":"publish","type":"page","link":"https:\/\/isr.edu.ar\/isr27\/nivel-primario\/","title":{"rendered":"Primario"},"content":{"rendered":"\t\t<div data-elementor-type=\"wp-page\" data-elementor-id=\"77\" class=\"elementor elementor-77\" data-elementor-post-type=\"page\">\n\t\t\t\t<div class=\"elementor-element elementor-element-2a71cb16 e-flex e-con-boxed e-con e-parent\" data-id=\"2a71cb16\" data-element_type=\"container\">\n\t\t\t\t\t<div class=\"e-con-inner\">\n\t\t<div class=\"elementor-element elementor-element-5155a881 e-con-full e-flex e-con e-child\" data-id=\"5155a881\" data-element_type=\"container\">\n\t\t<div class=\"elementor-element elementor-element-696cf617 e-con-full e-flex e-con e-child\" data-id=\"696cf617\" data-element_type=\"container\">\n\t\t\t\t<div class=\"elementor-element elementor-element-79465cfd elementor-widget elementor-widget-heading\" data-id=\"79465cfd\" data-element_type=\"widget\" data-widget_type=\"heading.default\">\n\t\t\t\t<div class=\"elementor-widget-container\">\n\t\t\t\t\t<h2 class=\"elementor-heading-title elementor-size-default\">NIVELes<\/h2>\t\t\t\t<\/div>\n\t\t\t\t<\/div>\n\t\t\t\t<div class=\"elementor-element elementor-element-21f16e8f elementor-widget elementor-widget-heading\" data-id=\"21f16e8f\" data-element_type=\"widget\" data-widget_type=\"heading.default\">\n\t\t\t\t<div class=\"elementor-widget-container\">\n\t\t\t\t\t<h2 class=\"elementor-heading-title elementor-size-default\">Nivel Primario<\/h2>\t\t\t\t<\/div>\n\t\t\t\t<\/div>\n\t\t\t\t<div class=\"elementor-element elementor-element-596de274 elementor-widget elementor-widget-text-editor\" data-id=\"596de274\" data-element_type=\"widget\" data-widget_type=\"text-editor.default\">\n\t\t\t\t<div class=\"elementor-widget-container\">\n\t\t\t\t\t\t\t\t\t<p>Nuestro Proyecto Educativo busca construir una comunidad educativa en la que todos pertenezcan a una misma familia , la familia asuncionista, acompa\u00f1ando a los alumnos y alumnas hacia una mayor libertad, responsabilidad, justicia y sentido de comunidad.<\/p><p>Proponemos una metodolog\u00eda de ense\u00f1anza y aprendizaje que recrea la cultura del pensamiento cr\u00edtico, la internalizaci\u00f3n de capacidades con la posibilidad de que los estudiantes desarrollen sus potencialidades en un entorno apropiado.<\/p><p>Ense\u00f1amos y aprendemos para transformar.<\/p><p>Valoramos e incentivamos la formaci\u00f3n continua de nuestros docentes.<\/p><p>La educaci\u00f3n Asuncionista tiene una impronta cristiana, que pone a la persona en el centro y con el acento en la formaci\u00f3n de Cristo en el alma de nuestros alumnos desde la esencia misma del hombre como persona y en el proyecto de Dios para la persona y el mundo. Por ello, nuestro compromiso es formar seres humanos \u00edntegros, capaces de enfrentar los desaf\u00edos del mundo moderno con una base s\u00f3lida de principios y valores cristianos, guiados por el amor, la justicia y la verdad.<\/p>\t\t\t\t\t\t\t\t<\/div>\n\t\t\t\t<\/div>\n\t\t\t\t<\/div>\n\t\t<div class=\"elementor-element elementor-element-42cf5ccf e-con-full e-flex e-con e-child\" data-id=\"42cf5ccf\" data-element_type=\"container\">\n\t\t\t\t<div class=\"elementor-element elementor-element-2e465159 elementor-widget elementor-widget-image\" data-id=\"2e465159\" data-element_type=\"widget\" data-widget_type=\"image.default\">\n\t\t\t\t<div class=\"elementor-widget-container\">\n\t\t\t\t\t\t\t\t\t\t\t\t\t\t\t<img fetchpriority=\"high\" decoding=\"async\" width=\"600\" height=\"450\" src=\"https:\/\/isr.edu.ar\/isr27\/wp-content\/uploads\/2024\/09\/p_k.jpg\" class=\"attachment-full size-full wp-image-1852\" alt=\"\" srcset=\"https:\/\/isr.edu.ar\/isr27\/wp-content\/uploads\/2024\/09\/p_k.jpg 600w, https:\/\/isr.edu.ar\/isr27\/wp-content\/uploads\/2024\/09\/p_k-300x225.jpg 300w\" sizes=\"(max-width: 600px) 100vw, 600px\" \/>\t\t\t\t\t\t\t\t\t\t\t\t\t\t\t<\/div>\n\t\t\t\t<\/div>\n\t\t\t\t<\/div>\n\t\t\t\t<\/div>\n\t\t\t\t\t<\/div>\n\t\t\t\t<\/div>\n\t\t<div class=\"elementor-element elementor-element-584b133 e-flex e-con-boxed e-con e-parent\" data-id=\"584b133\" data-element_type=\"container\">\n\t\t\t\t\t<div class=\"e-con-inner\">\n\t\t<div class=\"elementor-element elementor-element-81cae46 e-con-full e-flex e-con e-child\" data-id=\"81cae46\" data-element_type=\"container\">\n\t\t<div class=\"elementor-element elementor-element-f6976e5 e-con-full e-flex e-con e-child\" data-id=\"f6976e5\" data-element_type=\"container\">\n\t\t\t\t<div class=\"elementor-element elementor-element-44d77e9 elementor-widget elementor-widget-heading\" data-id=\"44d77e9\" data-element_type=\"widget\" data-widget_type=\"heading.default\">\n\t\t\t\t<div class=\"elementor-widget-container\">\n\t\t\t\t\t<h2 class=\"elementor-heading-title elementor-size-default\">Propuesta Educativa<\/h2>\t\t\t\t<\/div>\n\t\t\t\t<\/div>\n\t\t\t\t<div class=\"elementor-element elementor-element-dd9d1ac elementor-widget elementor-widget-text-editor\" data-id=\"dd9d1ac\" data-element_type=\"widget\" data-widget_type=\"text-editor.default\">\n\t\t\t\t<div class=\"elementor-widget-container\">\n\t\t\t\t\t\t\t\t\t<p>\u00a0<span style=\"letter-spacing: 0.6px; font-family: var( --e-global-typography-primary-font-family ), Sans-serif; font-size: var( --e-global-typography-primary-font-size ); font-style: var( --e-global-typography-primary-font-style ); font-weight: var( --e-global-typography-primary-font-weight ); text-transform: var( --e-global-typography-primary-text-transform ); text-align: var(--text-align); color: var( --e-global-color-text );\"><strong>Doble<\/strong>\u00a0<\/span><span style=\"letter-spacing: 0.6px; font-family: var( --e-global-typography-primary-font-family ), Sans-serif; font-size: var( --e-global-typography-primary-font-size ); font-style: var( --e-global-typography-primary-font-style ); text-transform: var( --e-global-typography-primary-text-transform ); text-align: var(--text-align); color: var( --e-global-color-text ); font-weight: bolder;\">Jornada completa obligatoria de 1\u00ba a 7\u00ba grado.<\/span><\/p><p style=\"letter-spacing: 0.6px;\"><span style=\"font-weight: bolder; font-family: var( --e-global-typography-primary-font-family ), Sans-serif; font-size: var( --e-global-typography-primary-font-size ); font-style: var( --e-global-typography-primary-font-style ); letter-spacing: var( --e-global-typography-primary-letter-spacing ); text-transform: var( --e-global-typography-primary-text-transform ); text-align: var(--text-align); color: var( --e-global-color-text );\">Turno Ma\u00f1ana:\u00a0 7:50 a 12:20 hs.<\/span><span style=\"font-weight: bolder; font-family: var( --e-global-typography-primary-font-family ), Sans-serif; font-size: var( --e-global-typography-primary-font-size ); font-style: var( --e-global-typography-primary-font-style ); letter-spacing: var( --e-global-typography-primary-letter-spacing ); text-transform: var( --e-global-typography-primary-text-transform ); text-align: var(--text-align); color: var( --e-global-color-text );\">Turno Tarde:\u00a013:40 a 16:20 hs.<\/span><\/p><p style=\"letter-spacing: 0.6px;\"><span style=\"font-weight: bolder; font-family: var( --e-global-typography-primary-font-family ), Sans-serif; font-size: var( --e-global-typography-primary-font-size ); font-style: var( --e-global-typography-primary-font-style ); letter-spacing: var( --e-global-typography-primary-letter-spacing ); text-transform: var( --e-global-typography-primary-text-transform ); text-align: var(--text-align); color: var( --e-global-color-text );\">Horario de Almuerzo Primer Ciclo:\u00a012:10 a 13:00 hs.<\/span><\/p><p style=\"letter-spacing: 0.6px;\"><span style=\"font-weight: bolder;\">Horario de Almuerzo Segundo Ciclo:\u00a0\u00a013:00 a 13:45 hs.<\/span><\/p><p style=\"letter-spacing: 0.6px;\">El horario extendido en el turno tarde es opcional.<\/p><div><span style=\"font-family: var( --e-global-typography-primary-font-family ), Sans-serif; font-size: var( --e-global-typography-primary-font-size ); font-style: var( --e-global-typography-primary-font-style ); font-weight: var( --e-global-typography-primary-font-weight ); letter-spacing: var( --e-global-typography-primary-letter-spacing ); text-transform: var( --e-global-typography-primary-text-transform ); text-align: var(--text-align); color: var( --e-global-color-text );\">Cuatro tardes de idioma ingl\u00e9s intensivo y una tarde de Iniciaci\u00f3n Deportiva en el predio de Parque Norte.<\/span><\/div><p>\u00a0<\/p><p><strong style=\"font-family: var( --e-global-typography-primary-font-family ), Sans-serif; font-size: var( --e-global-typography-primary-font-size ); font-style: var( --e-global-typography-primary-font-style ); letter-spacing: var( --e-global-typography-primary-letter-spacing ); text-transform: var( --e-global-typography-primary-text-transform ); text-align: var(--text-align); color: var( --e-global-color-text );\">Ex\u00e1menes internacionales de Ingl\u00e9s<\/strong><span style=\"font-family: var( --e-global-typography-primary-font-family ), Sans-serif; font-size: var( --e-global-typography-primary-font-size ); font-style: var( --e-global-typography-primary-font-style ); font-weight: var( --e-global-typography-primary-font-weight ); letter-spacing: var( --e-global-typography-primary-letter-spacing ); text-transform: var( --e-global-typography-primary-text-transform ); text-align: var(--text-align); color: var( --e-global-color-text );\">:<\/span><\/p><p><span style=\"font-family: var( --e-global-typography-primary-font-family ), Sans-serif; font-size: var( --e-global-typography-primary-font-size ); font-style: var( --e-global-typography-primary-font-style ); font-weight: var( --e-global-typography-primary-font-weight ); letter-spacing: var( --e-global-typography-primary-letter-spacing ); text-transform: var( --e-global-typography-primary-text-transform ); text-align: var(--text-align); color: var( --e-global-color-text );\">Se rinden en 3ro y 6to a\u00f1o <strong>Young Learners<\/strong>:\u00a0<strong>Pre A1 Starters <\/strong>y \u00a0<strong>A2 Flyers<\/strong>.<\/span><\/p><p>\u00a0<\/p><p>Desarrollamos el pensamiento computacional y en 7\u00b0 grado proponemos el Taller de Rob\u00f3tica articulado con el Nivel Secundario.<\/p><p><span style=\"color: var( --e-global-color-text ); font-family: var( --e-global-typography-primary-font-family ), Sans-serif; font-size: var( --e-global-typography-primary-font-size ); font-style: var( --e-global-typography-primary-font-style ); font-weight: var( --e-global-typography-primary-font-weight ); letter-spacing: var( --e-global-typography-primary-letter-spacing ); text-align: var(--text-align); text-transform: var( --e-global-typography-primary-text-transform );\">Proyecto Institucional ESI, enmarcado en nuestro proyecto pedag\u00f3gico pastoral.<\/span><\/p>\t\t\t\t\t\t\t\t<\/div>\n\t\t\t\t<\/div>\n\t\t\t\t<\/div>\n\t\t<div class=\"elementor-element elementor-element-161dd71 e-con-full e-flex e-con e-child\" data-id=\"161dd71\" data-element_type=\"container\">\n\t\t\t\t<div class=\"elementor-element elementor-element-ffe1d06 elementor-widget elementor-widget-image\" data-id=\"ffe1d06\" data-element_type=\"widget\" data-widget_type=\"image.default\">\n\t\t\t\t<div class=\"elementor-widget-container\">\n\t\t\t\t\t\t\t\t\t\t\t\t\t\t\t<img decoding=\"async\" width=\"600\" height=\"450\" src=\"https:\/\/isr.edu.ar\/isr27\/wp-content\/uploads\/2024\/09\/p_h.jpg\" class=\"attachment-full size-full wp-image-1849\" alt=\"\" srcset=\"https:\/\/isr.edu.ar\/isr27\/wp-content\/uploads\/2024\/09\/p_h.jpg 600w, https:\/\/isr.edu.ar\/isr27\/wp-content\/uploads\/2024\/09\/p_h-300x225.jpg 300w\" sizes=\"(max-width: 600px) 100vw, 600px\" \/>\t\t\t\t\t\t\t\t\t\t\t\t\t\t\t<\/div>\n\t\t\t\t<\/div>\n\t\t\t\t<\/div>\n\t\t\t\t<\/div>\n\t\t\t\t\t<\/div>\n\t\t\t\t<\/div>\n\t\t<div class=\"elementor-element elementor-element-5ff81d6 e-flex e-con-boxed e-con e-parent\" data-id=\"5ff81d6\" data-element_type=\"container\">\n\t\t\t\t\t<div class=\"e-con-inner\">\n\t\t<div class=\"elementor-element elementor-element-db089b2 e-con-full e-flex e-con e-child\" data-id=\"db089b2\" data-element_type=\"container\">\n\t\t<div class=\"elementor-element elementor-element-7429cde e-con-full e-flex e-con e-child\" data-id=\"7429cde\" data-element_type=\"container\">\n\t\t\t\t<div class=\"elementor-element elementor-element-b362223 elementor-widget elementor-widget-heading\" data-id=\"b362223\" data-element_type=\"widget\" data-widget_type=\"heading.default\">\n\t\t\t\t<div class=\"elementor-widget-container\">\n\t\t\t\t\t<h2 class=\"elementor-heading-title elementor-size-default\">Actividades<\/h2>\t\t\t\t<\/div>\n\t\t\t\t<\/div>\n\t\t\t\t<div class=\"elementor-element elementor-element-84f2368 elementor-widget elementor-widget-text-editor\" data-id=\"84f2368\" data-element_type=\"widget\" data-widget_type=\"text-editor.default\">\n\t\t\t\t<div class=\"elementor-widget-container\">\n\t\t\t\t\t\t\t\t\t<ul><li><span style=\"color: var( --e-global-color-text ); font-family: var( --e-global-typography-primary-font-family ), Sans-serif; font-size: var( --e-global-typography-primary-font-size ); font-style: var( --e-global-typography-primary-font-style ); font-weight: var( --e-global-typography-primary-font-weight ); letter-spacing: var( --e-global-typography-primary-letter-spacing ); text-transform: var( --e-global-typography-primary-text-transform ); text-align: var(--text-align);\">Reuniones de padres y e<\/span><span style=\"color: var( --e-global-color-text ); font-family: var( --e-global-typography-primary-font-family ), Sans-serif; font-size: var( --e-global-typography-primary-font-size ); font-style: var( --e-global-typography-primary-font-style ); font-weight: var( --e-global-typography-primary-font-weight ); letter-spacing: var( --e-global-typography-primary-letter-spacing ); text-transform: var( --e-global-typography-primary-text-transform ); text-align: var(--text-align);\">ntrevistas personales.\u00a0<\/span><\/li><\/ul><p>\u00a0<\/p><ul><li>Clases abiertas.\u00a0<span style=\"color: var( --e-global-color-text ); font-family: var( --e-global-typography-primary-font-family ), Sans-serif; font-size: var( --e-global-typography-primary-font-size ); font-style: var( --e-global-typography-primary-font-style ); font-weight: var( --e-global-typography-primary-font-weight ); letter-spacing: var( --e-global-typography-primary-letter-spacing ); text-transform: var( --e-global-typography-primary-text-transform ); text-align: var(--text-align);\">\u00a0<\/span><\/li><\/ul><p>\u00a0<\/p><ul><li><span style=\"text-align: var(--text-align);\">Feria de ciencias,\u00a0<\/span><span style=\"letter-spacing: 0.6px;\">viajes de estudios, campamentos y salidas educativas.<\/span><\/li><\/ul><p>\u00a0<\/p><ul><li><span style=\"letter-spacing: 0.6px;\">Participaci\u00f3n en el proyecto de Escuelas Verdes del Gobierno de la Ciudad, compromiso con el cuidado del medio ambiente.<\/span><\/li><\/ul><p>\u00a0<\/p><ul><li><span style=\"letter-spacing: 0.6px;\">Participamos de las Olimp\u00edadas de Matem\u00e1ticas \u00d1and\u00fa.<\/span><\/li><\/ul><p>\u00a0<\/p><ul><li><span style=\"letter-spacing: 0.6px;\">Familias Asuncionistas.<\/span><\/li><\/ul>\t\t\t\t\t\t\t\t<\/div>\n\t\t\t\t<\/div>\n\t\t\t\t<\/div>\n\t\t<div class=\"elementor-element elementor-element-f8f4459 e-con-full e-flex e-con e-child\" data-id=\"f8f4459\" data-element_type=\"container\">\n\t\t\t\t<div class=\"elementor-element elementor-element-2c193ca elementor-widget elementor-widget-image\" data-id=\"2c193ca\" data-element_type=\"widget\" data-widget_type=\"image.default\">\n\t\t\t\t<div class=\"elementor-widget-container\">\n\t\t\t\t\t\t\t\t\t\t\t\t\t\t\t<img decoding=\"async\" width=\"600\" height=\"450\" src=\"https:\/\/isr.edu.ar\/isr27\/wp-content\/uploads\/2024\/09\/p_j.jpg\" class=\"attachment-full size-full wp-image-1851\" alt=\"\" srcset=\"https:\/\/isr.edu.ar\/isr27\/wp-content\/uploads\/2024\/09\/p_j.jpg 600w, https:\/\/isr.edu.ar\/isr27\/wp-content\/uploads\/2024\/09\/p_j-300x225.jpg 300w\" sizes=\"(max-width: 600px) 100vw, 600px\" \/>\t\t\t\t\t\t\t\t\t\t\t\t\t\t\t<\/div>\n\t\t\t\t<\/div>\n\t\t\t\t<\/div>\n\t\t\t\t<\/div>\n\t\t\t\t\t<\/div>\n\t\t\t\t<\/div>\n\t\t<div class=\"elementor-element elementor-element-16d22707 e-con-full e-flex e-con e-parent\" data-id=\"16d22707\" data-element_type=\"container\">\n\t\t\t\t<div class=\"elementor-element elementor-element-6a3a399c elementor-widget elementor-widget-gallery\" data-id=\"6a3a399c\" data-element_type=\"widget\" data-settings=\"{&quot;gap&quot;:{&quot;unit&quot;:&quot;px&quot;,&quot;size&quot;:0,&quot;sizes&quot;:[]},&quot;aspect_ratio&quot;:&quot;1:1&quot;,&quot;lazyload&quot;:&quot;yes&quot;,&quot;gallery_layout&quot;:&quot;grid&quot;,&quot;columns&quot;:4,&quot;columns_tablet&quot;:2,&quot;columns_mobile&quot;:1,&quot;gap_tablet&quot;:{&quot;unit&quot;:&quot;px&quot;,&quot;size&quot;:10,&quot;sizes&quot;:[]},&quot;gap_mobile&quot;:{&quot;unit&quot;:&quot;px&quot;,&quot;size&quot;:10,&quot;sizes&quot;:[]},&quot;link_to&quot;:&quot;file&quot;,&quot;overlay_background&quot;:&quot;yes&quot;,&quot;content_hover_animation&quot;:&quot;fade-in&quot;}\" data-widget_type=\"gallery.default\">\n\t\t\t\t<div class=\"elementor-widget-container\">\n\t\t\t\t\t\t\t<div class=\"elementor-gallery__container\">\n\t\t\t\t\t\t\t<a class=\"e-gallery-item elementor-gallery-item elementor-animated-content\" href=\"https:\/\/isr.edu.ar\/isr27\/wp-content\/uploads\/2024\/08\/4_PRIM.jpg\">\n\t\t\t\t\t<div class=\"e-gallery-image elementor-gallery-item__image\" data-thumbnail=\"https:\/\/isr.edu.ar\/isr27\/wp-content\/uploads\/2024\/08\/4_PRIM.jpg\" data-width=\"600\" data-height=\"600\" aria-label=\"\" role=\"img\" ><\/div>\n\t\t\t\t\t\t\t\t\t\t\t<div class=\"elementor-gallery-item__overlay\"><\/div>\n\t\t\t\t\t\t\t\t\t\t\t\t\t\t<\/a>\n\t\t\t\t\t\t\t<a class=\"e-gallery-item elementor-gallery-item elementor-animated-content\" href=\"https:\/\/isr.edu.ar\/isr27\/wp-content\/uploads\/2024\/08\/3_PRIM-1.jpg\">\n\t\t\t\t\t<div class=\"e-gallery-image elementor-gallery-item__image\" data-thumbnail=\"https:\/\/isr.edu.ar\/isr27\/wp-content\/uploads\/2024\/08\/3_PRIM-1.jpg\" data-width=\"600\" data-height=\"600\" aria-label=\"\" role=\"img\" ><\/div>\n\t\t\t\t\t\t\t\t\t\t\t<div class=\"elementor-gallery-item__overlay\"><\/div>\n\t\t\t\t\t\t\t\t\t\t\t\t\t\t<\/a>\n\t\t\t\t\t\t\t<a class=\"e-gallery-item elementor-gallery-item elementor-animated-content\" href=\"https:\/\/isr.edu.ar\/isr27\/wp-content\/uploads\/2024\/08\/1.jpg\">\n\t\t\t\t\t<div class=\"e-gallery-image elementor-gallery-item__image\" data-thumbnail=\"https:\/\/isr.edu.ar\/isr27\/wp-content\/uploads\/2024\/08\/1.jpg\" data-width=\"500\" data-height=\"500\" aria-label=\"\" role=\"img\" ><\/div>\n\t\t\t\t\t\t\t\t\t\t\t<div class=\"elementor-gallery-item__overlay\"><\/div>\n\t\t\t\t\t\t\t\t\t\t\t\t\t\t<\/a>\n\t\t\t\t\t\t\t<a class=\"e-gallery-item elementor-gallery-item elementor-animated-content\" href=\"https:\/\/isr.edu.ar\/isr27\/wp-content\/uploads\/2024\/09\/p_i.jpg\">\n\t\t\t\t\t<div class=\"e-gallery-image elementor-gallery-item__image\" data-thumbnail=\"https:\/\/isr.edu.ar\/isr27\/wp-content\/uploads\/2024\/09\/p_i.jpg\" data-width=\"600\" data-height=\"450\" aria-label=\"\" role=\"img\" ><\/div>\n\t\t\t\t\t\t\t\t\t\t\t<div class=\"elementor-gallery-item__overlay\"><\/div>\n\t\t\t\t\t\t\t\t\t\t\t\t\t\t<\/a>\n\t\t\t\t\t\t\t<a class=\"e-gallery-item elementor-gallery-item elementor-animated-content\" href=\"https:\/\/isr.edu.ar\/isr27\/wp-content\/uploads\/2024\/09\/p_f.jpg\">\n\t\t\t\t\t<div class=\"e-gallery-image elementor-gallery-item__image\" data-thumbnail=\"https:\/\/isr.edu.ar\/isr27\/wp-content\/uploads\/2024\/09\/p_f.jpg\" data-width=\"600\" data-height=\"450\" aria-label=\"\" role=\"img\" ><\/div>\n\t\t\t\t\t\t\t\t\t\t\t<div class=\"elementor-gallery-item__overlay\"><\/div>\n\t\t\t\t\t\t\t\t\t\t\t\t\t\t<\/a>\n\t\t\t\t\t\t\t<a class=\"e-gallery-item elementor-gallery-item elementor-animated-content\" href=\"https:\/\/isr.edu.ar\/isr27\/wp-content\/uploads\/2024\/09\/p_a.jpg\">\n\t\t\t\t\t<div class=\"e-gallery-image elementor-gallery-item__image\" data-thumbnail=\"https:\/\/isr.edu.ar\/isr27\/wp-content\/uploads\/2024\/09\/p_a.jpg\" data-width=\"600\" data-height=\"450\" aria-label=\"\" role=\"img\" ><\/div>\n\t\t\t\t\t\t\t\t\t\t\t<div class=\"elementor-gallery-item__overlay\"><\/div>\n\t\t\t\t\t\t\t\t\t\t\t\t\t\t<\/a>\n\t\t\t\t\t\t\t<a class=\"e-gallery-item elementor-gallery-item elementor-animated-content\" href=\"https:\/\/isr.edu.ar\/isr27\/wp-content\/uploads\/2024\/10\/p_m.jpg\">\n\t\t\t\t\t<div class=\"e-gallery-image elementor-gallery-item__image\" data-thumbnail=\"https:\/\/isr.edu.ar\/isr27\/wp-content\/uploads\/2024\/10\/p_m.jpg\" data-width=\"600\" data-height=\"600\" aria-label=\"\" role=\"img\" ><\/div>\n\t\t\t\t\t\t\t\t\t\t\t<div class=\"elementor-gallery-item__overlay\"><\/div>\n\t\t\t\t\t\t\t\t\t\t\t\t\t\t<\/a>\n\t\t\t\t\t\t\t<a class=\"e-gallery-item elementor-gallery-item elementor-animated-content\" href=\"https:\/\/isr.edu.ar\/isr27\/wp-content\/uploads\/2024\/10\/p_n.jpg\">\n\t\t\t\t\t<div class=\"e-gallery-image elementor-gallery-item__image\" data-thumbnail=\"https:\/\/isr.edu.ar\/isr27\/wp-content\/uploads\/2024\/10\/p_n.jpg\" data-width=\"600\" data-height=\"600\" aria-label=\"\" role=\"img\" ><\/div>\n\t\t\t\t\t\t\t\t\t\t\t<div class=\"elementor-gallery-item__overlay\"><\/div>\n\t\t\t\t\t\t\t\t\t\t\t\t\t\t<\/a>\n\t\t\t\t\t<\/div>\n\t\t\t\t\t<\/div>\n\t\t\t\t<\/div>\n\t\t\t\t<\/div>\n\t\t\t\t<\/div>\n\t\t","protected":false},"excerpt":{"rendered":"<p>NIVELes Nivel Primario Nuestro Proyecto Educativo busca construir una comunidad educativa en la que todos pertenezcan a una misma familia , la familia asuncionista, acompa\u00f1ando a los alumnos y alumnas hacia una mayor libertad, responsabilidad, justicia y sentido de comunidad. Proponemos una metodolog\u00eda de ense\u00f1anza y aprendizaje que recrea la cultura del pensamiento cr\u00edtico, la [&hellip;]<\/p>\n","protected":false},"author":2,"featured_media":0,"parent":0,"menu_order":0,"comment_status":"closed","ping_status":"closed","template":"","meta":{"footnotes":""},"class_list":["post-77","page","type-page","status-publish","hentry"],"_links":{"self":[{"href":"https:\/\/isr.edu.ar\/isr27\/wp-json\/wp\/v2\/pages\/77","targetHints":{"allow":["GET"]}}],"collection":[{"href":"https:\/\/isr.edu.ar\/isr27\/wp-json\/wp\/v2\/pages"}],"about":[{"href":"https:\/\/isr.edu.ar\/isr27\/wp-json\/wp\/v2\/types\/page"}],"author":[{"embeddable":true,"href":"https:\/\/isr.edu.ar\/isr27\/wp-json\/wp\/v2\/users\/2"}],"replies":[{"embeddable":true,"href":"https:\/\/isr.edu.ar\/isr27\/wp-json\/wp\/v2\/comments?post=77"}],"version-history":[{"count":38,"href":"https:\/\/isr.edu.ar\/isr27\/wp-json\/wp\/v2\/pages\/77\/revisions"}],"predecessor-version":[{"id":3335,"href":"https:\/\/isr.edu.ar\/isr27\/wp-json\/wp\/v2\/pages\/77\/revisions\/3335"}],"wp:attachment":[{"href":"https:\/\/isr.edu.ar\/isr27\/wp-json\/wp\/v2\/media?parent=77"}],"curies":[{"name":"wp","href":"https:\/\/api.w.org\/{rel}","templated":true}]}}