{"id":83,"date":"2024-07-09T12:57:00","date_gmt":"2024-07-09T12:57:00","guid":{"rendered":"https:\/\/isr.edu.ar\/isr27\/?page_id=83"},"modified":"2024-11-03T10:14:15","modified_gmt":"2024-11-03T10:14:15","slug":"nivel-secundario","status":"publish","type":"page","link":"https:\/\/isr.edu.ar\/isr27\/nivel-secundario\/","title":{"rendered":"Medio"},"content":{"rendered":"\t\t<div data-elementor-type=\"wp-page\" data-elementor-id=\"83\" class=\"elementor elementor-83\" data-elementor-post-type=\"page\">\n\t\t\t\t<div class=\"elementor-element elementor-element-2d32c8bb e-flex e-con-boxed e-con e-parent\" data-id=\"2d32c8bb\" data-element_type=\"container\">\n\t\t\t\t\t<div class=\"e-con-inner\">\n\t\t<div class=\"elementor-element elementor-element-2827ac78 e-con-full e-flex e-con e-child\" data-id=\"2827ac78\" data-element_type=\"container\">\n\t\t<div class=\"elementor-element elementor-element-789a0011 e-con-full e-flex e-con e-child\" data-id=\"789a0011\" data-element_type=\"container\">\n\t\t\t\t<div class=\"elementor-element elementor-element-1e937013 elementor-widget elementor-widget-heading\" data-id=\"1e937013\" data-element_type=\"widget\" data-widget_type=\"heading.default\">\n\t\t\t\t<div class=\"elementor-widget-container\">\n\t\t\t\t\t<h2 class=\"elementor-heading-title elementor-size-default\">NIVELES <\/h2>\t\t\t\t<\/div>\n\t\t\t\t<\/div>\n\t\t\t\t<div class=\"elementor-element elementor-element-4e2e4de4 elementor-widget elementor-widget-heading\" data-id=\"4e2e4de4\" data-element_type=\"widget\" data-widget_type=\"heading.default\">\n\t\t\t\t<div class=\"elementor-widget-container\">\n\t\t\t\t\t<h2 class=\"elementor-heading-title elementor-size-default\">Nivel Medio<\/h2>\t\t\t\t<\/div>\n\t\t\t\t<\/div>\n\t\t\t\t<div class=\"elementor-element elementor-element-2cca225b elementor-widget elementor-widget-text-editor\" data-id=\"2cca225b\" data-element_type=\"widget\" data-widget_type=\"text-editor.default\">\n\t\t\t\t<div class=\"elementor-widget-container\">\n\t\t\t\t\t\t\t\t\t<p>Buscamos la formaci\u00f3n de j\u00f3venes con las competencias necesarias para insertarse en el mundo del trabajo y los estudios superiores. Que puedan dar sentido a sus vidas y contribuir al bien com\u00fan dentro de su contexto, su sociedad y su planeta.<\/p>\n<p>Proponemos una educaci\u00f3n acad\u00e9mica integral, reconociendo la singularidad de cada alumno desde la que pueda desarrollarse libremente y a su propio ritmo.<\/p>\n<p><\/p>\t\t\t\t\t\t\t\t<\/div>\n\t\t\t\t<\/div>\n\t\t\t\t<\/div>\n\t\t<div class=\"elementor-element elementor-element-313c819 e-con-full e-flex e-con e-child\" data-id=\"313c819\" data-element_type=\"container\">\n\t\t\t\t<div class=\"elementor-element elementor-element-149379a3 elementor-widget elementor-widget-image\" data-id=\"149379a3\" data-element_type=\"widget\" data-widget_type=\"image.default\">\n\t\t\t\t<div class=\"elementor-widget-container\">\n\t\t\t\t\t\t\t\t\t\t\t\t\t\t\t<img fetchpriority=\"high\" decoding=\"async\" width=\"600\" height=\"450\" src=\"https:\/\/isr.edu.ar\/isr27\/wp-content\/uploads\/2024\/09\/med_b.jpg\" class=\"attachment-full size-full wp-image-1890\" alt=\"\" srcset=\"https:\/\/isr.edu.ar\/isr27\/wp-content\/uploads\/2024\/09\/med_b.jpg 600w, https:\/\/isr.edu.ar\/isr27\/wp-content\/uploads\/2024\/09\/med_b-300x225.jpg 300w\" sizes=\"(max-width: 600px) 100vw, 600px\" \/>\t\t\t\t\t\t\t\t\t\t\t\t\t\t\t<\/div>\n\t\t\t\t<\/div>\n\t\t\t\t<\/div>\n\t\t\t\t<\/div>\n\t\t\t\t\t<\/div>\n\t\t\t\t<\/div>\n\t\t<div class=\"elementor-element elementor-element-283cccc e-flex e-con-boxed e-con e-parent\" data-id=\"283cccc\" data-element_type=\"container\">\n\t\t\t\t\t<div class=\"e-con-inner\">\n\t\t<div class=\"elementor-element elementor-element-366ca07 e-con-full e-flex e-con e-child\" data-id=\"366ca07\" data-element_type=\"container\">\n\t\t<div class=\"elementor-element elementor-element-f6ea31d e-con-full e-flex e-con e-child\" data-id=\"f6ea31d\" data-element_type=\"container\">\n\t\t\t\t<div class=\"elementor-element elementor-element-98ba9df elementor-widget elementor-widget-heading\" data-id=\"98ba9df\" data-element_type=\"widget\" data-widget_type=\"heading.default\">\n\t\t\t\t<div class=\"elementor-widget-container\">\n\t\t\t\t\t<h2 class=\"elementor-heading-title elementor-size-default\">Propuesta Educativa<\/h2>\t\t\t\t<\/div>\n\t\t\t\t<\/div>\n\t\t\t\t<div class=\"elementor-element elementor-element-c1ce8d9 elementor-widget elementor-widget-text-editor\" data-id=\"c1ce8d9\" data-element_type=\"widget\" data-widget_type=\"text-editor.default\">\n\t\t\t\t<div class=\"elementor-widget-container\">\n\t\t\t\t\t\t\t\t\t<p>Ofrecemos las siguientes opciones de Bachilleratos:<\/p><p><strong><a href=\"https:\/\/isr.edu.ar\/isr27\/wp-content\/uploads\/2024\/09\/RIGHT_25X20.jpg\">\u00a0 \u00a0 \u00a0 <img decoding=\"async\" class=\"alignnone wp-image-1884\" src=\"https:\/\/isr.edu.ar\/isr27\/wp-content\/uploads\/2024\/09\/RIGHT_25X20.jpg\" alt=\"\" width=\"18\" height=\"16\" \/><\/a>Orientaci\u00f3n en Econom\u00eda.<\/strong><\/p><p><strong><a href=\"https:\/\/isr.edu.ar\/isr27\/wp-content\/uploads\/2024\/09\/RIGHT_25X20.jpg\">\u00a0 \u00a0 \u00a0 <img decoding=\"async\" class=\"alignnone wp-image-1884\" src=\"https:\/\/isr.edu.ar\/isr27\/wp-content\/uploads\/2024\/09\/RIGHT_25X20.jpg\" alt=\"\" width=\"18\" height=\"16\" \/><\/a>Orientaci\u00f3n en Ciencias Sociales.<\/strong><\/p><p><strong><a href=\"https:\/\/isr.edu.ar\/isr27\/wp-content\/uploads\/2024\/09\/RIGHT_25X20.jpg\">\u00a0 \u00a0 \u00a0 <img decoding=\"async\" class=\"alignnone wp-image-1884\" src=\"https:\/\/isr.edu.ar\/isr27\/wp-content\/uploads\/2024\/09\/RIGHT_25X20.jpg\" alt=\"\" width=\"18\" height=\"16\" \/><\/a>Orientaci\u00f3n en las Ciencias Naturales.<\/strong><\/p><ul><li>Doble jornada obligatoria.<\/li><li>Orientaci\u00f3n vocacional en 4to y 5to a\u00f1os.<\/li><li>Proyecto ACAP (Pr\u00e1cticas profesionalizantes).<\/li><li>Ex\u00e1menes internacionales de ingl\u00e9s: <strong>a) Preliminary for Schools, b) First for Schools y c) Advanced.<\/strong><\/li><li>Convivencias por curso y preparaci\u00f3n para recibir la confirmaci\u00f3n en 4\u00b0 a\u00f1o.<\/li><li>En primer a\u00f1o se realiza el Campamento en Bariloche en la Caba\u00f1a Amul\u00e9n.<\/li><li>Viajes de estudios, salidas educativas.<\/li><li>Enmarcado en nuestro proyecto pedag\u00f3gico pastoral desarrollamos Proyecto Institucional ESI (Educaci\u00f3n Sexual Integral).<\/li><li>Participamos de la Olimp\u00edada de Matem\u00e1tica Argentina.<\/li><li>Educaci\u00f3n F\u00edsica y selecciones deportivas.<\/li><li>Torneos deportivos intercolegiales.<\/li><li>En cuarto a\u00f1o pueden participar del Programa Intercultural Asuncionista, que se realiza en Assumption Universitiy, Massachusetts, EEUU.<\/li><\/ul>\t\t\t\t\t\t\t\t<\/div>\n\t\t\t\t<\/div>\n\t\t\t\t<\/div>\n\t\t<div class=\"elementor-element elementor-element-c10f5f3 e-con-full e-flex e-con e-child\" data-id=\"c10f5f3\" data-element_type=\"container\">\n\t\t\t\t<div class=\"elementor-element elementor-element-6c66b6d elementor-widget elementor-widget-image\" data-id=\"6c66b6d\" data-element_type=\"widget\" data-widget_type=\"image.default\">\n\t\t\t\t<div class=\"elementor-widget-container\">\n\t\t\t\t\t\t\t\t\t\t\t\t\t\t\t<img decoding=\"async\" width=\"700\" height=\"450\" src=\"https:\/\/isr.edu.ar\/isr27\/wp-content\/uploads\/2024\/10\/0A.jpg\" class=\"attachment-full size-full wp-image-2541\" alt=\"\" srcset=\"https:\/\/isr.edu.ar\/isr27\/wp-content\/uploads\/2024\/10\/0A.jpg 700w, https:\/\/isr.edu.ar\/isr27\/wp-content\/uploads\/2024\/10\/0A-300x193.jpg 300w\" sizes=\"(max-width: 700px) 100vw, 700px\" \/>\t\t\t\t\t\t\t\t\t\t\t\t\t\t\t<\/div>\n\t\t\t\t<\/div>\n\t\t\t\t<\/div>\n\t\t\t\t<\/div>\n\t\t\t\t\t<\/div>\n\t\t\t\t<\/div>\n\t\t<div class=\"elementor-element elementor-element-1dd7eae e-flex e-con-boxed e-con e-parent\" data-id=\"1dd7eae\" data-element_type=\"container\">\n\t\t\t\t\t<div class=\"e-con-inner\">\n\t\t<div class=\"elementor-element elementor-element-25374ad e-con-full e-flex e-con e-child\" data-id=\"25374ad\" data-element_type=\"container\">\n\t\t<div class=\"elementor-element elementor-element-c1ce0ff e-con-full e-flex e-con e-child\" data-id=\"c1ce0ff\" data-element_type=\"container\">\n\t\t\t\t<div class=\"elementor-element elementor-element-a76e648 elementor-widget elementor-widget-heading\" data-id=\"a76e648\" data-element_type=\"widget\" data-widget_type=\"heading.default\">\n\t\t\t\t<div class=\"elementor-widget-container\">\n\t\t\t\t\t<h2 class=\"elementor-heading-title elementor-size-default\">Actividades<\/h2>\t\t\t\t<\/div>\n\t\t\t\t<\/div>\n\t\t\t\t<div class=\"elementor-element elementor-element-9145f7e elementor-widget elementor-widget-text-editor\" data-id=\"9145f7e\" data-element_type=\"widget\" data-widget_type=\"text-editor.default\">\n\t\t\t\t<div class=\"elementor-widget-container\">\n\t\t\t\t\t\t\t\t\t<p>Durante el a\u00f1o invitamos a nuestra comunidad para participar de\u00a0 diversas actividades:<\/p><ul><li>Reuniones de padres.<\/li><li>Entrevistas personalizadas.<\/li><\/ul><ul><li>Semana de las Artes.<\/li><\/ul><ul><li>Feria de Ciencias.<\/li><\/ul><ul><li>Familias Asuncionistas.<\/li><\/ul><div>\u00a0<\/div>\t\t\t\t\t\t\t\t<\/div>\n\t\t\t\t<\/div>\n\t\t\t\t<\/div>\n\t\t<div class=\"elementor-element elementor-element-4ed11cf e-con-full e-flex e-con e-child\" data-id=\"4ed11cf\" data-element_type=\"container\">\n\t\t\t\t<div class=\"elementor-element elementor-element-2f80ede elementor-widget elementor-widget-image\" data-id=\"2f80ede\" data-element_type=\"widget\" data-widget_type=\"image.default\">\n\t\t\t\t<div class=\"elementor-widget-container\">\n\t\t\t\t\t\t\t\t\t\t\t\t\t\t\t<img loading=\"lazy\" decoding=\"async\" width=\"600\" height=\"450\" src=\"https:\/\/isr.edu.ar\/isr27\/wp-content\/uploads\/2024\/09\/med_a.jpg\" class=\"attachment-full size-full wp-image-1889\" alt=\"\" srcset=\"https:\/\/isr.edu.ar\/isr27\/wp-content\/uploads\/2024\/09\/med_a.jpg 600w, https:\/\/isr.edu.ar\/isr27\/wp-content\/uploads\/2024\/09\/med_a-300x225.jpg 300w\" sizes=\"(max-width: 600px) 100vw, 600px\" \/>\t\t\t\t\t\t\t\t\t\t\t\t\t\t\t<\/div>\n\t\t\t\t<\/div>\n\t\t\t\t<\/div>\n\t\t\t\t<\/div>\n\t\t\t\t\t<\/div>\n\t\t\t\t<\/div>\n\t\t<div class=\"elementor-element elementor-element-fee4738 e-flex e-con-boxed e-con e-parent\" data-id=\"fee4738\" data-element_type=\"container\">\n\t\t\t\t\t<div class=\"e-con-inner\">\n\t\t<div class=\"elementor-element elementor-element-35762b3 e-con-full e-flex e-con e-child\" data-id=\"35762b3\" data-element_type=\"container\">\n\t\t<div class=\"elementor-element elementor-element-4d7e710 e-con-full e-flex e-con e-child\" data-id=\"4d7e710\" data-element_type=\"container\">\n\t\t\t\t<div class=\"elementor-element elementor-element-f36d9f1 elementor-widget elementor-widget-heading\" data-id=\"f36d9f1\" data-element_type=\"widget\" data-widget_type=\"heading.default\">\n\t\t\t\t<div class=\"elementor-widget-container\">\n\t\t\t\t\t<h2 class=\"elementor-heading-title elementor-size-default\">Convenios Universitarios<\/h2>\t\t\t\t<\/div>\n\t\t\t\t<\/div>\n\t\t\t\t<div class=\"elementor-element elementor-element-5c215aa elementor-widget elementor-widget-image\" data-id=\"5c215aa\" data-element_type=\"widget\" data-widget_type=\"image.default\">\n\t\t\t\t<div class=\"elementor-widget-container\">\n\t\t\t\t\t\t\t\t\t\t\t\t\t\t\t<img loading=\"lazy\" decoding=\"async\" width=\"580\" height=\"176\" src=\"https:\/\/isr.edu.ar\/isr27\/wp-content\/uploads\/2024\/10\/TDT_0.jpg\" class=\"attachment-full size-full wp-image-3539\" alt=\"\" srcset=\"https:\/\/isr.edu.ar\/isr27\/wp-content\/uploads\/2024\/10\/TDT_0.jpg 580w, https:\/\/isr.edu.ar\/isr27\/wp-content\/uploads\/2024\/10\/TDT_0-300x91.jpg 300w\" sizes=\"(max-width: 580px) 100vw, 580px\" \/>\t\t\t\t\t\t\t\t\t\t\t\t\t\t\t<\/div>\n\t\t\t\t<\/div>\n\t\t\t\t<div class=\"elementor-element elementor-element-ac891d8 elementor-widget elementor-widget-image\" data-id=\"ac891d8\" data-element_type=\"widget\" data-widget_type=\"image.default\">\n\t\t\t\t<div class=\"elementor-widget-container\">\n\t\t\t\t\t\t\t\t\t\t\t\t\t\t\t<img loading=\"lazy\" decoding=\"async\" width=\"580\" height=\"176\" src=\"https:\/\/isr.edu.ar\/isr27\/wp-content\/uploads\/2024\/10\/SA_0.jpg\" class=\"attachment-full size-full wp-image-3538\" alt=\"\" srcset=\"https:\/\/isr.edu.ar\/isr27\/wp-content\/uploads\/2024\/10\/SA_0.jpg 580w, https:\/\/isr.edu.ar\/isr27\/wp-content\/uploads\/2024\/10\/SA_0-300x91.jpg 300w\" sizes=\"(max-width: 580px) 100vw, 580px\" \/>\t\t\t\t\t\t\t\t\t\t\t\t\t\t\t<\/div>\n\t\t\t\t<\/div>\n\t\t\t\t<div class=\"elementor-element elementor-element-b0bad3b elementor-widget elementor-widget-image\" data-id=\"b0bad3b\" data-element_type=\"widget\" data-widget_type=\"image.default\">\n\t\t\t\t<div class=\"elementor-widget-container\">\n\t\t\t\t\t\t\t\t\t\t\t\t\t\t\t<img loading=\"lazy\" decoding=\"async\" width=\"580\" height=\"176\" src=\"https:\/\/isr.edu.ar\/isr27\/wp-content\/uploads\/2024\/10\/UP_0.jpg\" class=\"attachment-full size-full wp-image-3543\" alt=\"\" srcset=\"https:\/\/isr.edu.ar\/isr27\/wp-content\/uploads\/2024\/10\/UP_0.jpg 580w, https:\/\/isr.edu.ar\/isr27\/wp-content\/uploads\/2024\/10\/UP_0-300x91.jpg 300w\" sizes=\"(max-width: 580px) 100vw, 580px\" \/>\t\t\t\t\t\t\t\t\t\t\t\t\t\t\t<\/div>\n\t\t\t\t<\/div>\n\t\t\t\t<\/div>\n\t\t<div class=\"elementor-element elementor-element-b0e909f e-con-full e-flex e-con e-child\" data-id=\"b0e909f\" data-element_type=\"container\">\n\t\t\t\t<div class=\"elementor-element elementor-element-3850ee6 elementor-widget elementor-widget-image\" data-id=\"3850ee6\" data-element_type=\"widget\" data-widget_type=\"image.default\">\n\t\t\t\t<div class=\"elementor-widget-container\">\n\t\t\t\t\t\t\t\t\t\t\t\t\t\t\t<img loading=\"lazy\" decoding=\"async\" width=\"580\" height=\"176\" src=\"https:\/\/isr.edu.ar\/isr27\/wp-content\/uploads\/2024\/10\/UB_0.jpg\" class=\"attachment-full size-full wp-image-3541\" alt=\"\" srcset=\"https:\/\/isr.edu.ar\/isr27\/wp-content\/uploads\/2024\/10\/UB_0.jpg 580w, https:\/\/isr.edu.ar\/isr27\/wp-content\/uploads\/2024\/10\/UB_0-300x91.jpg 300w\" sizes=\"(max-width: 580px) 100vw, 580px\" \/>\t\t\t\t\t\t\t\t\t\t\t\t\t\t\t<\/div>\n\t\t\t\t<\/div>\n\t\t\t\t<div class=\"elementor-element elementor-element-e843dd7 elementor-widget elementor-widget-image\" data-id=\"e843dd7\" data-element_type=\"widget\" data-widget_type=\"image.default\">\n\t\t\t\t<div class=\"elementor-widget-container\">\n\t\t\t\t\t\t\t\t\t\t\t\t\t\t\t<img loading=\"lazy\" decoding=\"async\" width=\"580\" height=\"176\" src=\"https:\/\/isr.edu.ar\/isr27\/wp-content\/uploads\/2024\/10\/UADE_0.jpg\" class=\"attachment-full size-full wp-image-3540\" alt=\"\" srcset=\"https:\/\/isr.edu.ar\/isr27\/wp-content\/uploads\/2024\/10\/UADE_0.jpg 580w, https:\/\/isr.edu.ar\/isr27\/wp-content\/uploads\/2024\/10\/UADE_0-300x91.jpg 300w\" sizes=\"(max-width: 580px) 100vw, 580px\" \/>\t\t\t\t\t\t\t\t\t\t\t\t\t\t\t<\/div>\n\t\t\t\t<\/div>\n\t\t\t\t<div class=\"elementor-element elementor-element-d2c0b55 elementor-widget elementor-widget-image\" data-id=\"d2c0b55\" data-element_type=\"widget\" data-widget_type=\"image.default\">\n\t\t\t\t<div class=\"elementor-widget-container\">\n\t\t\t\t\t\t\t\t\t\t\t\t\t\t\t<img loading=\"lazy\" decoding=\"async\" width=\"580\" height=\"176\" src=\"https:\/\/isr.edu.ar\/isr27\/wp-content\/uploads\/2024\/10\/UCA_0.jpg\" class=\"attachment-full size-full wp-image-3542\" alt=\"\" srcset=\"https:\/\/isr.edu.ar\/isr27\/wp-content\/uploads\/2024\/10\/UCA_0.jpg 580w, https:\/\/isr.edu.ar\/isr27\/wp-content\/uploads\/2024\/10\/UCA_0-300x91.jpg 300w\" sizes=\"(max-width: 580px) 100vw, 580px\" \/>\t\t\t\t\t\t\t\t\t\t\t\t\t\t\t<\/div>\n\t\t\t\t<\/div>\n\t\t\t\t<\/div>\n\t\t\t\t<\/div>\n\t\t\t\t\t<\/div>\n\t\t\t\t<\/div>\n\t\t<div class=\"elementor-element elementor-element-431c7e25 e-con-full e-flex e-con e-parent\" data-id=\"431c7e25\" data-element_type=\"container\">\n\t\t\t\t<div class=\"elementor-element elementor-element-5255b8c1 elementor-widget elementor-widget-gallery\" data-id=\"5255b8c1\" data-element_type=\"widget\" data-settings=\"{&quot;gap&quot;:{&quot;unit&quot;:&quot;px&quot;,&quot;size&quot;:0,&quot;sizes&quot;:[]},&quot;aspect_ratio&quot;:&quot;1:1&quot;,&quot;lazyload&quot;:&quot;yes&quot;,&quot;gallery_layout&quot;:&quot;grid&quot;,&quot;columns&quot;:4,&quot;columns_tablet&quot;:2,&quot;columns_mobile&quot;:1,&quot;gap_tablet&quot;:{&quot;unit&quot;:&quot;px&quot;,&quot;size&quot;:10,&quot;sizes&quot;:[]},&quot;gap_mobile&quot;:{&quot;unit&quot;:&quot;px&quot;,&quot;size&quot;:10,&quot;sizes&quot;:[]},&quot;link_to&quot;:&quot;file&quot;,&quot;overlay_background&quot;:&quot;yes&quot;,&quot;content_hover_animation&quot;:&quot;fade-in&quot;}\" data-widget_type=\"gallery.default\">\n\t\t\t\t<div class=\"elementor-widget-container\">\n\t\t\t\t\t\t\t<div class=\"elementor-gallery__container\">\n\t\t\t\t\t\t\t<a class=\"e-gallery-item elementor-gallery-item elementor-animated-content\" href=\"https:\/\/isr.edu.ar\/isr27\/wp-content\/uploads\/2024\/09\/med_e.jpg\">\n\t\t\t\t\t<div class=\"e-gallery-image elementor-gallery-item__image\" data-thumbnail=\"https:\/\/isr.edu.ar\/isr27\/wp-content\/uploads\/2024\/09\/med_e.jpg\" data-width=\"600\" data-height=\"450\" aria-label=\"\" role=\"img\" ><\/div>\n\t\t\t\t\t\t\t\t\t\t\t<div class=\"elementor-gallery-item__overlay\"><\/div>\n\t\t\t\t\t\t\t\t\t\t\t\t\t\t<\/a>\n\t\t\t\t\t\t\t<a class=\"e-gallery-item elementor-gallery-item elementor-animated-content\" href=\"https:\/\/isr.edu.ar\/isr27\/wp-content\/uploads\/2024\/10\/med_h.jpg\">\n\t\t\t\t\t<div class=\"e-gallery-image elementor-gallery-item__image\" data-thumbnail=\"https:\/\/isr.edu.ar\/isr27\/wp-content\/uploads\/2024\/10\/med_h.jpg\" data-width=\"600\" data-height=\"600\" aria-label=\"\" role=\"img\" ><\/div>\n\t\t\t\t\t\t\t\t\t\t\t<div class=\"elementor-gallery-item__overlay\"><\/div>\n\t\t\t\t\t\t\t\t\t\t\t\t\t\t<\/a>\n\t\t\t\t\t\t\t<a class=\"e-gallery-item elementor-gallery-item elementor-animated-content\" href=\"https:\/\/isr.edu.ar\/isr27\/wp-content\/uploads\/2024\/10\/med_i.jpg\">\n\t\t\t\t\t<div class=\"e-gallery-image elementor-gallery-item__image\" data-thumbnail=\"https:\/\/isr.edu.ar\/isr27\/wp-content\/uploads\/2024\/10\/med_i.jpg\" data-width=\"600\" data-height=\"600\" aria-label=\"\" role=\"img\" ><\/div>\n\t\t\t\t\t\t\t\t\t\t\t<div class=\"elementor-gallery-item__overlay\"><\/div>\n\t\t\t\t\t\t\t\t\t\t\t\t\t\t<\/a>\n\t\t\t\t\t\t\t<a class=\"e-gallery-item elementor-gallery-item elementor-animated-content\" href=\"https:\/\/isr.edu.ar\/isr27\/wp-content\/uploads\/2024\/10\/med_n.jpg\">\n\t\t\t\t\t<div class=\"e-gallery-image elementor-gallery-item__image\" data-thumbnail=\"https:\/\/isr.edu.ar\/isr27\/wp-content\/uploads\/2024\/10\/med_n.jpg\" data-width=\"600\" data-height=\"600\" aria-label=\"\" role=\"img\" ><\/div>\n\t\t\t\t\t\t\t\t\t\t\t<div class=\"elementor-gallery-item__overlay\"><\/div>\n\t\t\t\t\t\t\t\t\t\t\t\t\t\t<\/a>\n\t\t\t\t\t\t\t<a class=\"e-gallery-item elementor-gallery-item elementor-animated-content\" href=\"https:\/\/isr.edu.ar\/isr27\/wp-content\/uploads\/2024\/10\/med_j.jpg\">\n\t\t\t\t\t<div class=\"e-gallery-image elementor-gallery-item__image\" data-thumbnail=\"https:\/\/isr.edu.ar\/isr27\/wp-content\/uploads\/2024\/10\/med_j.jpg\" data-width=\"600\" data-height=\"600\" aria-label=\"\" role=\"img\" ><\/div>\n\t\t\t\t\t\t\t\t\t\t\t<div class=\"elementor-gallery-item__overlay\"><\/div>\n\t\t\t\t\t\t\t\t\t\t\t\t\t\t<\/a>\n\t\t\t\t\t\t\t<a class=\"e-gallery-item elementor-gallery-item elementor-animated-content\" href=\"https:\/\/isr.edu.ar\/isr27\/wp-content\/uploads\/2024\/10\/med_l.jpg\">\n\t\t\t\t\t<div class=\"e-gallery-image elementor-gallery-item__image\" data-thumbnail=\"https:\/\/isr.edu.ar\/isr27\/wp-content\/uploads\/2024\/10\/med_l.jpg\" data-width=\"600\" data-height=\"600\" aria-label=\"\" role=\"img\" ><\/div>\n\t\t\t\t\t\t\t\t\t\t\t<div class=\"elementor-gallery-item__overlay\"><\/div>\n\t\t\t\t\t\t\t\t\t\t\t\t\t\t<\/a>\n\t\t\t\t\t\t\t<a class=\"e-gallery-item elementor-gallery-item elementor-animated-content\" href=\"https:\/\/isr.edu.ar\/isr27\/wp-content\/uploads\/2024\/10\/med_k.jpg\">\n\t\t\t\t\t<div class=\"e-gallery-image elementor-gallery-item__image\" data-thumbnail=\"https:\/\/isr.edu.ar\/isr27\/wp-content\/uploads\/2024\/10\/med_k.jpg\" data-width=\"600\" data-height=\"600\" aria-label=\"\" role=\"img\" ><\/div>\n\t\t\t\t\t\t\t\t\t\t\t<div class=\"elementor-gallery-item__overlay\"><\/div>\n\t\t\t\t\t\t\t\t\t\t\t\t\t\t<\/a>\n\t\t\t\t\t\t\t<a class=\"e-gallery-item elementor-gallery-item elementor-animated-content\" href=\"https:\/\/isr.edu.ar\/isr27\/wp-content\/uploads\/2024\/10\/med_m.jpg\">\n\t\t\t\t\t<div class=\"e-gallery-image elementor-gallery-item__image\" data-thumbnail=\"https:\/\/isr.edu.ar\/isr27\/wp-content\/uploads\/2024\/10\/med_m.jpg\" data-width=\"600\" data-height=\"600\" aria-label=\"\" role=\"img\" ><\/div>\n\t\t\t\t\t\t\t\t\t\t\t<div class=\"elementor-gallery-item__overlay\"><\/div>\n\t\t\t\t\t\t\t\t\t\t\t\t\t\t<\/a>\n\t\t\t\t\t<\/div>\n\t\t\t\t\t<\/div>\n\t\t\t\t<\/div>\n\t\t\t\t<\/div>\n\t\t\t\t<\/div>\n\t\t","protected":false},"excerpt":{"rendered":"<p>NIVELES Nivel Medio Buscamos la formaci\u00f3n de j\u00f3venes con las competencias necesarias para insertarse en el mundo del trabajo y los estudios superiores. Que puedan dar sentido a sus vidas y contribuir al bien com\u00fan dentro de su contexto, su sociedad y su planeta. Proponemos una educaci\u00f3n acad\u00e9mica integral, reconociendo la singularidad de cada alumno [&hellip;]<\/p>\n","protected":false},"author":2,"featured_media":0,"parent":0,"menu_order":0,"comment_status":"closed","ping_status":"closed","template":"","meta":{"footnotes":""},"class_list":["post-83","page","type-page","status-publish","hentry"],"_links":{"self":[{"href":"https:\/\/isr.edu.ar\/isr27\/wp-json\/wp\/v2\/pages\/83","targetHints":{"allow":["GET"]}}],"collection":[{"href":"https:\/\/isr.edu.ar\/isr27\/wp-json\/wp\/v2\/pages"}],"about":[{"href":"https:\/\/isr.edu.ar\/isr27\/wp-json\/wp\/v2\/types\/page"}],"author":[{"embeddable":true,"href":"https:\/\/isr.edu.ar\/isr27\/wp-json\/wp\/v2\/users\/2"}],"replies":[{"embeddable":true,"href":"https:\/\/isr.edu.ar\/isr27\/wp-json\/wp\/v2\/comments?post=83"}],"version-history":[{"count":54,"href":"https:\/\/isr.edu.ar\/isr27\/wp-json\/wp\/v2\/pages\/83\/revisions"}],"predecessor-version":[{"id":4233,"href":"https:\/\/isr.edu.ar\/isr27\/wp-json\/wp\/v2\/pages\/83\/revisions\/4233"}],"wp:attachment":[{"href":"https:\/\/isr.edu.ar\/isr27\/wp-json\/wp\/v2\/media?parent=83"}],"curies":[{"name":"wp","href":"https:\/\/api.w.org\/{rel}","templated":true}]}}