{"id":85,"date":"2024-07-09T12:57:36","date_gmt":"2024-07-09T12:57:36","guid":{"rendered":"https:\/\/isr.edu.ar\/isr27\/?page_id=85"},"modified":"2024-11-23T00:46:42","modified_gmt":"2024-11-23T00:46:42","slug":"niveles-educativos","status":"publish","type":"page","link":"https:\/\/isr.edu.ar\/isr27\/niveles-educativos\/","title":{"rendered":"Niveles"},"content":{"rendered":"\t\t<div data-elementor-type=\"wp-page\" data-elementor-id=\"85\" class=\"elementor elementor-85\" data-elementor-post-type=\"page\">\n\t\t\t\t<div class=\"elementor-element elementor-element-24f40f4 e-flex e-con-boxed e-con e-parent\" data-id=\"24f40f4\" data-element_type=\"container\">\n\t\t\t\t\t<div class=\"e-con-inner\">\n\t\t<div class=\"elementor-element elementor-element-1007d07 e-con-full e-flex e-con e-child\" data-id=\"1007d07\" data-element_type=\"container\">\n\t\t\t\t<div class=\"elementor-element elementor-element-101e3bb elementor-widget elementor-widget-heading\" data-id=\"101e3bb\" data-element_type=\"widget\" data-widget_type=\"heading.default\">\n\t\t\t\t<div class=\"elementor-widget-container\">\n\t\t\t\t\t<h2 class=\"elementor-heading-title elementor-size-default\">NIVELES <\/h2>\t\t\t\t<\/div>\n\t\t\t\t<\/div>\n\t\t\t\t<\/div>\n\t\t\t\t\t<\/div>\n\t\t\t\t<\/div>\n\t\t<div class=\"elementor-element elementor-element-15bbdeb e-flex e-con-boxed e-con e-parent\" data-id=\"15bbdeb\" data-element_type=\"container\">\n\t\t\t\t\t<div class=\"e-con-inner\">\n\t\t<div class=\"elementor-element elementor-element-d335e93 e-con-full e-flex e-con e-child\" data-id=\"d335e93\" data-element_type=\"container\">\n\t\t\t\t<div class=\"elementor-element elementor-element-612b2d2 elementor-widget elementor-widget-heading\" data-id=\"612b2d2\" data-element_type=\"widget\" data-widget_type=\"heading.default\">\n\t\t\t\t<div class=\"elementor-widget-container\">\n\t\t\t\t\t<h2 class=\"elementor-heading-title elementor-size-default\">Niveles Educativos<\/h2>\t\t\t\t<\/div>\n\t\t\t\t<\/div>\n\t\t\t\t<\/div>\n\t\t\t\t\t<\/div>\n\t\t\t\t<\/div>\n\t\t<div class=\"elementor-element elementor-element-27da4bc9 e-flex e-con-boxed e-con e-parent\" data-id=\"27da4bc9\" data-element_type=\"container\">\n\t\t\t\t\t<div class=\"e-con-inner\">\n\t\t<div class=\"elementor-element elementor-element-4b9d7ac7 e-con-full e-flex e-con e-child\" data-id=\"4b9d7ac7\" data-element_type=\"container\">\n\t\t<div class=\"elementor-element elementor-element-410da791 e-con-full e-flex e-con e-child\" data-id=\"410da791\" data-element_type=\"container\">\n\t\t\t\t<div class=\"elementor-element elementor-element-264f215f elementor-widget elementor-widget-text-editor\" data-id=\"264f215f\" data-element_type=\"widget\" data-widget_type=\"text-editor.default\">\n\t\t\t\t<div class=\"elementor-widget-container\">\n\t\t\t\t\t\t\t\t\t<p>Nuestro instituto esta organizado para realizar su tarea educativa en los niveles: <strong>Inicial<\/strong> (a partir de un a\u00f1o con la incorporaci\u00f3n del <strong>Jard\u00edn Maternal<\/strong> desde el a\u00f1o 2023) , <strong>Primario<\/strong> y <strong>Medio<\/strong>.<\/p><p>En el nivel Medio pueden optar entre tres orientaciones para obtener el t\u00edtulo de:<\/p><p><a href=\"https:\/\/isr.edu.ar\/isr27\/wp-content\/uploads\/2024\/09\/RIGHT_25X20.jpg\"><img decoding=\"async\" class=\"alignnone wp-image-1884\" src=\"https:\/\/isr.edu.ar\/isr27\/wp-content\/uploads\/2024\/09\/RIGHT_25X20.jpg\" alt=\"\" width=\"20\" height=\"18\" \/><\/a><strong>Bachiller en Econom\u00eda y Administraci\u00f3n.<\/strong><\/p><p><a href=\"https:\/\/isr.edu.ar\/isr27\/wp-content\/uploads\/2024\/09\/RIGHT_25X20.jpg\"><img decoding=\"async\" class=\"alignnone wp-image-1884\" src=\"https:\/\/isr.edu.ar\/isr27\/wp-content\/uploads\/2024\/09\/RIGHT_25X20.jpg\" alt=\"\" width=\"20\" height=\"18\" \/><\/a><strong>Bachiller en Ciencias Naturales.<\/strong><\/p><p><a href=\"https:\/\/isr.edu.ar\/isr27\/wp-content\/uploads\/2024\/09\/RIGHT_25X20.jpg\"><img decoding=\"async\" class=\"alignnone wp-image-1884\" src=\"https:\/\/isr.edu.ar\/isr27\/wp-content\/uploads\/2024\/09\/RIGHT_25X20.jpg\" alt=\"\" width=\"20\" height=\"18\" \/><\/a><strong>Bachiller en Ciencias Sociales y Humanidades.<\/strong><\/p>\t\t\t\t\t\t\t\t<\/div>\n\t\t\t\t<\/div>\n\t\t\t\t<\/div>\n\t\t<div class=\"elementor-element elementor-element-a39d18d e-con-full e-flex e-con e-child\" data-id=\"a39d18d\" data-element_type=\"container\">\n\t\t\t\t<div class=\"elementor-element elementor-element-77fc4d2f elementor-widget elementor-widget-image\" data-id=\"77fc4d2f\" data-element_type=\"widget\" data-widget_type=\"image.default\">\n\t\t\t\t<div class=\"elementor-widget-container\">\n\t\t\t\t\t\t\t\t\t\t\t\t\t\t\t<img decoding=\"async\" src=\"https:\/\/isr.edu.ar\/isr27\/wp-content\/uploads\/elementor\/thumbs\/niveles-1-qv96g5c6bm8nh53pvnct3if9ktcxaiqobpuav6c1l6.jpg\" title=\"niveles 1\" alt=\"niveles 1\" loading=\"lazy\" \/>\t\t\t\t\t\t\t\t\t\t\t\t\t\t\t<\/div>\n\t\t\t\t<\/div>\n\t\t\t\t<\/div>\n\t\t\t\t<\/div>\n\t\t\t\t\t<\/div>\n\t\t\t\t<\/div>\n\t\t\t\t<\/div>\n\t\t","protected":false},"excerpt":{"rendered":"<p>NIVELES Niveles Educativos Nuestro instituto esta organizado para realizar su tarea educativa en los niveles: Inicial (a partir de un a\u00f1o con la incorporaci\u00f3n del Jard\u00edn Maternal desde el a\u00f1o 2023) , Primario y Medio. En el nivel Medio pueden optar entre tres orientaciones para obtener el t\u00edtulo de: Bachiller en Econom\u00eda y Administraci\u00f3n. Bachiller [&hellip;]<\/p>\n","protected":false},"author":2,"featured_media":0,"parent":0,"menu_order":0,"comment_status":"closed","ping_status":"closed","template":"","meta":{"footnotes":""},"class_list":["post-85","page","type-page","status-publish","hentry"],"_links":{"self":[{"href":"https:\/\/isr.edu.ar\/isr27\/wp-json\/wp\/v2\/pages\/85","targetHints":{"allow":["GET"]}}],"collection":[{"href":"https:\/\/isr.edu.ar\/isr27\/wp-json\/wp\/v2\/pages"}],"about":[{"href":"https:\/\/isr.edu.ar\/isr27\/wp-json\/wp\/v2\/types\/page"}],"author":[{"embeddable":true,"href":"https:\/\/isr.edu.ar\/isr27\/wp-json\/wp\/v2\/users\/2"}],"replies":[{"embeddable":true,"href":"https:\/\/isr.edu.ar\/isr27\/wp-json\/wp\/v2\/comments?post=85"}],"version-history":[{"count":20,"href":"https:\/\/isr.edu.ar\/isr27\/wp-json\/wp\/v2\/pages\/85\/revisions"}],"predecessor-version":[{"id":4917,"href":"https:\/\/isr.edu.ar\/isr27\/wp-json\/wp\/v2\/pages\/85\/revisions\/4917"}],"wp:attachment":[{"href":"https:\/\/isr.edu.ar\/isr27\/wp-json\/wp\/v2\/media?parent=85"}],"curies":[{"name":"wp","href":"https:\/\/api.w.org\/{rel}","templated":true}]}}