{"id":97,"date":"2024-07-09T12:59:42","date_gmt":"2024-07-09T12:59:42","guid":{"rendered":"https:\/\/isr.edu.ar\/isr27\/?page_id=97"},"modified":"2024-12-30T12:21:20","modified_gmt":"2024-12-30T12:21:20","slug":"programa-intercultural-asuncionista","status":"publish","type":"page","link":"https:\/\/isr.edu.ar\/isr27\/programa-intercultural-asuncionista\/","title":{"rendered":"Programa Intercultural Asuncionista"},"content":{"rendered":"\t\t<div data-elementor-type=\"wp-page\" data-elementor-id=\"97\" class=\"elementor elementor-97\" data-elementor-post-type=\"page\">\n\t\t\t\t<div class=\"elementor-element elementor-element-726c158 e-flex e-con-boxed e-con e-parent\" data-id=\"726c158\" data-element_type=\"container\">\n\t\t\t\t\t<div class=\"e-con-inner\">\n\t\t<div class=\"elementor-element elementor-element-337c382 e-con-full e-flex e-con e-child\" data-id=\"337c382\" data-element_type=\"container\">\n\t\t\t\t<div class=\"elementor-element elementor-element-0d931c9 elementor-widget elementor-widget-heading\" data-id=\"0d931c9\" data-element_type=\"widget\" data-widget_type=\"heading.default\">\n\t\t\t\t<div class=\"elementor-widget-container\">\n\t\t\t\t\t<h2 class=\"elementor-heading-title elementor-size-default\">Programa Intercultural Asuncionista<\/h2>\t\t\t\t<\/div>\n\t\t\t\t<\/div>\n\t\t\t\t<\/div>\n\t\t\t\t\t<\/div>\n\t\t\t\t<\/div>\n\t\t<div class=\"elementor-element elementor-element-e1f127d e-flex e-con-boxed e-con e-parent\" data-id=\"e1f127d\" data-element_type=\"container\">\n\t\t\t\t\t<div class=\"e-con-inner\">\n\t\t<div class=\"elementor-element elementor-element-9625005 e-con-full e-flex e-con e-child\" data-id=\"9625005\" data-element_type=\"container\">\n\t\t\t\t<div class=\"elementor-element elementor-element-e2326f2 elementor-widget elementor-widget-heading\" data-id=\"e2326f2\" data-element_type=\"widget\" data-widget_type=\"heading.default\">\n\t\t\t\t<div class=\"elementor-widget-container\">\n\t\t\t\t\t<h2 class=\"elementor-heading-title elementor-size-default\">areas complementarias<\/h2>\t\t\t\t<\/div>\n\t\t\t\t<\/div>\n\t\t\t\t<\/div>\n\t\t\t\t\t<\/div>\n\t\t\t\t<\/div>\n\t\t<div class=\"elementor-element elementor-element-425e1e9c e-flex e-con-boxed e-con e-parent\" data-id=\"425e1e9c\" data-element_type=\"container\">\n\t\t\t\t\t<div class=\"e-con-inner\">\n\t\t<div class=\"elementor-element elementor-element-7749a6fd e-con-full e-flex e-con e-child\" data-id=\"7749a6fd\" data-element_type=\"container\">\n\t\t<div class=\"elementor-element elementor-element-234a5a69 e-con-full e-flex e-con e-child\" data-id=\"234a5a69\" data-element_type=\"container\">\n\t\t\t\t<div class=\"elementor-element elementor-element-3f0923be elementor-widget elementor-widget-text-editor\" data-id=\"3f0923be\" data-element_type=\"widget\" data-widget_type=\"text-editor.default\">\n\t\t\t\t<div class=\"elementor-widget-container\">\n\t\t\t\t\t\t\t\t\t<p>El Instituto San Rom\u00e1n, en el contexto de profundizaci\u00f3n de la lengua\u00a0inglesa e integraci\u00f3n con otras comunidades de la misma Congregaci\u00f3n Religiosa,\u00a0organiza desde el a\u00f1o 2014, un viaje de estudios a nuestra casa hermana de altos\u00a0estudios Assumption University, sita en Massachusetts, EE.UU.<\/p><p><br \/>Con una duraci\u00f3n de un mes, los alumnos refuerzan y profundizan sus habilidades en\u00a0el idioma, adem\u00e1s de poner en pr\u00e1ctica su capacidad de organizaci\u00f3n, autonom\u00eda\u00a0y responsabilidad.<\/p>\t\t\t\t\t\t\t\t<\/div>\n\t\t\t\t<\/div>\n\t\t\t\t<\/div>\n\t\t<div class=\"elementor-element elementor-element-12ab892e e-con-full e-flex e-con e-child\" data-id=\"12ab892e\" data-element_type=\"container\">\n\t\t\t\t<div class=\"elementor-element elementor-element-5951d250 elementor-widget elementor-widget-image\" data-id=\"5951d250\" data-element_type=\"widget\" data-widget_type=\"image.default\">\n\t\t\t\t<div class=\"elementor-widget-container\">\n\t\t\t\t\t\t\t\t\t\t\t\t\t\t\t<img decoding=\"async\" src=\"https:\/\/isr.edu.ar\/isr27\/wp-content\/uploads\/elementor\/thumbs\/logo1-quxobku47pj6acmrgc5iimy0obstbmr4l5edyvf37u.jpg\" title=\"logo1\" alt=\"logo1\" loading=\"lazy\" \/>\t\t\t\t\t\t\t\t\t\t\t\t\t\t\t<\/div>\n\t\t\t\t<\/div>\n\t\t\t\t<\/div>\n\t\t\t\t<\/div>\n\t\t\t\t\t<\/div>\n\t\t\t\t<\/div>\n\t\t<div class=\"elementor-element elementor-element-5e8fd6c0 e-con-full e-flex e-con e-parent\" data-id=\"5e8fd6c0\" data-element_type=\"container\">\n\t\t\t\t<div class=\"elementor-element elementor-element-1af8259a elementor-widget elementor-widget-gallery\" data-id=\"1af8259a\" data-element_type=\"widget\" data-settings=\"{&quot;gap&quot;:{&quot;unit&quot;:&quot;px&quot;,&quot;size&quot;:0,&quot;sizes&quot;:[]},&quot;aspect_ratio&quot;:&quot;1:1&quot;,&quot;lazyload&quot;:&quot;yes&quot;,&quot;gallery_layout&quot;:&quot;grid&quot;,&quot;columns&quot;:4,&quot;columns_tablet&quot;:2,&quot;columns_mobile&quot;:1,&quot;gap_tablet&quot;:{&quot;unit&quot;:&quot;px&quot;,&quot;size&quot;:10,&quot;sizes&quot;:[]},&quot;gap_mobile&quot;:{&quot;unit&quot;:&quot;px&quot;,&quot;size&quot;:10,&quot;sizes&quot;:[]},&quot;link_to&quot;:&quot;file&quot;,&quot;overlay_background&quot;:&quot;yes&quot;,&quot;content_hover_animation&quot;:&quot;fade-in&quot;}\" data-widget_type=\"gallery.default\">\n\t\t\t\t<div class=\"elementor-widget-container\">\n\t\t\t\t\t\t\t<div class=\"elementor-gallery__container\">\n\t\t\t\t\t\t\t<a class=\"e-gallery-item elementor-gallery-item elementor-animated-content\" href=\"https:\/\/isr.edu.ar\/isr27\/wp-content\/uploads\/2024\/10\/IA-9-scaled.jpg\">\n\t\t\t\t\t<div class=\"e-gallery-image elementor-gallery-item__image\" data-thumbnail=\"https:\/\/isr.edu.ar\/isr27\/wp-content\/uploads\/2024\/10\/IA-9-scaled.jpg\" data-width=\"2560\" data-height=\"1920\" aria-label=\"\" role=\"img\" ><\/div>\n\t\t\t\t\t\t\t\t\t\t\t<div class=\"elementor-gallery-item__overlay\"><\/div>\n\t\t\t\t\t\t\t\t\t\t\t\t\t\t<\/a>\n\t\t\t\t\t\t\t<a class=\"e-gallery-item elementor-gallery-item elementor-animated-content\" href=\"https:\/\/isr.edu.ar\/isr27\/wp-content\/uploads\/2024\/10\/IA-12-scaled.jpg\">\n\t\t\t\t\t<div class=\"e-gallery-image elementor-gallery-item__image\" data-thumbnail=\"https:\/\/isr.edu.ar\/isr27\/wp-content\/uploads\/2024\/10\/IA-12-scaled.jpg\" data-width=\"2560\" data-height=\"1920\" aria-label=\"\" role=\"img\" ><\/div>\n\t\t\t\t\t\t\t\t\t\t\t<div class=\"elementor-gallery-item__overlay\"><\/div>\n\t\t\t\t\t\t\t\t\t\t\t\t\t\t<\/a>\n\t\t\t\t\t\t\t<a class=\"e-gallery-item elementor-gallery-item elementor-animated-content\" href=\"https:\/\/isr.edu.ar\/isr27\/wp-content\/uploads\/2024\/10\/IA-6.jpg\">\n\t\t\t\t\t<div class=\"e-gallery-image elementor-gallery-item__image\" data-thumbnail=\"https:\/\/isr.edu.ar\/isr27\/wp-content\/uploads\/2024\/10\/IA-6.jpg\" data-width=\"600\" data-height=\"450\" aria-label=\"\" role=\"img\" ><\/div>\n\t\t\t\t\t\t\t\t\t\t\t<div class=\"elementor-gallery-item__overlay\"><\/div>\n\t\t\t\t\t\t\t\t\t\t\t\t\t\t<\/a>\n\t\t\t\t\t\t\t<a class=\"e-gallery-item elementor-gallery-item elementor-animated-content\" href=\"https:\/\/isr.edu.ar\/isr27\/wp-content\/uploads\/2024\/10\/IA-5.jpg\">\n\t\t\t\t\t<div class=\"e-gallery-image elementor-gallery-item__image\" data-thumbnail=\"https:\/\/isr.edu.ar\/isr27\/wp-content\/uploads\/2024\/10\/IA-5.jpg\" data-width=\"600\" data-height=\"450\" aria-label=\"\" role=\"img\" ><\/div>\n\t\t\t\t\t\t\t\t\t\t\t<div class=\"elementor-gallery-item__overlay\"><\/div>\n\t\t\t\t\t\t\t\t\t\t\t\t\t\t<\/a>\n\t\t\t\t\t\t\t<a class=\"e-gallery-item elementor-gallery-item elementor-animated-content\" href=\"https:\/\/isr.edu.ar\/isr27\/wp-content\/uploads\/2024\/10\/1A-11.jpg\">\n\t\t\t\t\t<div class=\"e-gallery-image elementor-gallery-item__image\" data-thumbnail=\"https:\/\/isr.edu.ar\/isr27\/wp-content\/uploads\/2024\/10\/1A-11.jpg\" data-width=\"600\" data-height=\"450\" aria-label=\"\" role=\"img\" ><\/div>\n\t\t\t\t\t\t\t\t\t\t\t<div class=\"elementor-gallery-item__overlay\"><\/div>\n\t\t\t\t\t\t\t\t\t\t\t\t\t\t<\/a>\n\t\t\t\t\t\t\t<a class=\"e-gallery-item elementor-gallery-item elementor-animated-content\" href=\"https:\/\/isr.edu.ar\/isr27\/wp-content\/uploads\/2024\/10\/IA-1.jpg\">\n\t\t\t\t\t<div class=\"e-gallery-image elementor-gallery-item__image\" data-thumbnail=\"https:\/\/isr.edu.ar\/isr27\/wp-content\/uploads\/2024\/10\/IA-1.jpg\" data-width=\"600\" data-height=\"450\" aria-label=\"\" role=\"img\" ><\/div>\n\t\t\t\t\t\t\t\t\t\t\t<div class=\"elementor-gallery-item__overlay\"><\/div>\n\t\t\t\t\t\t\t\t\t\t\t\t\t\t<\/a>\n\t\t\t\t\t\t\t<a class=\"e-gallery-item elementor-gallery-item elementor-animated-content\" href=\"https:\/\/isr.edu.ar\/isr27\/wp-content\/uploads\/2024\/10\/IA-2.jpg\">\n\t\t\t\t\t<div class=\"e-gallery-image elementor-gallery-item__image\" data-thumbnail=\"https:\/\/isr.edu.ar\/isr27\/wp-content\/uploads\/2024\/10\/IA-2.jpg\" data-width=\"600\" data-height=\"450\" aria-label=\"\" role=\"img\" ><\/div>\n\t\t\t\t\t\t\t\t\t\t\t<div class=\"elementor-gallery-item__overlay\"><\/div>\n\t\t\t\t\t\t\t\t\t\t\t\t\t\t<\/a>\n\t\t\t\t\t\t\t<a class=\"e-gallery-item elementor-gallery-item elementor-animated-content\" href=\"https:\/\/isr.edu.ar\/isr27\/wp-content\/uploads\/2024\/10\/IA-10-scaled.jpg\">\n\t\t\t\t\t<div class=\"e-gallery-image elementor-gallery-item__image\" data-thumbnail=\"https:\/\/isr.edu.ar\/isr27\/wp-content\/uploads\/2024\/10\/IA-10-scaled.jpg\" data-width=\"2560\" data-height=\"1920\" aria-label=\"\" role=\"img\" ><\/div>\n\t\t\t\t\t\t\t\t\t\t\t<div class=\"elementor-gallery-item__overlay\"><\/div>\n\t\t\t\t\t\t\t\t\t\t\t\t\t\t<\/a>\n\t\t\t\t\t\t\t<a class=\"e-gallery-item elementor-gallery-item elementor-animated-content\" href=\"https:\/\/isr.edu.ar\/isr27\/wp-content\/uploads\/2024\/10\/IA-7.jpg\">\n\t\t\t\t\t<div class=\"e-gallery-image elementor-gallery-item__image\" data-thumbnail=\"https:\/\/isr.edu.ar\/isr27\/wp-content\/uploads\/2024\/10\/IA-7.jpg\" data-width=\"600\" data-height=\"450\" aria-label=\"\" role=\"img\" ><\/div>\n\t\t\t\t\t\t\t\t\t\t\t<div class=\"elementor-gallery-item__overlay\"><\/div>\n\t\t\t\t\t\t\t\t\t\t\t\t\t\t<\/a>\n\t\t\t\t\t\t\t<a class=\"e-gallery-item elementor-gallery-item elementor-animated-content\" href=\"https:\/\/isr.edu.ar\/isr27\/wp-content\/uploads\/2024\/10\/12-1.jpg\">\n\t\t\t\t\t<div class=\"e-gallery-image elementor-gallery-item__image\" data-thumbnail=\"https:\/\/isr.edu.ar\/isr27\/wp-content\/uploads\/2024\/10\/12-1.jpg\" data-width=\"682\" data-height=\"682\" aria-label=\"\" role=\"img\" ><\/div>\n\t\t\t\t\t\t\t\t\t\t\t<div class=\"elementor-gallery-item__overlay\"><\/div>\n\t\t\t\t\t\t\t\t\t\t\t\t\t\t<\/a>\n\t\t\t\t\t\t\t<a class=\"e-gallery-item elementor-gallery-item elementor-animated-content\" href=\"https:\/\/isr.edu.ar\/isr27\/wp-content\/uploads\/2024\/10\/IA-3.jpg\">\n\t\t\t\t\t<div class=\"e-gallery-image elementor-gallery-item__image\" data-thumbnail=\"https:\/\/isr.edu.ar\/isr27\/wp-content\/uploads\/2024\/10\/IA-3.jpg\" data-width=\"600\" data-height=\"450\" aria-label=\"\" role=\"img\" ><\/div>\n\t\t\t\t\t\t\t\t\t\t\t<div class=\"elementor-gallery-item__overlay\"><\/div>\n\t\t\t\t\t\t\t\t\t\t\t\t\t\t<\/a>\n\t\t\t\t\t\t\t<a class=\"e-gallery-item elementor-gallery-item elementor-animated-content\" href=\"https:\/\/isr.edu.ar\/isr27\/wp-content\/uploads\/2024\/10\/IA-4.jpg\">\n\t\t\t\t\t<div class=\"e-gallery-image elementor-gallery-item__image\" data-thumbnail=\"https:\/\/isr.edu.ar\/isr27\/wp-content\/uploads\/2024\/10\/IA-4.jpg\" data-width=\"600\" data-height=\"450\" aria-label=\"\" role=\"img\" ><\/div>\n\t\t\t\t\t\t\t\t\t\t\t<div class=\"elementor-gallery-item__overlay\"><\/div>\n\t\t\t\t\t\t\t\t\t\t\t\t\t\t<\/a>\n\t\t\t\t\t<\/div>\n\t\t\t\t\t<\/div>\n\t\t\t\t<\/div>\n\t\t\t\t<\/div>\n\t\t\t\t<\/div>\n\t\t","protected":false},"excerpt":{"rendered":"<p>Programa Intercultural Asuncionista areas complementarias El Instituto San Rom\u00e1n, en el contexto de profundizaci\u00f3n de la lengua\u00a0inglesa e integraci\u00f3n con otras comunidades de la misma Congregaci\u00f3n Religiosa,\u00a0organiza desde el a\u00f1o 2014, un viaje de estudios a nuestra casa hermana de altos\u00a0estudios Assumption University, sita en Massachusetts, EE.UU. Con una duraci\u00f3n de un mes, los alumnos [&hellip;]<\/p>\n","protected":false},"author":2,"featured_media":0,"parent":0,"menu_order":0,"comment_status":"closed","ping_status":"closed","template":"","meta":{"footnotes":""},"class_list":["post-97","page","type-page","status-publish","hentry"],"_links":{"self":[{"href":"https:\/\/isr.edu.ar\/isr27\/wp-json\/wp\/v2\/pages\/97","targetHints":{"allow":["GET"]}}],"collection":[{"href":"https:\/\/isr.edu.ar\/isr27\/wp-json\/wp\/v2\/pages"}],"about":[{"href":"https:\/\/isr.edu.ar\/isr27\/wp-json\/wp\/v2\/types\/page"}],"author":[{"embeddable":true,"href":"https:\/\/isr.edu.ar\/isr27\/wp-json\/wp\/v2\/users\/2"}],"replies":[{"embeddable":true,"href":"https:\/\/isr.edu.ar\/isr27\/wp-json\/wp\/v2\/comments?post=97"}],"version-history":[{"count":22,"href":"https:\/\/isr.edu.ar\/isr27\/wp-json\/wp\/v2\/pages\/97\/revisions"}],"predecessor-version":[{"id":5709,"href":"https:\/\/isr.edu.ar\/isr27\/wp-json\/wp\/v2\/pages\/97\/revisions\/5709"}],"wp:attachment":[{"href":"https:\/\/isr.edu.ar\/isr27\/wp-json\/wp\/v2\/media?parent=97"}],"curies":[{"name":"wp","href":"https:\/\/api.w.org\/{rel}","templated":true}]}}