{"id":99,"date":"2024-07-09T13:00:20","date_gmt":"2024-07-09T13:00:20","guid":{"rendered":"https:\/\/isr.edu.ar\/isr27\/?page_id=99"},"modified":"2024-12-30T12:17:11","modified_gmt":"2024-12-30T12:17:11","slug":"psicopedagogia","status":"publish","type":"page","link":"https:\/\/isr.edu.ar\/isr27\/psicopedagogia\/","title":{"rendered":"Psicopedagog\u00eda"},"content":{"rendered":"\t\t<div data-elementor-type=\"wp-page\" data-elementor-id=\"99\" class=\"elementor elementor-99\" data-elementor-post-type=\"page\">\n\t\t\t\t<div class=\"elementor-element elementor-element-0a19280 e-flex e-con-boxed e-con e-parent\" data-id=\"0a19280\" data-element_type=\"container\">\n\t\t\t\t\t<div class=\"e-con-inner\">\n\t\t<div class=\"elementor-element elementor-element-24b0d9c e-con-full e-flex e-con e-child\" data-id=\"24b0d9c\" data-element_type=\"container\">\n\t\t\t\t<div class=\"elementor-element elementor-element-2597e61 elementor-widget elementor-widget-heading\" data-id=\"2597e61\" data-element_type=\"widget\" data-widget_type=\"heading.default\">\n\t\t\t\t<div class=\"elementor-widget-container\">\n\t\t\t\t\t<h2 class=\"elementor-heading-title elementor-size-default\">areas complementarias<\/h2>\t\t\t\t<\/div>\n\t\t\t\t<\/div>\n\t\t\t\t<\/div>\n\t\t\t\t\t<\/div>\n\t\t\t\t<\/div>\n\t\t<div class=\"elementor-element elementor-element-27ed416 e-flex e-con-boxed e-con e-parent\" data-id=\"27ed416\" data-element_type=\"container\">\n\t\t\t\t\t<div class=\"e-con-inner\">\n\t\t<div class=\"elementor-element elementor-element-d1ab7d9 e-con-full e-flex e-con e-child\" data-id=\"d1ab7d9\" data-element_type=\"container\">\n\t\t\t\t<div class=\"elementor-element elementor-element-c0a7426 elementor-widget elementor-widget-heading\" data-id=\"c0a7426\" data-element_type=\"widget\" data-widget_type=\"heading.default\">\n\t\t\t\t<div class=\"elementor-widget-container\">\n\t\t\t\t\t<h2 class=\"elementor-heading-title elementor-size-default\">Psicopedagog\u00eda<\/h2>\t\t\t\t<\/div>\n\t\t\t\t<\/div>\n\t\t\t\t<\/div>\n\t\t\t\t\t<\/div>\n\t\t\t\t<\/div>\n\t\t<div class=\"elementor-element elementor-element-5f662c14 e-flex e-con-boxed e-con e-parent\" data-id=\"5f662c14\" data-element_type=\"container\">\n\t\t\t\t\t<div class=\"e-con-inner\">\n\t\t<div class=\"elementor-element elementor-element-50ad4644 e-con-full e-flex e-con e-child\" data-id=\"50ad4644\" data-element_type=\"container\">\n\t\t<div class=\"elementor-element elementor-element-61600cc8 e-con-full e-flex e-con e-child\" data-id=\"61600cc8\" data-element_type=\"container\">\n\t\t\t\t<div class=\"elementor-element elementor-element-1d15bdca elementor-widget elementor-widget-text-editor\" data-id=\"1d15bdca\" data-element_type=\"widget\" data-widget_type=\"text-editor.default\">\n\t\t\t\t<div class=\"elementor-widget-container\">\n\t\t\t\t\t\t\t\t\t<p>El departamento de psicopedagog\u00eda tiene como objetivo acompa\u00f1ar a los alumnos en sus distintas etapas evolutivas, atendiendo tanto cuestiones individuales que tengan que ver con el aprendizaje o lo vincular, como as\u00ed tambi\u00e9n cuestiones grupales. Fomentamos el trabajo en equipo, escuela-familia-profesionales ya que entendemos que es la manera m\u00e1s eficiente de acompa\u00f1ar a nuestros alumnos.<\/p><p>Adem\u00e1s, desde este espacio se orienta, acompa\u00f1a y asesora tanto a los docentes como a las familias para ayudar a los alumnos a encontrar espacios y experiencias que permitan aprendizajes positivos.<\/p><p><a href=\"https:\/\/isr.edu.ar\/isr27\/wp-content\/uploads\/2024\/09\/RIGHT_25X20.jpg\"><img decoding=\"async\" class=\"alignnone wp-image-1884\" src=\"https:\/\/isr.edu.ar\/isr27\/wp-content\/uploads\/2024\/09\/RIGHT_25X20.jpg\" alt=\"\" width=\"19\" height=\"17\" \/><\/a>Participamos en el proceso de ingreso a la instituci\u00f3n.<\/p><p><a href=\"https:\/\/isr.edu.ar\/isr27\/wp-content\/uploads\/2024\/09\/RIGHT_25X20.jpg\"><img decoding=\"async\" class=\"alignnone wp-image-1884\" src=\"https:\/\/isr.edu.ar\/isr27\/wp-content\/uploads\/2024\/09\/RIGHT_25X20.jpg\" alt=\"\" width=\"19\" height=\"17\" \/><\/a>Intervenimos en los procesos de articulaci\u00f3n entre niveles: maternal &#8211; inicial \u2013 primaria &#8211; medio.<\/p><p><a href=\"https:\/\/isr.edu.ar\/isr27\/wp-content\/uploads\/2024\/09\/RIGHT_25X20.jpg\"><img decoding=\"async\" class=\"alignnone wp-image-1884\" src=\"https:\/\/isr.edu.ar\/isr27\/wp-content\/uploads\/2024\/09\/RIGHT_25X20.jpg\" alt=\"\" width=\"19\" height=\"17\" \/><\/a>Acompa\u00f1amos el proceso de orientaci\u00f3n social, vocacional y ocupacional en 4\u00b0 y 5\u00b0 a\u00f1o del nivel medio.<\/p><p><a href=\"https:\/\/isr.edu.ar\/isr27\/wp-content\/uploads\/2024\/09\/RIGHT_25X20.jpg\"><img decoding=\"async\" class=\"alignnone wp-image-1884\" src=\"https:\/\/isr.edu.ar\/isr27\/wp-content\/uploads\/2024\/09\/RIGHT_25X20.jpg\" alt=\"\" width=\"19\" height=\"17\" \/><\/a>Realizamos entrevistas de orientaci\u00f3n a padres.<\/p><p><a href=\"https:\/\/isr.edu.ar\/isr27\/wp-content\/uploads\/2024\/09\/RIGHT_25X20.jpg\"><img decoding=\"async\" class=\"alignnone wp-image-1884\" src=\"https:\/\/isr.edu.ar\/isr27\/wp-content\/uploads\/2024\/09\/RIGHT_25X20.jpg\" alt=\"\" width=\"19\" height=\"17\" \/><\/a>Proponemos y realizamos talleres de capacitaci\u00f3n docente.<\/p>\t\t\t\t\t\t\t\t<\/div>\n\t\t\t\t<\/div>\n\t\t\t\t<\/div>\n\t\t<div class=\"elementor-element elementor-element-25f3337e e-con-full e-flex e-con e-child\" data-id=\"25f3337e\" data-element_type=\"container\">\n\t\t\t\t<div class=\"elementor-element elementor-element-524ca4d6 elementor-widget elementor-widget-image\" data-id=\"524ca4d6\" data-element_type=\"widget\" data-widget_type=\"image.default\">\n\t\t\t\t<div class=\"elementor-widget-container\">\n\t\t\t\t\t\t\t\t\t\t\t\t\t\t\t<img decoding=\"async\" src=\"https:\/\/isr.edu.ar\/isr27\/wp-content\/uploads\/elementor\/thumbs\/pp-0-quxn90ihteqnyandn61jpva7a7voionky9u856lki2.jpg\" title=\"pp 0\" alt=\"pp 0\" loading=\"lazy\" \/>\t\t\t\t\t\t\t\t\t\t\t\t\t\t\t<\/div>\n\t\t\t\t<\/div>\n\t\t\t\t<\/div>\n\t\t\t\t<\/div>\n\t\t\t\t\t<\/div>\n\t\t\t\t<\/div>\n\t\t<div class=\"elementor-element elementor-element-1121d15 e-con-full e-flex e-con e-parent\" data-id=\"1121d15\" data-element_type=\"container\">\n\t\t\t\t<div class=\"elementor-element elementor-element-315f5c3a elementor-widget elementor-widget-gallery\" data-id=\"315f5c3a\" data-element_type=\"widget\" data-settings=\"{&quot;gap&quot;:{&quot;unit&quot;:&quot;px&quot;,&quot;size&quot;:0,&quot;sizes&quot;:[]},&quot;aspect_ratio&quot;:&quot;1:1&quot;,&quot;lazyload&quot;:&quot;yes&quot;,&quot;gallery_layout&quot;:&quot;grid&quot;,&quot;columns&quot;:4,&quot;columns_tablet&quot;:2,&quot;columns_mobile&quot;:1,&quot;gap_tablet&quot;:{&quot;unit&quot;:&quot;px&quot;,&quot;size&quot;:10,&quot;sizes&quot;:[]},&quot;gap_mobile&quot;:{&quot;unit&quot;:&quot;px&quot;,&quot;size&quot;:10,&quot;sizes&quot;:[]},&quot;link_to&quot;:&quot;file&quot;,&quot;overlay_background&quot;:&quot;yes&quot;,&quot;content_hover_animation&quot;:&quot;fade-in&quot;}\" data-widget_type=\"gallery.default\">\n\t\t\t\t<div class=\"elementor-widget-container\">\n\t\t\t\t\t\t\t<div class=\"elementor-gallery__container\">\n\t\t\t\t\t\t\t<a class=\"e-gallery-item elementor-gallery-item elementor-animated-content\" href=\"https:\/\/isr.edu.ar\/isr27\/wp-content\/uploads\/2024\/09\/PP-D.jpg\">\n\t\t\t\t\t<div class=\"e-gallery-image elementor-gallery-item__image\" data-thumbnail=\"https:\/\/isr.edu.ar\/isr27\/wp-content\/uploads\/2024\/09\/PP-D.jpg\" data-width=\"600\" data-height=\"600\" aria-label=\"\" role=\"img\" ><\/div>\n\t\t\t\t\t\t\t\t\t\t\t<div class=\"elementor-gallery-item__overlay\"><\/div>\n\t\t\t\t\t\t\t\t\t\t\t\t\t\t<\/a>\n\t\t\t\t\t\t\t<a class=\"e-gallery-item elementor-gallery-item elementor-animated-content\" href=\"https:\/\/isr.edu.ar\/isr27\/wp-content\/uploads\/2024\/09\/PP-C.jpg\">\n\t\t\t\t\t<div class=\"e-gallery-image elementor-gallery-item__image\" data-thumbnail=\"https:\/\/isr.edu.ar\/isr27\/wp-content\/uploads\/2024\/09\/PP-C.jpg\" data-width=\"600\" data-height=\"600\" aria-label=\"\" role=\"img\" ><\/div>\n\t\t\t\t\t\t\t\t\t\t\t<div class=\"elementor-gallery-item__overlay\"><\/div>\n\t\t\t\t\t\t\t\t\t\t\t\t\t\t<\/a>\n\t\t\t\t\t\t\t<a class=\"e-gallery-item elementor-gallery-item elementor-animated-content\" href=\"https:\/\/isr.edu.ar\/isr27\/wp-content\/uploads\/2024\/09\/PP-B.jpg\">\n\t\t\t\t\t<div class=\"e-gallery-image elementor-gallery-item__image\" data-thumbnail=\"https:\/\/isr.edu.ar\/isr27\/wp-content\/uploads\/2024\/09\/PP-B.jpg\" data-width=\"600\" data-height=\"600\" aria-label=\"\" role=\"img\" ><\/div>\n\t\t\t\t\t\t\t\t\t\t\t<div class=\"elementor-gallery-item__overlay\"><\/div>\n\t\t\t\t\t\t\t\t\t\t\t\t\t\t<\/a>\n\t\t\t\t\t\t\t<a class=\"e-gallery-item elementor-gallery-item elementor-animated-content\" href=\"https:\/\/isr.edu.ar\/isr27\/wp-content\/uploads\/2024\/09\/PP-A.jpg\">\n\t\t\t\t\t<div class=\"e-gallery-image elementor-gallery-item__image\" data-thumbnail=\"https:\/\/isr.edu.ar\/isr27\/wp-content\/uploads\/2024\/09\/PP-A.jpg\" data-width=\"600\" data-height=\"600\" aria-label=\"\" role=\"img\" ><\/div>\n\t\t\t\t\t\t\t\t\t\t\t<div class=\"elementor-gallery-item__overlay\"><\/div>\n\t\t\t\t\t\t\t\t\t\t\t\t\t\t<\/a>\n\t\t\t\t\t<\/div>\n\t\t\t\t\t<\/div>\n\t\t\t\t<\/div>\n\t\t\t\t<\/div>\n\t\t\t\t<\/div>\n\t\t","protected":false},"excerpt":{"rendered":"<p>areas complementarias Psicopedagog\u00eda El departamento de psicopedagog\u00eda tiene como objetivo acompa\u00f1ar a los alumnos en sus distintas etapas evolutivas, atendiendo tanto cuestiones individuales que tengan que ver con el aprendizaje o lo vincular, como as\u00ed tambi\u00e9n cuestiones grupales. Fomentamos el trabajo en equipo, escuela-familia-profesionales ya que entendemos que es la manera m\u00e1s eficiente de acompa\u00f1ar [&hellip;]<\/p>\n","protected":false},"author":2,"featured_media":0,"parent":0,"menu_order":0,"comment_status":"closed","ping_status":"closed","template":"","meta":{"footnotes":""},"class_list":["post-99","page","type-page","status-publish","hentry"],"_links":{"self":[{"href":"https:\/\/isr.edu.ar\/isr27\/wp-json\/wp\/v2\/pages\/99","targetHints":{"allow":["GET"]}}],"collection":[{"href":"https:\/\/isr.edu.ar\/isr27\/wp-json\/wp\/v2\/pages"}],"about":[{"href":"https:\/\/isr.edu.ar\/isr27\/wp-json\/wp\/v2\/types\/page"}],"author":[{"embeddable":true,"href":"https:\/\/isr.edu.ar\/isr27\/wp-json\/wp\/v2\/users\/2"}],"replies":[{"embeddable":true,"href":"https:\/\/isr.edu.ar\/isr27\/wp-json\/wp\/v2\/comments?post=99"}],"version-history":[{"count":28,"href":"https:\/\/isr.edu.ar\/isr27\/wp-json\/wp\/v2\/pages\/99\/revisions"}],"predecessor-version":[{"id":5703,"href":"https:\/\/isr.edu.ar\/isr27\/wp-json\/wp\/v2\/pages\/99\/revisions\/5703"}],"wp:attachment":[{"href":"https:\/\/isr.edu.ar\/isr27\/wp-json\/wp\/v2\/media?parent=99"}],"curies":[{"name":"wp","href":"https:\/\/api.w.org\/{rel}","templated":true}]}}